{"id":1350,"date":"2020-11-23T20:02:21","date_gmt":"2020-11-23T20:02:21","guid":{"rendered":"https:\/\/qpirgmcgill.org\/?page_id=1350"},"modified":"2025-12-15T16:13:56","modified_gmt":"2025-12-15T21:13:56","slug":"working-groups","status":"publish","type":"page","link":"https:\/\/qpirgmcgill.org\/fr\/working-groups\/","title":{"rendered":"\u00c0 propos des groupes de travail"},"content":{"rendered":"<h1 class=\"wp-block-heading\" id=\"about-working-groups\">\u00c0 propos des groupes de travail<\/h1>\n\n\n<p>Working Groups are autonomous organizations and collectives, made up of students and community members, who undertake action and research into issues at the core of QPIRG McGill\u2019s mandate.<\/p>\n\n\n\n<p>They organize throughout the year around a plethora of issues, including migrant justice, Indigenous solidarity, access to trans healthcare, and many more.<\/p>\n\n\n\n<p>Our working groups receive support (both financial and administrative) from QPIRG-McGill. All working groups are allocated a budget (for projects\/events they wish to pursue throughout the year) in September and will have access to the following:<\/p>\n\n\n\n<ul class=\"wp-block-list\">\n<li>Les ressources du bureau du GRIP (t\u00e9l\u00e9phone, photocopieuse, fax)<\/li>\n\n\n\n<li>Une biblioth\u00e8que de ressources radicales<\/li>\n\n\n\n<li>Des ordinateurs avec acc\u00e8s \u00e0 Internet<\/li>\n\n\n\n<li>Meeting spaces at the QPIRG library and office at 3516 Av du Parc (we regret that this space does not have a wheelchair accessible bathroom).<\/li>\n\n\n\n<li>L'aide du personnel et des membres du conseil d'administration du GRIP pour des choses telles que le soutien aux projets, la formation, la vision, la sensibilisation, etc.<\/li>\n\n\n\n<li>Le soutien promotionnel du GRIP, y compris des \u00e9crits dans le mat\u00e9riel promotionnel du GRIP, et une pr\u00e9sence sur le site web du GRIP<\/li>\n\n\n\n<li>De plus, les groupes de travail sont encourag\u00e9s \u00e0 co-organiser des \u00e9v\u00e9nements avec le GRIP-McGill au cours de l'ann\u00e9e. Tous les groupes de travail du GRIP sont initi\u00e9s par des b\u00e9n\u00e9voles, et doivent \u00eatre approuv\u00e9s par le conseil d'administration en septembre de chaque ann\u00e9e<\/li>\n<\/ul>\n\n\n\n<p>Finalement, le GRIP s'efforce de soutenir les groupes de travail qui s'engagent \u00e0 \u00eatre pr\u00e9sents sur le campus et hors campus. En tant qu'organisation \u00e9tudiante bas\u00e9e sur le campus, nous nous effor\u00e7ons d'aller au-del\u00e0 des portes de McGill pour soutenir et participer \u00e0 des luttes plus larges de justice sociale. Nous encourageons les candidatures pour des groupes de travail dont la port\u00e9e d\u00e9passe le milieu \u00e9tudiant.<\/p>\n\n\n<h2 class=\"wp-block-heading\" id=\"how-are-working-groups-selected\">How are Working Groups Selected?<\/h2>\n\n\n<p>Tous les groupes de travail - de retour et nouveaux - doivent se pr\u00e9senter au d\u00e9but de chaque ann\u00e9e.<\/p>\n\n\n\n<p>Le conseil d'administration du GRIP-McGill n'examinera que les demandes qui r\u00e9pondent au mandat du GRIP-McGill <a href=\"https:\/\/qpirgmcgill.org\/fr\/about-us\/our-mandate-new\/\">et effectuera<\/a> des s\u00e9lections sur la base des priorit\u00e9s suivantes, chaque point de priorit\u00e9 \u00e9tant compris comme \u00e9tant d'importance \u00e9gale \u00e0 un autre:<\/p>\n\n\n\n<ul class=\"wp-block-list\">\n<li>Groupes qui travaillent par consensus\/non hi\u00e9rarchiquement<\/li>\n\n\n\n<li>Les groupes qui s'organisent autour de questions de justice sociale et environnementale, en particulier sur les questions qui sont sous-repr\u00e9sent\u00e9es au sein du GRIP-McGill ou de l'Universit\u00e9 McGill<\/li>\n\n\n\n<li>Les groupes qui sont engag\u00e9s dans des luttes locales de base<\/li>\n\n\n\n<li>Les groupes dont le pouvoir est bas\u00e9 sur l'action collective<\/li>\n\n\n\n<li>Les groupes qui s'engagent \u00e0 d\u00e9velopper des pratiques anti-oppression permanentes<\/li>\n\n\n\n<li>Les groupes qui s'engagent dans une organisation solidaire qui prend le leadership et la direction des communaut\u00e9s avec lesquelles ils travaillent et\/ou les groupes qui sont organis\u00e9s par des personnes qui sont directement impliqu\u00e9es dans le mandat du groupe<\/li>\n\n\n\n<li>Les groupes qui, autrement, auraient des difficult\u00e9s \u00e0 trouver un soutien financier et des ressources<\/li>\n\n\n\n<li>Les groupes qui cr\u00e9eront activement des liens entre le campus et la communaut\u00e9 et feront participer les \u00e9tudiants de l'Universit\u00e9 McGill<\/li>\n\n\n\n<li>Les groupes qui contribueront \u00e0 renforcer la pr\u00e9sence du GRIP McGill sur le campus et hors campus<\/li>\n\n\n\n<li>Les groupes qui encourageront et soutiendront les nouveaux membres, en particulier les \u00e9tudiants de l'Universit\u00e9 McGill<\/li>\n<\/ul>\n\n\n\n<p>En outre, si le nombre de demandes de groupes de travail d\u00e9passe la capacit\u00e9 du GRIP-McGill \u00e0 soutenir les groupes de travail, nous donnons la priorit\u00e9 aux groupes de travail qui n'ont pas le statut de groupe de travail dans un autre GRIP. Par exemple, si un groupe de travail a d\u00e9j\u00e0 le statut de groupe de travail au sein du GRIP Concordia et re\u00e7oit un financement de ce dernier, nous avons moins de chances de le choisir comme groupe de travail.<\/p>\n\n\n\n<p>Les groupes de travail qui sont d\u00e9j\u00e0 un groupe de travail d'un autre GRIP seront invit\u00e9s \u00e0 pr\u00e9ciser pourquoi ils veulent \u00e9galement \u00eatre un groupe de travail du GRIP-McGill. Un exemple de raison importante pour vouloir le statut de groupe de travail \u00e0 la fois au GRIP Concordia et au GRIP-McGill serait que la base de membres est tout aussi importante sur les deux campus.<\/p>\n\n\n<h2 class=\"wp-block-heading\" id=\"solidarity-group-status\">Statut de groupe de solidarit\u00e9<\/h2>\n\n\n<p>The Board can decide to accept a Working Group application as a Solidarity Group instead of as a full Working Group (if they feel that the group warrants a relationship with QPIRG, but are unable to support the group with a budget for the year). Please indicate in your application if your group does not require a budget from QPIRG, but would like to have Solidarity Group status. This would still allow you to benefit from other non-financial resources, such as space booking, photocopies, trainings, etc.<\/p>\n\n\n<h2 class=\"wp-block-heading\" id=\"working-group-responsibilities\">Working Group Responsibilities<\/h2>\n\n\n<p>If your group is selected to become a working group, a representative must attend at least <strong>ONE orientation meeting in September<\/strong> at which your budget will be finalized and general QPIRG organizational information will be distributed. <\/p>\n\n\n\n<p>It is also mandatory that at least one member attend our <strong>Annual General Meeting (AGM)<\/strong> in April. Working Groups are required to submit an <strong>annual report<\/strong> in April each year, prior to the <br>AGM. These annual reports are shared at the AGM and published on the QPIRG website.<\/p>\n\n\n<h2 class=\"wp-block-heading\" id=\"how-to-apply\">How to Apply<\/h2>\n\n\n<p>Les demandes peuvent \u00eatre soumises par formulaire web, par e-mail ou en les d\u00e9posant \u00e0 notre bureau avec un membre du personnel. Si vous soumettez votre demande par courrier \u00e9lectronique, veuillez \u00e9crire dans le titre \" DEMANDE DE GROUPE DE TRAVAIL (nouveau ou ancien) \". Lorsque vous postulez, veuillez r\u00e9pondre aux questions de mani\u00e8re compl\u00e8te (notamment en ce qui concerne le budget) et concise. Nous disposons d'une <strong><a href=\"https:\/\/qpirgmcgill.org\/fr\/budgeting-working-groups\/\">page web sur le budget<\/a> <\/strong>pour aider les nouveaux groupes de travail et ceux qui reviennent \u00e0 planifier leur budget pour l'ann\u00e9e \u00e0 venir. Vous pouvez soumettre vos r\u00e9ponses dans le formulaire web ou dans un document Word ou PDF \u00e0 notre adresse \u00e9lectronique.<\/p>\n\n\n\n<p>Si vous avez des questions sur le processus de candidature du groupe de travail, ou si vous avez besoin d'aide pour \u00e9tablir un budget, n'h\u00e9sitez pas \u00e0 <a href=\"https:\/\/qpirgmcgill.org\/fr\/contact\/\">nous contacter<\/a>.<\/p>\n\n\n\n<p><strong>Working Group applications are currently closed.<\/strong> Applications reopen every year in the fall. For updates, sign up for our <a href=\"https:\/\/qpirgmcgill.org\/fr\/newsletter\/\">bulletin d'information<\/a> or email us for more information at info@qpirgmcgill.org.<\/p>","protected":false},"excerpt":{"rendered":"<p>About Working Groups Working Groups are autonomous organizations and collectives, made up of students and community members, who undertake action and research into issues at the core of QPIRG McGill\u2019s [&hellip;]<\/p>\n","protected":false},"author":1,"featured_media":0,"parent":0,"menu_order":0,"comment_status":"closed","ping_status":"closed","template":"","meta":{"_price":"","_stock":"","_tribe_ticket_header":"","_tribe_default_ticket_provider":"","_tribe_ticket_capacity":"0","_ticket_start_date":"","_ticket_end_date":"","_tribe_ticket_show_description":"","_tribe_ticket_show_not_going":false,"_tribe_ticket_use_global_stock":"","_tribe_ticket_global_stock_level":"","_global_stock_mode":"","_global_stock_cap":"","_tribe_rsvp_for_event":"","_tribe_ticket_going_count":"","_tribe_ticket_not_going_count":"","_tribe_tickets_list":"[]","_tribe_ticket_has_attendee_info_fields":false,"_EventAllDay":false,"_EventTimezone":"","_EventStartDate":"","_EventEndDate":"","_EventStartDateUTC":"","_EventEndDateUTC":"","_EventShowMap":false,"_EventShowMapLink":false,"_EventURL":"","_EventCost":"","_EventCostDescription":"","_EventCurrencySymbol":"","_EventCurrencyCode":"","_EventCurrencyPosition":"","_EventDateTimeSeparator":"","_EventTimeRangeSeparator":"","_EventOrganizerID":[],"_EventVenueID":[],"_OrganizerEmail":"","_OrganizerPhone":"","_OrganizerWebsite":"","_VenueAddress":"","_VenueCity":"","_VenueCountry":"","_VenueProvince":"","_VenueState":"","_VenueZip":"","_VenuePhone":"","_VenueURL":"","_VenueStateProvince":"","_VenueLat":"","_VenueLng":"","_VenueShowMap":false,"_VenueShowMapLink":false,"footnotes":"","_tec_slr_enabled":"","_tec_slr_layout":""},"class_list":["post-1350","page","type-page","status-publish","hentry"],"yoast_head":"<!-- This site is optimized with the Yoast SEO plugin v27.4 - https:\/\/yoast.com\/product\/yoast-seo-wordpress\/ -->\n<title>About Working Groups &#8211; QPIRG McGill<\/title>\n<meta name=\"description\" content=\"QPIRG&#039;s working groups organize around issues including migrant justice, Indigenous solidarity, worker\u2019s rights,\u00a0local mutual aid, and more.\" \/>\n<meta name=\"robots\" content=\"index, follow, max-snippet:-1, max-image-preview:large, max-video-preview:-1\" \/>\n<link rel=\"canonical\" href=\"https:\/\/qpirgmcgill.org\/fr\/working-groups\/\" \/>\n<meta property=\"og:locale\" content=\"fr_CA\" \/>\n<meta property=\"og:type\" content=\"article\" \/>\n<meta property=\"og:title\" content=\"About Working Groups &#8211; QPIRG McGill\" \/>\n<meta property=\"og:description\" content=\"QPIRG&#039;s working groups organize around issues including migrant justice, Indigenous solidarity, worker\u2019s rights,\u00a0local mutual aid, and more.\" \/>\n<meta property=\"og:url\" content=\"https:\/\/qpirgmcgill.org\/fr\/working-groups\/\" \/>\n<meta property=\"og:site_name\" content=\"QPIRG McGill\" \/>\n<meta property=\"article:modified_time\" content=\"2025-12-15T21:13:56+00:00\" \/>\n<meta name=\"twitter:card\" content=\"summary_large_image\" \/>\n<meta name=\"twitter:label1\" content=\"Estimation du temps de lecture\" \/>\n\t<meta name=\"twitter:data1\" content=\"4 minutes\" \/>\n<script type=\"application\/ld+json\" class=\"yoast-schema-graph\">{\"@context\":\"https:\\\/\\\/schema.org\",\"@graph\":[{\"@type\":\"WebPage\",\"@id\":\"https:\\\/\\\/qpirgmcgill.org\\\/working-groups\\\/\",\"url\":\"https:\\\/\\\/qpirgmcgill.org\\\/working-groups\\\/\",\"name\":\"About Working Groups &#8211; QPIRG McGill\",\"isPartOf\":{\"@id\":\"https:\\\/\\\/qpirgmcgill.org\\\/#website\"},\"datePublished\":\"2020-11-23T20:02:21+00:00\",\"dateModified\":\"2025-12-15T21:13:56+00:00\",\"description\":\"QPIRG's working groups organize around issues including migrant justice, Indigenous solidarity, worker\u2019s rights,\u00a0local mutual aid, and more.\",\"breadcrumb\":{\"@id\":\"https:\\\/\\\/qpirgmcgill.org\\\/working-groups\\\/#breadcrumb\"},\"inLanguage\":\"fr-CA\",\"potentialAction\":[{\"@type\":\"ReadAction\",\"target\":[\"https:\\\/\\\/qpirgmcgill.org\\\/working-groups\\\/\"]}]},{\"@type\":\"BreadcrumbList\",\"@id\":\"https:\\\/\\\/qpirgmcgill.org\\\/working-groups\\\/#breadcrumb\",\"itemListElement\":[{\"@type\":\"ListItem\",\"position\":1,\"name\":\"Home\",\"item\":\"https:\\\/\\\/qpirgmcgill.org\\\/\"},{\"@type\":\"ListItem\",\"position\":2,\"name\":\"About Working Groups\"}]},{\"@type\":\"WebSite\",\"@id\":\"https:\\\/\\\/qpirgmcgill.org\\\/#website\",\"url\":\"https:\\\/\\\/qpirgmcgill.org\\\/\",\"name\":\"QPIRG McGill\",\"description\":\"Action. Research. Justice.\",\"publisher\":{\"@id\":\"https:\\\/\\\/qpirgmcgill.org\\\/#organization\"},\"potentialAction\":[{\"@type\":\"SearchAction\",\"target\":{\"@type\":\"EntryPoint\",\"urlTemplate\":\"https:\\\/\\\/qpirgmcgill.org\\\/?s={search_term_string}\"},\"query-input\":{\"@type\":\"PropertyValueSpecification\",\"valueRequired\":true,\"valueName\":\"search_term_string\"}}],\"inLanguage\":\"fr-CA\"},{\"@type\":\"Organization\",\"@id\":\"https:\\\/\\\/qpirgmcgill.org\\\/#organization\",\"name\":\"QPIRG\",\"url\":\"https:\\\/\\\/qpirgmcgill.org\\\/\",\"logo\":{\"@type\":\"ImageObject\",\"inLanguage\":\"fr-CA\",\"@id\":\"https:\\\/\\\/qpirgmcgill.org\\\/#\\\/schema\\\/logo\\\/image\\\/\",\"url\":\"https:\\\/\\\/qpirgmcgill.org\\\/wp-content\\\/uploads\\\/2021\\\/11\\\/Logo_colour.png\",\"contentUrl\":\"https:\\\/\\\/qpirgmcgill.org\\\/wp-content\\\/uploads\\\/2021\\\/11\\\/Logo_colour.png\",\"width\":432,\"height\":432,\"caption\":\"QPIRG\"},\"image\":{\"@id\":\"https:\\\/\\\/qpirgmcgill.org\\\/#\\\/schema\\\/logo\\\/image\\\/\"},\"sameAs\":[\"https:\\\/\\\/instagram.com\\\/qpirgmcgill\"]}]}<\/script>\n<!-- \/ Yoast SEO plugin. -->","yoast_head_json":{"title":"About Working Groups &#8211; QPIRG McGill","description":"QPIRG's working groups organize around issues including migrant justice, Indigenous solidarity, worker\u2019s rights,\u00a0local mutual aid, and more.","robots":{"index":"index","follow":"follow","max-snippet":"max-snippet:-1","max-image-preview":"max-image-preview:large","max-video-preview":"max-video-preview:-1"},"canonical":"https:\/\/qpirgmcgill.org\/fr\/working-groups\/","og_locale":"fr_CA","og_type":"article","og_title":"About Working Groups &#8211; QPIRG McGill","og_description":"QPIRG's working groups organize around issues including migrant justice, Indigenous solidarity, worker\u2019s rights,\u00a0local mutual aid, and more.","og_url":"https:\/\/qpirgmcgill.org\/fr\/working-groups\/","og_site_name":"QPIRG McGill","article_modified_time":"2025-12-15T21:13:56+00:00","twitter_card":"summary_large_image","twitter_misc":{"Estimation du temps de lecture":"4 minutes"},"schema":{"@context":"https:\/\/schema.org","@graph":[{"@type":"WebPage","@id":"https:\/\/qpirgmcgill.org\/working-groups\/","url":"https:\/\/qpirgmcgill.org\/working-groups\/","name":"About Working Groups &#8211; QPIRG McGill","isPartOf":{"@id":"https:\/\/qpirgmcgill.org\/#website"},"datePublished":"2020-11-23T20:02:21+00:00","dateModified":"2025-12-15T21:13:56+00:00","description":"QPIRG's working groups organize around issues including migrant justice, Indigenous solidarity, worker\u2019s rights,\u00a0local mutual aid, and more.","breadcrumb":{"@id":"https:\/\/qpirgmcgill.org\/working-groups\/#breadcrumb"},"inLanguage":"fr-CA","potentialAction":[{"@type":"ReadAction","target":["https:\/\/qpirgmcgill.org\/working-groups\/"]}]},{"@type":"BreadcrumbList","@id":"https:\/\/qpirgmcgill.org\/working-groups\/#breadcrumb","itemListElement":[{"@type":"ListItem","position":1,"name":"Home","item":"https:\/\/qpirgmcgill.org\/"},{"@type":"ListItem","position":2,"name":"About Working Groups"}]},{"@type":"WebSite","@id":"https:\/\/qpirgmcgill.org\/#website","url":"https:\/\/qpirgmcgill.org\/","name":"GRIP McGill","description":"Action. Research. Justice.","publisher":{"@id":"https:\/\/qpirgmcgill.org\/#organization"},"potentialAction":[{"@type":"SearchAction","target":{"@type":"EntryPoint","urlTemplate":"https:\/\/qpirgmcgill.org\/?s={search_term_string}"},"query-input":{"@type":"PropertyValueSpecification","valueRequired":true,"valueName":"search_term_string"}}],"inLanguage":"fr-CA"},{"@type":"Organization","@id":"https:\/\/qpirgmcgill.org\/#organization","name":"QPIRG","url":"https:\/\/qpirgmcgill.org\/","logo":{"@type":"ImageObject","inLanguage":"fr-CA","@id":"https:\/\/qpirgmcgill.org\/#\/schema\/logo\/image\/","url":"https:\/\/qpirgmcgill.org\/wp-content\/uploads\/2021\/11\/Logo_colour.png","contentUrl":"https:\/\/qpirgmcgill.org\/wp-content\/uploads\/2021\/11\/Logo_colour.png","width":432,"height":432,"caption":"QPIRG"},"image":{"@id":"https:\/\/qpirgmcgill.org\/#\/schema\/logo\/image\/"},"sameAs":["https:\/\/instagram.com\/qpirgmcgill"]}]}},"ticketed":false,"_links":{"self":[{"href":"https:\/\/qpirgmcgill.org\/fr\/wp-json\/wp\/v2\/pages\/1350","targetHints":{"allow":["GET"]}}],"collection":[{"href":"https:\/\/qpirgmcgill.org\/fr\/wp-json\/wp\/v2\/pages"}],"about":[{"href":"https:\/\/qpirgmcgill.org\/fr\/wp-json\/wp\/v2\/types\/page"}],"author":[{"embeddable":true,"href":"https:\/\/qpirgmcgill.org\/fr\/wp-json\/wp\/v2\/users\/1"}],"replies":[{"embeddable":true,"href":"https:\/\/qpirgmcgill.org\/fr\/wp-json\/wp\/v2\/comments?post=1350"}],"version-history":[{"count":23,"href":"https:\/\/qpirgmcgill.org\/fr\/wp-json\/wp\/v2\/pages\/1350\/revisions"}],"predecessor-version":[{"id":5136,"href":"https:\/\/qpirgmcgill.org\/fr\/wp-json\/wp\/v2\/pages\/1350\/revisions\/5136"}],"wp:attachment":[{"href":"https:\/\/qpirgmcgill.org\/fr\/wp-json\/wp\/v2\/media?parent=1350"}],"curies":[{"name":"wp","href":"https:\/\/api.w.org\/{rel}","templated":true}]}}