{"id":1380,"date":"2020-11-24T20:48:10","date_gmt":"2020-11-24T20:48:10","guid":{"rendered":"https:\/\/qpirgmcgill.org\/?page_id=1380"},"modified":"2024-12-16T15:23:59","modified_gmt":"2024-12-16T20:23:59","slug":"mandate","status":"publish","type":"page","link":"https:\/\/qpirgmcgill.org\/fr\/mandate\/","title":{"rendered":"Notre mandat"},"content":{"rendered":"<h1 id=\"mandate\" class=\"wp-block-heading\">Mandate<\/h1>\n\n\n\n<p>Le Groupe de recherche d'int\u00e9r\u00eat public \u00e0 McGill est une organisation \u00e9tudiante dirig\u00e9e par des \u00e9tudiants qui travaille activement pour la justice sociale et environnementale. Gr\u00e2ce \u00e0 la recherche socialement engag\u00e9e, \u00e0 l'\u00e9ducation populaire, \u00e0 l'action, \u00e0 la d\u00e9fense des droits et \u00e0 nos groupes de travail, le GRIP relie les \u00e9tudiants de McGill \u00e0 la grande communaut\u00e9 de Montr\u00e9al.<\/p>\n\n\n\n<p>Le GRIP-McGill a un mandat anti-oppression, ce qui signifie que nous sommes oppos\u00e9s \u00e0 toute forme d'oppression structurelle et interpersonnelle, y compris, mais sans s'y limiter, l'oppression fond\u00e9e sur la classe, le sexe, la race, l'orientation sexuelle et le handicap. En utilisant un mod\u00e8le de base solidaire, le GRIP-McGill s'engage \u00e0 soutenir et \u00e0 responsabiliser les communaut\u00e9s marginalis\u00e9es.<\/p>\n\n\n\n<p>Le GRIP-McGill s'oppose \u00e0 toute forme de discrimination fond\u00e9e sur la classe, le sexe, la race, l'orientation sexuelle et le handicap. Nous nous effor\u00e7ons d'\u00eatre inclusifs et accessibles \u00e0 tous. Notre travail est ancr\u00e9 dans une analyse et une pratique anti-oppression. Nous cherchons \u00e0 construire des alliances entre les campus et les communaut\u00e9s et \u00e0 inspirer le changement social par des approches inclusives et non hi\u00e9rarchiques.<\/p>","protected":false},"excerpt":{"rendered":"<p>Mandate The Quebec Public Interest Research Group at McGill is a student-initiated, student-funded, student-run organization that actively works towards social and environmental justice. Through socially-engaged research, popular education, action, advocacy, [&hellip;]<\/p>\n","protected":false},"author":1,"featured_media":0,"parent":0,"menu_order":0,"comment_status":"closed","ping_status":"closed","template":"visual-builder-template.php","meta":{"_price":"","_stock":"","_tribe_ticket_header":"","_tribe_default_ticket_provider":"","_tribe_ticket_capacity":"0","_ticket_start_date":"","_ticket_end_date":"","_tribe_ticket_show_description":"","_tribe_ticket_show_not_going":false,"_tribe_ticket_use_global_stock":"","_tribe_ticket_global_stock_level":"","_global_stock_mode":"","_global_stock_cap":"","_tribe_rsvp_for_event":"","_tribe_ticket_going_count":"","_tribe_ticket_not_going_count":"","_tribe_tickets_list":"[]","_tribe_ticket_has_attendee_info_fields":false,"_EventAllDay":false,"_EventTimezone":"","_EventStartDate":"","_EventEndDate":"","_EventStartDateUTC":"","_EventEndDateUTC":"","_EventShowMap":false,"_EventShowMapLink":false,"_EventURL":"","_EventCost":"","_EventCostDescription":"","_EventCurrencySymbol":"","_EventCurrencyCode":"","_EventCurrencyPosition":"","_EventDateTimeSeparator":"","_EventTimeRangeSeparator":"","_EventOrganizerID":[],"_EventVenueID":[],"_OrganizerEmail":"","_OrganizerPhone":"","_OrganizerWebsite":"","_VenueAddress":"","_VenueCity":"","_VenueCountry":"","_VenueProvince":"","_VenueState":"","_VenueZip":"","_VenuePhone":"","_VenueURL":"","_VenueStateProvince":"","_VenueLat":"","_VenueLng":"","_VenueShowMap":false,"_VenueShowMapLink":false,"footnotes":"","_tec_slr_enabled":"","_tec_slr_layout":""},"class_list":["post-1380","page","type-page","status-publish","hentry"],"yoast_head":"<!-- This site is optimized with the Yoast SEO plugin v27.5 - https:\/\/yoast.com\/product\/yoast-seo-wordpress\/ -->\n<title>Our Mandate &#8211; QPIRG McGill<\/title>\n<meta name=\"description\" content=\"QPIRG-McGill has an anti-oppressive mandate, meaning that we are opposed to all forms of structural oppression.\" \/>\n<meta name=\"robots\" content=\"index, follow, max-snippet:-1, max-image-preview:large, max-video-preview:-1\" \/>\n<link rel=\"canonical\" href=\"https:\/\/qpirgmcgill.org\/fr\/mandate\/\" \/>\n<meta property=\"og:locale\" content=\"fr_CA\" \/>\n<meta property=\"og:type\" content=\"article\" \/>\n<meta property=\"og:title\" content=\"Our Mandate &#8211; QPIRG McGill\" \/>\n<meta property=\"og:description\" content=\"QPIRG-McGill has an anti-oppressive mandate, meaning that we are opposed to all forms of structural oppression.\" \/>\n<meta property=\"og:url\" content=\"https:\/\/qpirgmcgill.org\/fr\/mandate\/\" \/>\n<meta property=\"og:site_name\" content=\"QPIRG McGill\" \/>\n<meta property=\"article:modified_time\" content=\"2024-12-16T20:23:59+00:00\" \/>\n<meta name=\"twitter:card\" content=\"summary_large_image\" \/>\n<meta name=\"twitter:label1\" content=\"Estimation du temps de lecture\" \/>\n\t<meta name=\"twitter:data1\" content=\"1 minute\" \/>\n<script type=\"application\/ld+json\" class=\"yoast-schema-graph\">{\"@context\":\"https:\\\/\\\/schema.org\",\"@graph\":[{\"@type\":\"WebPage\",\"@id\":\"https:\\\/\\\/qpirgmcgill.org\\\/mandate\\\/\",\"url\":\"https:\\\/\\\/qpirgmcgill.org\\\/mandate\\\/\",\"name\":\"Our Mandate &#8211; QPIRG McGill\",\"isPartOf\":{\"@id\":\"https:\\\/\\\/qpirgmcgill.org\\\/#website\"},\"datePublished\":\"2020-11-24T20:48:10+00:00\",\"dateModified\":\"2024-12-16T20:23:59+00:00\",\"description\":\"QPIRG-McGill has an anti-oppressive mandate, meaning that we are opposed to all forms of structural oppression.\",\"breadcrumb\":{\"@id\":\"https:\\\/\\\/qpirgmcgill.org\\\/mandate\\\/#breadcrumb\"},\"inLanguage\":\"fr-CA\",\"potentialAction\":[{\"@type\":\"ReadAction\",\"target\":[\"https:\\\/\\\/qpirgmcgill.org\\\/mandate\\\/\"]}]},{\"@type\":\"BreadcrumbList\",\"@id\":\"https:\\\/\\\/qpirgmcgill.org\\\/mandate\\\/#breadcrumb\",\"itemListElement\":[{\"@type\":\"ListItem\",\"position\":1,\"name\":\"Home\",\"item\":\"https:\\\/\\\/qpirgmcgill.org\\\/\"},{\"@type\":\"ListItem\",\"position\":2,\"name\":\"Our Mandate\"}]},{\"@type\":\"WebSite\",\"@id\":\"https:\\\/\\\/qpirgmcgill.org\\\/#website\",\"url\":\"https:\\\/\\\/qpirgmcgill.org\\\/\",\"name\":\"QPIRG McGill\",\"description\":\"Action. Research. Justice.\",\"publisher\":{\"@id\":\"https:\\\/\\\/qpirgmcgill.org\\\/#organization\"},\"potentialAction\":[{\"@type\":\"SearchAction\",\"target\":{\"@type\":\"EntryPoint\",\"urlTemplate\":\"https:\\\/\\\/qpirgmcgill.org\\\/?s={search_term_string}\"},\"query-input\":{\"@type\":\"PropertyValueSpecification\",\"valueRequired\":true,\"valueName\":\"search_term_string\"}}],\"inLanguage\":\"fr-CA\"},{\"@type\":\"Organization\",\"@id\":\"https:\\\/\\\/qpirgmcgill.org\\\/#organization\",\"name\":\"QPIRG\",\"url\":\"https:\\\/\\\/qpirgmcgill.org\\\/\",\"logo\":{\"@type\":\"ImageObject\",\"inLanguage\":\"fr-CA\",\"@id\":\"https:\\\/\\\/qpirgmcgill.org\\\/#\\\/schema\\\/logo\\\/image\\\/\",\"url\":\"https:\\\/\\\/qpirgmcgill.org\\\/wp-content\\\/uploads\\\/2021\\\/11\\\/Logo_colour.png\",\"contentUrl\":\"https:\\\/\\\/qpirgmcgill.org\\\/wp-content\\\/uploads\\\/2021\\\/11\\\/Logo_colour.png\",\"width\":432,\"height\":432,\"caption\":\"QPIRG\"},\"image\":{\"@id\":\"https:\\\/\\\/qpirgmcgill.org\\\/#\\\/schema\\\/logo\\\/image\\\/\"},\"sameAs\":[\"https:\\\/\\\/instagram.com\\\/qpirgmcgill\"]}]}<\/script>\n<!-- \/ Yoast SEO plugin. -->","yoast_head_json":{"title":"Our Mandate &#8211; QPIRG McGill","description":"QPIRG-McGill has an anti-oppressive mandate, meaning that we are opposed to all forms of structural oppression.","robots":{"index":"index","follow":"follow","max-snippet":"max-snippet:-1","max-image-preview":"max-image-preview:large","max-video-preview":"max-video-preview:-1"},"canonical":"https:\/\/qpirgmcgill.org\/fr\/mandate\/","og_locale":"fr_CA","og_type":"article","og_title":"Our Mandate &#8211; QPIRG McGill","og_description":"QPIRG-McGill has an anti-oppressive mandate, meaning that we are opposed to all forms of structural oppression.","og_url":"https:\/\/qpirgmcgill.org\/fr\/mandate\/","og_site_name":"QPIRG McGill","article_modified_time":"2024-12-16T20:23:59+00:00","twitter_card":"summary_large_image","twitter_misc":{"Estimation du temps de lecture":"1 minute"},"schema":{"@context":"https:\/\/schema.org","@graph":[{"@type":"WebPage","@id":"https:\/\/qpirgmcgill.org\/mandate\/","url":"https:\/\/qpirgmcgill.org\/mandate\/","name":"Our Mandate &#8211; QPIRG McGill","isPartOf":{"@id":"https:\/\/qpirgmcgill.org\/#website"},"datePublished":"2020-11-24T20:48:10+00:00","dateModified":"2024-12-16T20:23:59+00:00","description":"QPIRG-McGill has an anti-oppressive mandate, meaning that we are opposed to all forms of structural oppression.","breadcrumb":{"@id":"https:\/\/qpirgmcgill.org\/mandate\/#breadcrumb"},"inLanguage":"fr-CA","potentialAction":[{"@type":"ReadAction","target":["https:\/\/qpirgmcgill.org\/mandate\/"]}]},{"@type":"BreadcrumbList","@id":"https:\/\/qpirgmcgill.org\/mandate\/#breadcrumb","itemListElement":[{"@type":"ListItem","position":1,"name":"Home","item":"https:\/\/qpirgmcgill.org\/"},{"@type":"ListItem","position":2,"name":"Our Mandate"}]},{"@type":"WebSite","@id":"https:\/\/qpirgmcgill.org\/#website","url":"https:\/\/qpirgmcgill.org\/","name":"GRIP McGill","description":"Action. Research. Justice.","publisher":{"@id":"https:\/\/qpirgmcgill.org\/#organization"},"potentialAction":[{"@type":"SearchAction","target":{"@type":"EntryPoint","urlTemplate":"https:\/\/qpirgmcgill.org\/?s={search_term_string}"},"query-input":{"@type":"PropertyValueSpecification","valueRequired":true,"valueName":"search_term_string"}}],"inLanguage":"fr-CA"},{"@type":"Organization","@id":"https:\/\/qpirgmcgill.org\/#organization","name":"QPIRG","url":"https:\/\/qpirgmcgill.org\/","logo":{"@type":"ImageObject","inLanguage":"fr-CA","@id":"https:\/\/qpirgmcgill.org\/#\/schema\/logo\/image\/","url":"https:\/\/qpirgmcgill.org\/wp-content\/uploads\/2021\/11\/Logo_colour.png","contentUrl":"https:\/\/qpirgmcgill.org\/wp-content\/uploads\/2021\/11\/Logo_colour.png","width":432,"height":432,"caption":"QPIRG"},"image":{"@id":"https:\/\/qpirgmcgill.org\/#\/schema\/logo\/image\/"},"sameAs":["https:\/\/instagram.com\/qpirgmcgill"]}]}},"ticketed":false,"_links":{"self":[{"href":"https:\/\/qpirgmcgill.org\/fr\/wp-json\/wp\/v2\/pages\/1380","targetHints":{"allow":["GET"]}}],"collection":[{"href":"https:\/\/qpirgmcgill.org\/fr\/wp-json\/wp\/v2\/pages"}],"about":[{"href":"https:\/\/qpirgmcgill.org\/fr\/wp-json\/wp\/v2\/types\/page"}],"author":[{"embeddable":true,"href":"https:\/\/qpirgmcgill.org\/fr\/wp-json\/wp\/v2\/users\/1"}],"replies":[{"embeddable":true,"href":"https:\/\/qpirgmcgill.org\/fr\/wp-json\/wp\/v2\/comments?post=1380"}],"version-history":[{"count":12,"href":"https:\/\/qpirgmcgill.org\/fr\/wp-json\/wp\/v2\/pages\/1380\/revisions"}],"predecessor-version":[{"id":4190,"href":"https:\/\/qpirgmcgill.org\/fr\/wp-json\/wp\/v2\/pages\/1380\/revisions\/4190"}],"wp:attachment":[{"href":"https:\/\/qpirgmcgill.org\/fr\/wp-json\/wp\/v2\/media?parent=1380"}],"curies":[{"name":"wp","href":"https:\/\/api.w.org\/{rel}","templated":true}]}}