{"id":1561,"date":"2020-12-15T22:13:31","date_gmt":"2020-12-16T03:13:31","guid":{"rendered":"https:\/\/qpirgmcgill.org\/?page_id=1561"},"modified":"2025-10-22T14:28:10","modified_gmt":"2025-10-22T18:28:10","slug":"cs","status":"publish","type":"page","link":"https:\/\/qpirgmcgill.org\/fr\/cs\/","title":{"rendered":"Culture Shock"},"content":{"rendered":"<h1 class=\"wp-block-heading\" id=\"culture-shock\">Culture Shock<\/h1>\n\n<h2 class=\"wp-block-heading\" id=\"land-grounding-our-struggles\">Land: Grounding our Struggles<\/h2>\n\n\n<p>Culture Shock 2025 will take place from <strong>October 21-30!<\/strong><\/p>\n\n\n\n<p>This year\u2019s Culture Shock will explore the theme of Land in relation to liberation, decolonization, and environmental justice. Land is at the core of our struggles &#8211; from resource extraction and the climate crisis, to housing and homelessness, to borders and imperialism. The Land provides water, energy, food, and life. It roots the resistance of Land defenders blocking forestry in Nehirowisiw Aski just as it moves the resistance of Palestinian children throwing rocks at the Zionist occupation. From migrants navigating an imperial border imposed upon Land to unhoused community members criminalized for occupying Land, this year\u2019s Culture Shock challenges us to reject that Land is an object of capitalist possession, and recenter it as the root of our struggle.<\/p>\n\n\n\n<div class=\"wp-block-group alignwide has-global-padding is-layout-constrained wp-block-group-is-layout-constrained\" style=\"margin-top:0;margin-bottom:0;padding-top:var(--wp--preset--spacing--50);padding-bottom:var(--wp--preset--spacing--50)\">\n<div class=\"wp-block-group alignwide is-layout-flow wp-container-core-group-is-layout-beeb4092 wp-block-group-is-layout-flow\" style=\"margin-top:var(--wp--preset--spacing--70)\"><h2 class=\"wp-block-heading\" id=\"upcoming-events\">Upcoming events<\/h2>\n\n\n<div class=\"wp-block-group is-content-justification-space-between is-layout-flex wp-container-core-group-is-layout-d241c71d wp-block-group-is-layout-flex\" style=\"padding-top:var(--wp--preset--spacing--40);padding-bottom:var(--wp--preset--spacing--40)\">\n<div class=\"wp-block-group has-global-padding is-layout-constrained wp-block-group-is-layout-constrained\"><h3 class=\"wp-block-heading\" id=\"community-dinner\"><a href=\"https:\/\/qpirgmcgill.org\/fr\/event\/community-dinner-4\/\">Community Dinner<\/a><\/h3>\n\n\n<p style=\"text-transform:capitalize\">Tuesday, october 21<\/p>\n\n\n\n<p>6-7:30pm <br>SSMU Flex Space (3480 rue McTavish, #106)<\/p>\n<\/div>\n\n\n\n<div class=\"wp-block-group is-content-justification-space-between is-layout-flex wp-container-core-group-is-layout-08d6cc0e wp-block-group-is-layout-flex\">\n<div class=\"wp-block-buttons is-layout-flex wp-block-buttons-is-layout-flex\">\n<div class=\"wp-block-button\"><a class=\"wp-block-button__link has-small-font-size has-custom-font-size wp-element-button\" href=\"https:\/\/qpirgmcgill.org\/fr\/event\/community-dinner-4\/\">Read more<\/a><\/div>\n<\/div>\n<\/div>\n<\/div>\n\n\n\n<div class=\"wp-block-group is-content-justification-space-between is-layout-flex wp-container-core-group-is-layout-d241c71d wp-block-group-is-layout-flex\" style=\"border-top-color:var(--wp--preset--color--accent-6);border-top-width:1px;padding-top:var(--wp--preset--spacing--40);padding-bottom:var(--wp--preset--spacing--40)\">\n<div class=\"wp-block-group has-global-padding is-layout-constrained wp-block-group-is-layout-constrained\"><h3 class=\"wp-block-heading\" id=\"panel-on-migrant-justice\"><a href=\"https:\/\/qpirgmcgill.org\/fr\/event\/panel-on-migrant-justice\/\">Panel on Migrant Justice<\/a><\/h3>\n\n\n<p style=\"text-transform:capitalize\">wednesday, october 22<\/p>\n\n\n\n<p>6-8pm<br>Centre Saint-Pierre (1212 rue Panet)<\/p>\n<\/div>\n\n\n\n<div class=\"wp-block-group is-content-justification-space-between is-layout-flex wp-container-core-group-is-layout-08d6cc0e wp-block-group-is-layout-flex\">\n<div class=\"wp-block-buttons is-layout-flex wp-block-buttons-is-layout-flex\">\n<div class=\"wp-block-button\"><a class=\"wp-block-button__link has-small-font-size has-custom-font-size wp-element-button\" href=\"https:\/\/qpirgmcgill.org\/fr\/event\/panel-on-migrant-justice\/\">Read more<\/a><\/div>\n<\/div>\n<\/div>\n<\/div>\n\n\n\n<div class=\"wp-block-group is-content-justification-space-between is-layout-flex wp-container-core-group-is-layout-d241c71d wp-block-group-is-layout-flex\" style=\"border-top-color:var(--wp--preset--color--accent-6);border-top-width:1px;padding-top:var(--wp--preset--spacing--40);padding-bottom:var(--wp--preset--spacing--40)\">\n<div class=\"wp-block-group has-global-padding is-layout-constrained wp-block-group-is-layout-constrained\"><h3 class=\"wp-block-heading\" id=\"walking-as-method-exploring-hostile-design-in-miltonparc\"><a href=\"https:\/\/qpirgmcgill.org\/fr\/event\/walking-as-method-exploring-hostile-design-in-milton-parc\/\">Walking as method: Exploring hostile design in Milton-Parc<\/a><\/h3>\n\n\n<p style=\"text-transform:capitalize\">thursday, october 23<\/p>\n\n\n\n<p>4-6pm<br>QPIRG-McGill (3516 Av du Parc)<\/p>\n<\/div>\n\n\n\n<div class=\"wp-block-group is-content-justification-space-between is-layout-flex wp-container-core-group-is-layout-08d6cc0e wp-block-group-is-layout-flex\">\n<div class=\"wp-block-buttons is-layout-flex wp-block-buttons-is-layout-flex\">\n<div class=\"wp-block-button\"><a class=\"wp-block-button__link has-small-font-size has-custom-font-size wp-element-button\" href=\"https:\/\/qpirgmcgill.org\/fr\/event\/walking-as-method-exploring-hostile-design-in-milton-parc\/\">Read more<\/a><\/div>\n<\/div>\n<\/div>\n<\/div>\n\n\n\n<div class=\"wp-block-group is-content-justification-space-between is-layout-flex wp-container-core-group-is-layout-d241c71d wp-block-group-is-layout-flex\" style=\"border-top-color:var(--wp--preset--color--accent-6);border-top-width:1px;padding-top:var(--wp--preset--spacing--40);padding-bottom:var(--wp--preset--spacing--40)\">\n<div class=\"wp-block-group has-global-padding is-layout-constrained wp-block-group-is-layout-constrained\"><h3 class=\"wp-block-heading\" id=\"keynote-address-with-ellen-gabriel\"><a href=\"https:\/\/qpirgmcgill.org\/fr\/event\/keynote-address-with-ellen-gabriel\/\">Keynote Address with Ellen Gabriel<\/a><\/h3>\n\n\n<p style=\"text-transform:capitalize\">friday, october 24<\/p>\n\n\n\n<p>7:30-9pm<br>Macdonald Harrington G-10 (815 rue Sherbrooke O)<\/p>\n<\/div>\n\n\n\n<div class=\"wp-block-group is-content-justification-space-between is-layout-flex wp-container-core-group-is-layout-08d6cc0e wp-block-group-is-layout-flex\">\n<div class=\"wp-block-buttons is-layout-flex wp-block-buttons-is-layout-flex\">\n<div class=\"wp-block-button\"><a class=\"wp-block-button__link has-small-font-size has-custom-font-size wp-element-button\" href=\"https:\/\/qpirgmcgill.org\/fr\/event\/keynote-address-with-ellen-gabriel\/\">Read more<\/a><\/div>\n<\/div>\n<\/div>\n<\/div>\n\n\n\n<div class=\"wp-block-group is-content-justification-space-between is-layout-flex wp-container-core-group-is-layout-d241c71d wp-block-group-is-layout-flex\" style=\"border-top-color:var(--wp--preset--color--accent-6);border-top-width:1px;padding-top:var(--wp--preset--spacing--40);padding-bottom:var(--wp--preset--spacing--40)\">\n<div class=\"wp-block-group has-global-padding is-layout-constrained wp-block-group-is-layout-constrained\"><h3 class=\"wp-block-heading\" id=\"textures-of-the-land-reconnecting-with-our-roots\"><a href=\"https:\/\/qpirgmcgill.org\/fr\/event\/textures-of-the-land-reconnecting-with-our-roots\/\">Textures of the land: Reconnecting with our roots<\/a><\/h3>\n\n\n<p style=\"text-transform:capitalize\">tuesday, october 28<\/p>\n\n\n\n<p>6-8pm<br>Maison de l\u2019Amiti\u00e9, room 14 (120 Duluth Ave E)<\/p>\n<\/div>\n\n\n\n<div class=\"wp-block-group is-content-justification-space-between is-layout-flex wp-container-core-group-is-layout-08d6cc0e wp-block-group-is-layout-flex\">\n<div class=\"wp-block-buttons is-layout-flex wp-block-buttons-is-layout-flex\">\n<div class=\"wp-block-button\"><a class=\"wp-block-button__link has-small-font-size has-custom-font-size wp-element-button\" href=\"https:\/\/qpirgmcgill.org\/fr\/event\/textures-of-the-land-reconnecting-with-our-roots\/\">Read more<\/a><\/div>\n<\/div>\n<\/div>\n<\/div>\n\n\n\n<div class=\"wp-block-group is-content-justification-space-between is-layout-flex wp-container-core-group-is-layout-d241c71d wp-block-group-is-layout-flex\" style=\"border-top-color:var(--wp--preset--color--accent-6);border-top-width:1px;padding-top:var(--wp--preset--spacing--40);padding-bottom:var(--wp--preset--spacing--40)\">\n<div class=\"wp-block-group has-global-padding is-layout-constrained wp-block-group-is-layout-constrained\"><h3 class=\"wp-block-heading\" id=\"severed-2025-screening-hosted-by-in-pain-and-insane\"><a href=\"https:\/\/qpirgmcgill.org\/fr\/event\/severed-screening-hosted-by-in-pain-and-insane\/\">\u201cSevered\u201d (2025) Screening hosted by In Pain and Insane<\/a><\/h3>\n\n\n<p style=\"text-transform:capitalize\">Wednesday, october 29<\/p>\n\n\n\n<p>6-8pm<br>QPIRG-Concordia (#205-2100 rue Guy)<\/p>\n<\/div>\n\n\n\n<div class=\"wp-block-group is-content-justification-space-between is-layout-flex wp-container-core-group-is-layout-08d6cc0e wp-block-group-is-layout-flex\">\n<div class=\"wp-block-buttons is-layout-flex wp-block-buttons-is-layout-flex\">\n<div class=\"wp-block-button\"><a class=\"wp-block-button__link has-small-font-size has-custom-font-size wp-element-button\" href=\"https:\/\/qpirgmcgill.org\/fr\/event\/severed-screening-hosted-by-in-pain-and-insane\/\">Read more<\/a><\/div>\n<\/div>\n<\/div>\n<\/div>\n\n\n\n<div class=\"wp-block-group is-content-justification-space-between is-layout-flex wp-container-core-group-is-layout-d241c71d wp-block-group-is-layout-flex\" style=\"border-top-color:var(--wp--preset--color--accent-6);border-top-width:1px;padding-top:var(--wp--preset--spacing--40);padding-bottom:var(--wp--preset--spacing--40)\">\n<div class=\"wp-block-group has-global-padding is-layout-constrained wp-block-group-is-layout-constrained\"><h3 class=\"wp-block-heading\" id=\"where-i-come-from-the-ground-is-red\"><a href=\"https:\/\/qpirgmcgill.org\/fr\/event\/where-i-come-from-the-ground-is-red\/\">WHERE I COME FROM THE GROUND IS RED<\/a><\/h3>\n\n\n<p style=\"text-transform:capitalize\">thursday, october 30<\/p>\n\n\n\n<p>6-8pm<br>Leacock 210 (855 rue Sherbrooke O)<\/p>\n<\/div>\n\n\n\n<div class=\"wp-block-group is-content-justification-space-between is-layout-flex wp-container-core-group-is-layout-08d6cc0e wp-block-group-is-layout-flex\">\n<div class=\"wp-block-buttons is-layout-flex wp-block-buttons-is-layout-flex\">\n<div class=\"wp-block-button\"><a class=\"wp-block-button__link has-small-font-size has-custom-font-size wp-element-button\" href=\"https:\/\/qpirgmcgill.org\/fr\/event\/where-i-come-from-the-ground-is-red\/\">Read more<\/a><\/div>\n<\/div>\n<\/div>\n<\/div>\n<\/div>\n<\/div>\n\n\n\n<p>Culture Shock est une s\u00e9rie annuelle d'\u00e9v\u00e9nements sur l'antiracisme, la justice des migrants et la solidarit\u00e9 indig\u00e8ne. Son objectif est de rassembler les communaut\u00e9s racialis\u00e9es pour discuter de questions pertinentes pour leur vie, ainsi que de permettre \u00e0 ceux qui n'appartiennent pas \u00e0 ces communaut\u00e9s d'en apprendre davantage sur les luttes contre le racisme, le colonialisme et la violence aux fronti\u00e8res. Chaque ann\u00e9e, le GRIP organise des discussions, des ateliers, des projections de films, des soir\u00e9es de performance et des soir\u00e9es de collecte de fonds pour les \u00e9tudiants de McGill et les communaut\u00e9s montr\u00e9alaises en g\u00e9n\u00e9ral.<\/p>\n\n\n\n<p>Ces \u00e9v\u00e9nements ont lieu sur le territoire traditionnel du peuple Kanien'keh\u00e1:ka. L'\u00eele appel\u00e9e \"Montr\u00e9al\" est connue sous le nom de Tiotia:ke dans la langue des Kanien'keh\u00e1:ka, et a \u00e9t\u00e9 historiquement un lieu de rencontre pour d'autres nations indig\u00e8nes, notamment les peuples Algonquins. Nous pensons qu'il ne suffit pas de reconna\u00eetre les titulaires de cette terre. Nous encourageons chacun \u00e0 s'informer sur le colonialisme et \u00e0 y r\u00e9sister activement, sous les nombreuses formes que prennent ces oppressions permanentes et dans la diversit\u00e9 des formes qu'incarne la r\u00e9sistance.<\/p>\n\n\n\n<p>All events are free or pay-what-you-can, and open to the public. Further accessibility details are available on the accessibility page.<\/p>\n\n\n<h2 class=\"wp-block-heading\" id=\"accessibility\">Accessibilit\u00e9<\/h2>\n\n\n<p>This section is intended to provide basic information about accessibility measures for Spring into Action. If you have any additional accessibility needs or specific questions about these measures, please do not hesitate to <a href=\"https:\/\/qpirgmcgill.org\/fr\/contact\/\">nous contacter.<\/a><\/p>\n\n\n\n<ul class=\"wp-block-list\">\n<li>All events are free and open to the public<\/li>\n\n\n\n<li>Des informations sur l'acc\u00e8s en fauteuil roulant et l'emplacement des toilettes accessibles en fauteuil roulant les plus proches sont pr\u00e9cis\u00e9es pour chaque \u00e9v\u00e9nement.<\/li>\n\n\n\n<li>Whisper translation between English and French will be available for all events with 72 hours notice, please email info@qpirgmcgill.org to request.<\/li>\n\n\n\n<li>Nous ferons de notre mieux pour fournir un \u00e9clairage alternatif afin d'\u00e9viter les \u00e9clairages forts et fluorescents en hauteur. Il n'y aura pas de lumi\u00e8res clignotantes intentionnelles lors des manifestations.<\/li>\n\n\n\n<li>If you have any particular needs around lighting, please don\u2019t hesitate to get in touch by email at info@qpirgmcgill.org, or find QPIRG staff and volunteers at events!<\/li>\n\n\n\n<li>Masks and social distancing are strongly recommended for all of our in-person events. Masks and hand sanitizer will be provided at the door. <\/li>\n<\/ul>","protected":false},"excerpt":{"rendered":"<p>Culture Shock Land: Grounding our Struggles Culture Shock 2025 will take place from October 21-30! This year\u2019s Culture Shock will explore the theme of Land in relation to liberation, decolonization, [&hellip;]<\/p>\n","protected":false},"author":1,"featured_media":4989,"parent":0,"menu_order":0,"comment_status":"closed","ping_status":"closed","template":"","meta":{"_price":"","_stock":"","_tribe_ticket_header":"","_tribe_default_ticket_provider":"","_tribe_ticket_capacity":"0","_ticket_start_date":"","_ticket_end_date":"","_tribe_ticket_show_description":"","_tribe_ticket_show_not_going":false,"_tribe_ticket_use_global_stock":"","_tribe_ticket_global_stock_level":"","_global_stock_mode":"","_global_stock_cap":"","_tribe_rsvp_for_event":"","_tribe_ticket_going_count":"","_tribe_ticket_not_going_count":"","_tribe_tickets_list":"[]","_tribe_ticket_has_attendee_info_fields":false,"_EventAllDay":false,"_EventTimezone":"","_EventStartDate":"","_EventEndDate":"","_EventStartDateUTC":"","_EventEndDateUTC":"","_EventShowMap":false,"_EventShowMapLink":false,"_EventURL":"","_EventCost":"","_EventCostDescription":"","_EventCurrencySymbol":"","_EventCurrencyCode":"","_EventCurrencyPosition":"","_EventDateTimeSeparator":"","_EventTimeRangeSeparator":"","_EventOrganizerID":[],"_EventVenueID":[],"_OrganizerEmail":"","_OrganizerPhone":"","_OrganizerWebsite":"","_VenueAddress":"","_VenueCity":"","_VenueCountry":"","_VenueProvince":"","_VenueState":"","_VenueZip":"","_VenuePhone":"","_VenueURL":"","_VenueStateProvince":"","_VenueLat":"","_VenueLng":"","_VenueShowMap":false,"_VenueShowMapLink":false,"footnotes":"","_tec_slr_enabled":"","_tec_slr_layout":""},"class_list":["post-1561","page","type-page","status-publish","has-post-thumbnail","hentry"],"yoast_head":"<!-- This site is optimized with the Yoast SEO plugin v27.4 - https:\/\/yoast.com\/product\/yoast-seo-wordpress\/ -->\n<title>Culture Shock &#8211; QPIRG McGill<\/title>\n<meta name=\"description\" content=\"Culture Shock is an annual event series organized by QPIRG-McGill that focuses on anti-racism, migrant justice, and Indigenous solidarity.\" \/>\n<meta name=\"robots\" content=\"index, follow, max-snippet:-1, max-image-preview:large, max-video-preview:-1\" \/>\n<link rel=\"canonical\" href=\"https:\/\/qpirgmcgill.org\/fr\/cs\/\" \/>\n<meta property=\"og:locale\" content=\"fr_CA\" \/>\n<meta property=\"og:type\" content=\"article\" \/>\n<meta property=\"og:title\" content=\"Culture Shock &#8211; QPIRG McGill\" \/>\n<meta property=\"og:description\" content=\"Culture Shock is an annual event series organized by QPIRG-McGill that focuses on anti-racism, migrant justice, and Indigenous solidarity.\" \/>\n<meta property=\"og:url\" content=\"https:\/\/qpirgmcgill.org\/fr\/cs\/\" \/>\n<meta property=\"og:site_name\" content=\"QPIRG McGill\" \/>\n<meta property=\"article:modified_time\" content=\"2025-10-22T18:28:10+00:00\" \/>\n<meta property=\"og:image\" content=\"https:\/\/qpirgmcgill.org\/wp-content\/uploads\/2025\/10\/3.png\" \/>\n\t<meta property=\"og:image:width\" content=\"1920\" \/>\n\t<meta property=\"og:image:height\" content=\"1080\" \/>\n\t<meta property=\"og:image:type\" content=\"image\/png\" \/>\n<meta name=\"twitter:card\" content=\"summary_large_image\" \/>\n<meta name=\"twitter:label1\" content=\"Estimation du temps de lecture\" \/>\n\t<meta name=\"twitter:data1\" content=\"3 minutes\" \/>\n<script type=\"application\/ld+json\" class=\"yoast-schema-graph\">{\"@context\":\"https:\\\/\\\/schema.org\",\"@graph\":[{\"@type\":\"WebPage\",\"@id\":\"https:\\\/\\\/qpirgmcgill.org\\\/cs\\\/\",\"url\":\"https:\\\/\\\/qpirgmcgill.org\\\/cs\\\/\",\"name\":\"Culture Shock &#8211; QPIRG McGill\",\"isPartOf\":{\"@id\":\"https:\\\/\\\/qpirgmcgill.org\\\/#website\"},\"primaryImageOfPage\":{\"@id\":\"https:\\\/\\\/qpirgmcgill.org\\\/cs\\\/#primaryimage\"},\"image\":{\"@id\":\"https:\\\/\\\/qpirgmcgill.org\\\/cs\\\/#primaryimage\"},\"thumbnailUrl\":\"https:\\\/\\\/qpirgmcgill.org\\\/wp-content\\\/uploads\\\/2025\\\/10\\\/3.png\",\"datePublished\":\"2020-12-16T03:13:31+00:00\",\"dateModified\":\"2025-10-22T18:28:10+00:00\",\"description\":\"Culture Shock is an annual event series organized by QPIRG-McGill that focuses on anti-racism, migrant justice, and Indigenous solidarity.\",\"breadcrumb\":{\"@id\":\"https:\\\/\\\/qpirgmcgill.org\\\/cs\\\/#breadcrumb\"},\"inLanguage\":\"fr-CA\",\"potentialAction\":[{\"@type\":\"ReadAction\",\"target\":[\"https:\\\/\\\/qpirgmcgill.org\\\/cs\\\/\"]}]},{\"@type\":\"ImageObject\",\"inLanguage\":\"fr-CA\",\"@id\":\"https:\\\/\\\/qpirgmcgill.org\\\/cs\\\/#primaryimage\",\"url\":\"https:\\\/\\\/qpirgmcgill.org\\\/wp-content\\\/uploads\\\/2025\\\/10\\\/3.png\",\"contentUrl\":\"https:\\\/\\\/qpirgmcgill.org\\\/wp-content\\\/uploads\\\/2025\\\/10\\\/3.png\",\"width\":1920,\"height\":1080},{\"@type\":\"BreadcrumbList\",\"@id\":\"https:\\\/\\\/qpirgmcgill.org\\\/cs\\\/#breadcrumb\",\"itemListElement\":[{\"@type\":\"ListItem\",\"position\":1,\"name\":\"Home\",\"item\":\"https:\\\/\\\/qpirgmcgill.org\\\/\"},{\"@type\":\"ListItem\",\"position\":2,\"name\":\"Culture Shock\"}]},{\"@type\":\"WebSite\",\"@id\":\"https:\\\/\\\/qpirgmcgill.org\\\/#website\",\"url\":\"https:\\\/\\\/qpirgmcgill.org\\\/\",\"name\":\"QPIRG McGill\",\"description\":\"Action. Research. Justice.\",\"publisher\":{\"@id\":\"https:\\\/\\\/qpirgmcgill.org\\\/#organization\"},\"potentialAction\":[{\"@type\":\"SearchAction\",\"target\":{\"@type\":\"EntryPoint\",\"urlTemplate\":\"https:\\\/\\\/qpirgmcgill.org\\\/?s={search_term_string}\"},\"query-input\":{\"@type\":\"PropertyValueSpecification\",\"valueRequired\":true,\"valueName\":\"search_term_string\"}}],\"inLanguage\":\"fr-CA\"},{\"@type\":\"Organization\",\"@id\":\"https:\\\/\\\/qpirgmcgill.org\\\/#organization\",\"name\":\"QPIRG\",\"url\":\"https:\\\/\\\/qpirgmcgill.org\\\/\",\"logo\":{\"@type\":\"ImageObject\",\"inLanguage\":\"fr-CA\",\"@id\":\"https:\\\/\\\/qpirgmcgill.org\\\/#\\\/schema\\\/logo\\\/image\\\/\",\"url\":\"https:\\\/\\\/qpirgmcgill.org\\\/wp-content\\\/uploads\\\/2021\\\/11\\\/Logo_colour.png\",\"contentUrl\":\"https:\\\/\\\/qpirgmcgill.org\\\/wp-content\\\/uploads\\\/2021\\\/11\\\/Logo_colour.png\",\"width\":432,\"height\":432,\"caption\":\"QPIRG\"},\"image\":{\"@id\":\"https:\\\/\\\/qpirgmcgill.org\\\/#\\\/schema\\\/logo\\\/image\\\/\"},\"sameAs\":[\"https:\\\/\\\/instagram.com\\\/qpirgmcgill\"]}]}<\/script>\n<!-- \/ Yoast SEO plugin. -->","yoast_head_json":{"title":"Culture Shock &#8211; QPIRG McGill","description":"Culture Shock is an annual event series organized by QPIRG-McGill that focuses on anti-racism, migrant justice, and Indigenous solidarity.","robots":{"index":"index","follow":"follow","max-snippet":"max-snippet:-1","max-image-preview":"max-image-preview:large","max-video-preview":"max-video-preview:-1"},"canonical":"https:\/\/qpirgmcgill.org\/fr\/cs\/","og_locale":"fr_CA","og_type":"article","og_title":"Culture Shock &#8211; QPIRG McGill","og_description":"Culture Shock is an annual event series organized by QPIRG-McGill that focuses on anti-racism, migrant justice, and Indigenous solidarity.","og_url":"https:\/\/qpirgmcgill.org\/fr\/cs\/","og_site_name":"QPIRG McGill","article_modified_time":"2025-10-22T18:28:10+00:00","og_image":[{"width":1920,"height":1080,"url":"https:\/\/qpirgmcgill.org\/wp-content\/uploads\/2025\/10\/3.png","type":"image\/png"}],"twitter_card":"summary_large_image","twitter_misc":{"Estimation du temps de lecture":"3 minutes"},"schema":{"@context":"https:\/\/schema.org","@graph":[{"@type":"WebPage","@id":"https:\/\/qpirgmcgill.org\/cs\/","url":"https:\/\/qpirgmcgill.org\/cs\/","name":"Culture Shock &#8211; QPIRG McGill","isPartOf":{"@id":"https:\/\/qpirgmcgill.org\/#website"},"primaryImageOfPage":{"@id":"https:\/\/qpirgmcgill.org\/cs\/#primaryimage"},"image":{"@id":"https:\/\/qpirgmcgill.org\/cs\/#primaryimage"},"thumbnailUrl":"https:\/\/qpirgmcgill.org\/wp-content\/uploads\/2025\/10\/3.png","datePublished":"2020-12-16T03:13:31+00:00","dateModified":"2025-10-22T18:28:10+00:00","description":"Culture Shock is an annual event series organized by QPIRG-McGill that focuses on anti-racism, migrant justice, and Indigenous solidarity.","breadcrumb":{"@id":"https:\/\/qpirgmcgill.org\/cs\/#breadcrumb"},"inLanguage":"fr-CA","potentialAction":[{"@type":"ReadAction","target":["https:\/\/qpirgmcgill.org\/cs\/"]}]},{"@type":"ImageObject","inLanguage":"fr-CA","@id":"https:\/\/qpirgmcgill.org\/cs\/#primaryimage","url":"https:\/\/qpirgmcgill.org\/wp-content\/uploads\/2025\/10\/3.png","contentUrl":"https:\/\/qpirgmcgill.org\/wp-content\/uploads\/2025\/10\/3.png","width":1920,"height":1080},{"@type":"BreadcrumbList","@id":"https:\/\/qpirgmcgill.org\/cs\/#breadcrumb","itemListElement":[{"@type":"ListItem","position":1,"name":"Home","item":"https:\/\/qpirgmcgill.org\/"},{"@type":"ListItem","position":2,"name":"Culture Shock"}]},{"@type":"WebSite","@id":"https:\/\/qpirgmcgill.org\/#website","url":"https:\/\/qpirgmcgill.org\/","name":"GRIP McGill","description":"Action. Research. Justice.","publisher":{"@id":"https:\/\/qpirgmcgill.org\/#organization"},"potentialAction":[{"@type":"SearchAction","target":{"@type":"EntryPoint","urlTemplate":"https:\/\/qpirgmcgill.org\/?s={search_term_string}"},"query-input":{"@type":"PropertyValueSpecification","valueRequired":true,"valueName":"search_term_string"}}],"inLanguage":"fr-CA"},{"@type":"Organization","@id":"https:\/\/qpirgmcgill.org\/#organization","name":"QPIRG","url":"https:\/\/qpirgmcgill.org\/","logo":{"@type":"ImageObject","inLanguage":"fr-CA","@id":"https:\/\/qpirgmcgill.org\/#\/schema\/logo\/image\/","url":"https:\/\/qpirgmcgill.org\/wp-content\/uploads\/2021\/11\/Logo_colour.png","contentUrl":"https:\/\/qpirgmcgill.org\/wp-content\/uploads\/2021\/11\/Logo_colour.png","width":432,"height":432,"caption":"QPIRG"},"image":{"@id":"https:\/\/qpirgmcgill.org\/#\/schema\/logo\/image\/"},"sameAs":["https:\/\/instagram.com\/qpirgmcgill"]}]}},"ticketed":false,"_links":{"self":[{"href":"https:\/\/qpirgmcgill.org\/fr\/wp-json\/wp\/v2\/pages\/1561","targetHints":{"allow":["GET"]}}],"collection":[{"href":"https:\/\/qpirgmcgill.org\/fr\/wp-json\/wp\/v2\/pages"}],"about":[{"href":"https:\/\/qpirgmcgill.org\/fr\/wp-json\/wp\/v2\/types\/page"}],"author":[{"embeddable":true,"href":"https:\/\/qpirgmcgill.org\/fr\/wp-json\/wp\/v2\/users\/1"}],"replies":[{"embeddable":true,"href":"https:\/\/qpirgmcgill.org\/fr\/wp-json\/wp\/v2\/comments?post=1561"}],"version-history":[{"count":137,"href":"https:\/\/qpirgmcgill.org\/fr\/wp-json\/wp\/v2\/pages\/1561\/revisions"}],"predecessor-version":[{"id":5043,"href":"https:\/\/qpirgmcgill.org\/fr\/wp-json\/wp\/v2\/pages\/1561\/revisions\/5043"}],"wp:featuredmedia":[{"embeddable":true,"href":"https:\/\/qpirgmcgill.org\/fr\/wp-json\/wp\/v2\/media\/4989"}],"wp:attachment":[{"href":"https:\/\/qpirgmcgill.org\/fr\/wp-json\/wp\/v2\/media?parent=1561"}],"curies":[{"name":"wp","href":"https:\/\/api.w.org\/{rel}","templated":true}]}}