{"id":1565,"date":"2020-12-15T22:16:17","date_gmt":"2020-12-16T03:16:17","guid":{"rendered":"https:\/\/qpirgmcgill.org\/?page_id=1565"},"modified":"2025-08-19T13:21:07","modified_gmt":"2025-08-19T17:21:07","slug":"rad-frosh","status":"publish","type":"page","link":"https:\/\/qpirgmcgill.org\/fr\/rad-frosh\/","title":{"rendered":"Rad Frosh 2025"},"content":{"rendered":"<h1 class=\"wp-block-heading\" id=\"rad-frosh\">Rad Frosh<\/h1>\n\n\n<p><strong>Rad Frosh 2025 is happening August 29\u201331!<\/strong><\/p>\n\n\n\n<p>Rad Frosh is a three-day alternative orientation for students who want to connect, learn, and build community, all through a social justice lens.<br><\/p>\n\n\n\n<p>This year\u2019s theme, All Roads Lead to Rad, invites you to explore where your story meets collective resistance.<br>Expect:<\/p>\n\n\n\n<ul class=\"wp-block-list\">\n<li>Catered meals<\/li>\n\n\n\n<li>Art &amp; reflection spaces<\/li>\n\n\n\n<li>Skill-building workshops<\/li>\n\n\n\n<li>Panels on activism, organizing &amp; movement-building<\/li>\n\n\n\n<li>We kick off with a campus tour that challenges colonial histories, and dive into a Friday night panel on McGill, repression, and lawfare, with voices from across campus and beyond.<\/li>\n\n\n\n<li>Whether you&#8217;re new to Tio\u2019tia:ke\/Mooniyang or just looking for a space that feels real, this is your Frosh.<\/li>\n<\/ul>\n\n\n\n<p>This unique experience will give you the chance to get to know activist and community groups on campus and beyond, while also introducing you to more social justice issues.<\/p>\n\n\n\n<p>Rad Frosh is open to all McGill students! <strong>Registration for Rad Frosh is open now on <a href=\"https:\/\/involvement.mcgill.ca\/organization\/frosh2025\">MyInvolvement!<\/a><\/strong><\/p>\n\n\n\n<p>Registration for Rad Frosh costs $80. Rad Frosh operates to be as accessible as possible, and offers a <strong>pay-what-you-can<\/strong> bursary option on the registration platform.<\/p>\n\n\n\n<p><a href=\"https:\/\/qpirgmcgill.org\/fr\/contact\/\" data-type=\"page\" data-id=\"9\">Contact us<\/a> for more information.<\/p>\n\n\n<h2 class=\"wp-block-heading\" id=\"workshops-and-tours\">Workshops and Tours<\/h2>\n\n\n<p>Rad Frosh offers a variety of workshops on topics related to activism and community organizing. We also host a radical guided tour of McGill and the surrounding Milton-Parc neighbourhood.<\/p>\n\n\n\n<figure class=\"wp-block-image size-full\"><img loading=\"lazy\" decoding=\"async\" width=\"960\" height=\"639\" src=\"https:\/\/qpirgmcgill.org\/wp-content\/uploads\/2021\/01\/Rad-Frosh.jpg\" alt=\"Three people holding hot dogs and smiling in a park.\" class=\"wp-image-1842\" srcset=\"https:\/\/qpirgmcgill.org\/wp-content\/uploads\/2021\/01\/Rad-Frosh.jpg 960w, https:\/\/qpirgmcgill.org\/wp-content\/uploads\/2021\/01\/Rad-Frosh-300x200.jpg 300w, https:\/\/qpirgmcgill.org\/wp-content\/uploads\/2021\/01\/Rad-Frosh-768x511.jpg 768w, https:\/\/qpirgmcgill.org\/wp-content\/uploads\/2021\/01\/Rad-Frosh-16x12.jpg 16w\" sizes=\"auto, (max-width: 960px) 100vw, 960px\" \/><\/figure>\n\n\n<h2 class=\"wp-block-heading\" id=\"alternative-event-options-and-catered-meals\">Alternative Event Options and Catered Meals<\/h2>\n\n\n<p>Rad Frosh offers a wide variety of events, with casual event options like movie screenings and board game nights. We also provide all froshies with catered meals for breakfast, lunch, and dinner.<\/p>\n\n\n<h2 class=\"wp-block-heading\" id=\"queerfriendly-events\">Queer-friendly events<\/h2>\n\n\n<p>In the past, Rad Frosh has organized drag shows and kiki balls to showcase local drag artists and performers, as well as a queer prom!<\/p>\n\n\n\n<figure class=\"wp-block-image size-large\"><img loading=\"lazy\" decoding=\"async\" width=\"1024\" height=\"576\" src=\"https:\/\/qpirgmcgill.org\/wp-content\/uploads\/2021\/01\/Queer-Prom-2-1024x576.jpg\" alt=\"A group of five people dressed in party clothing against a bright backdrop.\" class=\"wp-image-1841\" srcset=\"https:\/\/qpirgmcgill.org\/wp-content\/uploads\/2021\/01\/Queer-Prom-2-1024x576.jpg 1024w, https:\/\/qpirgmcgill.org\/wp-content\/uploads\/2021\/01\/Queer-Prom-2-300x169.jpg 300w, https:\/\/qpirgmcgill.org\/wp-content\/uploads\/2021\/01\/Queer-Prom-2-768x432.jpg 768w, https:\/\/qpirgmcgill.org\/wp-content\/uploads\/2021\/01\/Queer-Prom-2-1536x863.jpg 1536w, https:\/\/qpirgmcgill.org\/wp-content\/uploads\/2021\/01\/Queer-Prom-2-16x9.jpg 16w, https:\/\/qpirgmcgill.org\/wp-content\/uploads\/2021\/01\/Queer-Prom-2-1228x691.jpg 1228w, https:\/\/qpirgmcgill.org\/wp-content\/uploads\/2021\/01\/Queer-Prom-2-614x346.jpg 614w, https:\/\/qpirgmcgill.org\/wp-content\/uploads\/2021\/01\/Queer-Prom-2-295x166.jpg 295w, https:\/\/qpirgmcgill.org\/wp-content\/uploads\/2021\/01\/Queer-Prom-2.jpg 2048w\" sizes=\"auto, (max-width: 1024px) 100vw, 1024px\" \/><\/figure>\n\n\n<h2 class=\"wp-block-heading\" id=\"accessibility\">Accessibilit\u00e9<\/h2>\n\n\n<p>L'accessibilit\u00e9 est une priorit\u00e9 pour Rad Frosh. Voici quelques-unes des mesures que nous prenons pour nous assurer que chacun tire le meilleur parti de son exp\u00e9rience \u00e0 Rad Frosh. Nous continuerons \u00e0 les mettre \u00e0 jour au fur et \u00e0 mesure de la planification, mais n'h\u00e9sitez pas \u00e0 <a href=\"https:\/\/qpirgmcgill.org\/fr\/radfrosh\/contact-us\/\">nous contacter<\/a>&nbsp;si vous avez des questions ou des demandes sp\u00e9cifiques, nous sommes heureux de discuter par t\u00e9l\u00e9phone ou par e-mail!<\/p>\n\n\n\n<ul class=\"wp-block-list\">\n<li>Rad Frosh has a <strong>pay-what-you-can<\/strong> option, and&nbsp;<strong>personne ne sera refus\u00e9 par manque de fonds.<\/strong><\/li>\n\n\n\n<li>Les participants peuvent choisir&nbsp;<strong>smaller Frosh groups<\/strong>&nbsp;de faire partie de petits groupes de Frosh s'ils le pr\u00e9f\u00e8rent (groupes de 3 \u00e0 5 participants).<\/li>\n<\/ul>\n\n\n<h3 class=\"wp-block-heading\" id=\"accessibility-measures-available-with-2-weeks-notice\">Accessibility Measures Available with 2 Weeks\u2019 Notice:<\/h3>\n\n\n<p>To request any of these services, please contact us ASAP. Please contact us with your requests even if you miss&nbsp;this deadline and we will do our best!<\/p>\n\n\n\n<ul class=\"wp-block-list\">\n<li>Garde d'enfants<\/li>\n\n\n\n<li>Interpr\u00e9tation LSQ<\/li>\n\n\n\n<li>Traduction en fran\u00e7ais<\/li>\n<\/ul>\n\n\n\n<p>Les demandes d'accessibilit\u00e9 suppl\u00e9mentaires sont les bienvenues et encourag\u00e9es, et le coordinateur fera de son mieux pour r\u00e9pondre \u00e0 tout besoin d'acc\u00e8s qui se pr\u00e9sentera.<\/p>\n\n\n\n<figure class=\"wp-block-image size-large\"><img loading=\"lazy\" decoding=\"async\" width=\"1024\" height=\"681\" src=\"https:\/\/qpirgmcgill.org\/wp-content\/uploads\/2021\/01\/Loft-Party-1024x681.jpg\" alt=\"Two people blowing party horns and smiling. Behind them are four rows of flowers that are tied together.\" class=\"wp-image-1840\" srcset=\"https:\/\/qpirgmcgill.org\/wp-content\/uploads\/2021\/01\/Loft-Party-1024x681.jpg 1024w, https:\/\/qpirgmcgill.org\/wp-content\/uploads\/2021\/01\/Loft-Party-300x199.jpg 300w, https:\/\/qpirgmcgill.org\/wp-content\/uploads\/2021\/01\/Loft-Party-768x511.jpg 768w, https:\/\/qpirgmcgill.org\/wp-content\/uploads\/2021\/01\/Loft-Party-16x12.jpg 16w, https:\/\/qpirgmcgill.org\/wp-content\/uploads\/2021\/01\/Loft-Party.jpg 1504w\" sizes=\"auto, (max-width: 1024px) 100vw, 1024px\" \/><\/figure>\n\n\n<h2 class=\"wp-block-heading\" id=\"become-a-facilitator\">Become a facilitator!<\/h2>\n\n\n<p>Rad Frosh is truly a community effort. We rely on volunteers to plan and execute Rad Frosh, and we are so grateful to the activists and community groups who host workshops, tours, and DIY Fair tables. There are always ways to get involved with Rad Frosh!<\/p>\n\n\n\n<p>Les animateurs sont des dirigeants non hi\u00e9rarchiques qui sont essentiels \u00e0 l'exp\u00e9rience Rad Frosh. Les facilitateurs seront jumel\u00e9s et seront charg\u00e9s de guider un groupe de participants au cours du week-end. C'est tr\u00e8s amusant et c'est une excellente occasion d'en apprendre davantage sur le travail extraordinaire qui se fait sur le campus et \u00e0 Montr\u00e9al!<\/p>\n\n\n\n<p>Les animateurs sont attendus:<\/p>\n\n\n\n<ul class=\"wp-block-list\">\n<li>Attend a mandatory training sessions at the end of August<\/li>\n\n\n\n<li>Animer une discussion en petit groupe et prendre des nouvelles des participants tout au long du week-end<\/li>\n\n\n\n<li>\u00catre pr\u00e9sent lors de la programmation tout au long du week-end de Rad Frosh<\/li>\n\n\n\n<li>&nbsp;Veiller \u00e0 ce que les participants passent un moment agr\u00e9able, \u00e9ducatif et aussi s\u00fbr que possible pendant le programme<\/li>\n\n\n\n<li>Jouer un r\u00f4le de mentor pour les participants de leur groupe<\/li>\n\n\n\n<li>\u00catre un guide actif, non critique, respectueux et capable de r\u00e9duire les risques pour son groupe de participants tout au long du week-end<\/li>\n\n\n\n<li>Dans la mesure du possible, fournir un soutien logistique tout au long du week-end afin d'assurer le bon fonctionnement de Rad Frosh<\/li>\n<\/ul>\n\n\n\n<figure class=\"wp-block-image size-large\"><img loading=\"lazy\" decoding=\"async\" width=\"1024\" height=\"683\" src=\"https:\/\/qpirgmcgill.org\/wp-content\/uploads\/2024\/12\/tatreez-workshop-audience-1024x683.jpg\" alt=\"\" class=\"wp-image-4179\" srcset=\"https:\/\/qpirgmcgill.org\/wp-content\/uploads\/2024\/12\/tatreez-workshop-audience-1024x683.jpg 1024w, https:\/\/qpirgmcgill.org\/wp-content\/uploads\/2024\/12\/tatreez-workshop-audience-300x200.jpg 300w, https:\/\/qpirgmcgill.org\/wp-content\/uploads\/2024\/12\/tatreez-workshop-audience-768x512.jpg 768w, https:\/\/qpirgmcgill.org\/wp-content\/uploads\/2024\/12\/tatreez-workshop-audience-1536x1025.jpg 1536w, https:\/\/qpirgmcgill.org\/wp-content\/uploads\/2024\/12\/tatreez-workshop-audience-2048x1367.jpg 2048w, https:\/\/qpirgmcgill.org\/wp-content\/uploads\/2024\/12\/tatreez-workshop-audience-18x12.jpg 18w\" sizes=\"auto, (max-width: 1024px) 100vw, 1024px\" \/><\/figure>\n\n\n\n<p>Rad Frosh is made possible with funding from the Young Canada Works Program, which funds the Rad Frosh Coordinator summer position.<\/p>\n\n\n\n<figure class=\"wp-block-image aligncenter size-full is-resized\"><img loading=\"lazy\" decoding=\"async\" width=\"646\" height=\"323\" src=\"https:\/\/qpirgmcgill.org\/wp-content\/uploads\/2024\/09\/gov-canada.jpg\" alt=\"\" class=\"wp-image-3998\" style=\"width:350px;height:auto\" srcset=\"https:\/\/qpirgmcgill.org\/wp-content\/uploads\/2024\/09\/gov-canada.jpg 646w, https:\/\/qpirgmcgill.org\/wp-content\/uploads\/2024\/09\/gov-canada-300x150.jpg 300w, https:\/\/qpirgmcgill.org\/wp-content\/uploads\/2024\/09\/gov-canada-18x9.jpg 18w\" sizes=\"auto, (max-width: 646px) 100vw, 646px\" \/><\/figure>","protected":false},"excerpt":{"rendered":"<p>Rad Frosh Rad Frosh 2025 is happening August 29\u201331! Rad Frosh is a three-day alternative orientation for students who want to connect, learn, and build community, all through a social [&hellip;]<\/p>\n","protected":false},"author":1,"featured_media":4646,"parent":0,"menu_order":0,"comment_status":"closed","ping_status":"closed","template":"","meta":{"_price":"","_stock":"","_tribe_ticket_header":"","_tribe_default_ticket_provider":"","_tribe_ticket_capacity":"0","_ticket_start_date":"","_ticket_end_date":"","_tribe_ticket_show_description":"","_tribe_ticket_show_not_going":false,"_tribe_ticket_use_global_stock":"","_tribe_ticket_global_stock_level":"","_global_stock_mode":"","_global_stock_cap":"","_tribe_rsvp_for_event":"","_tribe_ticket_going_count":"","_tribe_ticket_not_going_count":"","_tribe_tickets_list":"[]","_tribe_ticket_has_attendee_info_fields":false,"_EventAllDay":false,"_EventTimezone":"","_EventStartDate":"","_EventEndDate":"","_EventStartDateUTC":"","_EventEndDateUTC":"","_EventShowMap":false,"_EventShowMapLink":false,"_EventURL":"","_EventCost":"","_EventCostDescription":"","_EventCurrencySymbol":"","_EventCurrencyCode":"","_EventCurrencyPosition":"","_EventDateTimeSeparator":"","_EventTimeRangeSeparator":"","_EventOrganizerID":[],"_EventVenueID":[],"_OrganizerEmail":"","_OrganizerPhone":"","_OrganizerWebsite":"","_VenueAddress":"","_VenueCity":"","_VenueCountry":"","_VenueProvince":"","_VenueState":"","_VenueZip":"","_VenuePhone":"","_VenueURL":"","_VenueStateProvince":"","_VenueLat":"","_VenueLng":"","_VenueShowMap":false,"_VenueShowMapLink":false,"footnotes":"","_tec_slr_enabled":"","_tec_slr_layout":""},"class_list":["post-1565","page","type-page","status-publish","has-post-thumbnail","hentry"],"yoast_head":"<!-- This site is optimized with the Yoast SEO plugin v27.4 - https:\/\/yoast.com\/product\/yoast-seo-wordpress\/ -->\n<title>Rad Frosh 2025 &#8211; QPIRG McGill<\/title>\n<meta name=\"description\" content=\"Rad Frosh is a three-day long alternative orientation to McGill and Tiohti\u00e0:ke with a pay-what-you-can option. Activities include a drag show\/kiki ball, workshops, and a dance party!\" \/>\n<meta name=\"robots\" content=\"index, follow, max-snippet:-1, max-image-preview:large, max-video-preview:-1\" \/>\n<link rel=\"canonical\" href=\"https:\/\/qpirgmcgill.org\/fr\/rad-frosh\/\" \/>\n<meta property=\"og:locale\" content=\"fr_CA\" \/>\n<meta property=\"og:type\" content=\"article\" \/>\n<meta property=\"og:title\" content=\"Rad Frosh 2025 &#8211; QPIRG McGill\" \/>\n<meta property=\"og:description\" content=\"Rad Frosh is a three-day long alternative orientation to McGill and Tiohti\u00e0:ke with a pay-what-you-can option. Activities include a drag show\/kiki ball, workshops, and a dance party!\" \/>\n<meta property=\"og:url\" content=\"https:\/\/qpirgmcgill.org\/fr\/rad-frosh\/\" \/>\n<meta property=\"og:site_name\" content=\"QPIRG McGill\" \/>\n<meta property=\"article:modified_time\" content=\"2025-08-19T17:21:07+00:00\" \/>\n<meta property=\"og:image\" content=\"https:\/\/qpirgmcgill.org\/wp-content\/uploads\/2023\/08\/Rad-Frosh-poster-resized-4-to-6-for-IG-819x1024.png\" \/>\n\t<meta property=\"og:image:width\" content=\"819\" \/>\n\t<meta property=\"og:image:height\" content=\"1024\" \/>\n\t<meta property=\"og:image:type\" content=\"image\/png\" \/>\n<meta name=\"twitter:card\" content=\"summary_large_image\" \/>\n<meta name=\"twitter:image\" content=\"https:\/\/qpirgmcgill.org\/wp-content\/uploads\/2023\/08\/Silkscreen-orange.jpeg\" \/>\n<meta name=\"twitter:label1\" content=\"Estimation du temps de lecture\" \/>\n\t<meta name=\"twitter:data1\" content=\"5 minutes\" \/>\n<script type=\"application\/ld+json\" class=\"yoast-schema-graph\">{\"@context\":\"https:\\\/\\\/schema.org\",\"@graph\":[{\"@type\":\"WebPage\",\"@id\":\"https:\\\/\\\/qpirgmcgill.org\\\/rad-frosh\\\/\",\"url\":\"https:\\\/\\\/qpirgmcgill.org\\\/rad-frosh\\\/\",\"name\":\"Rad Frosh 2025 &#8211; QPIRG McGill\",\"isPartOf\":{\"@id\":\"https:\\\/\\\/qpirgmcgill.org\\\/#website\"},\"primaryImageOfPage\":{\"@id\":\"https:\\\/\\\/qpirgmcgill.org\\\/rad-frosh\\\/#primaryimage\"},\"image\":{\"@id\":\"https:\\\/\\\/qpirgmcgill.org\\\/rad-frosh\\\/#primaryimage\"},\"thumbnailUrl\":\"https:\\\/\\\/qpirgmcgill.org\\\/wp-content\\\/uploads\\\/2025\\\/07\\\/2025-07-Rad-Frosh-1.png\",\"datePublished\":\"2020-12-16T03:16:17+00:00\",\"dateModified\":\"2025-08-19T17:21:07+00:00\",\"description\":\"Rad Frosh is a three-day long alternative orientation to McGill and Tiohti\u00e0:ke with a pay-what-you-can option. Activities include a drag show\\\/kiki ball, workshops, and a dance party!\",\"breadcrumb\":{\"@id\":\"https:\\\/\\\/qpirgmcgill.org\\\/rad-frosh\\\/#breadcrumb\"},\"inLanguage\":\"fr-CA\",\"potentialAction\":[{\"@type\":\"ReadAction\",\"target\":[\"https:\\\/\\\/qpirgmcgill.org\\\/rad-frosh\\\/\"]}]},{\"@type\":\"ImageObject\",\"inLanguage\":\"fr-CA\",\"@id\":\"https:\\\/\\\/qpirgmcgill.org\\\/rad-frosh\\\/#primaryimage\",\"url\":\"https:\\\/\\\/qpirgmcgill.org\\\/wp-content\\\/uploads\\\/2025\\\/07\\\/2025-07-Rad-Frosh-1.png\",\"contentUrl\":\"https:\\\/\\\/qpirgmcgill.org\\\/wp-content\\\/uploads\\\/2025\\\/07\\\/2025-07-Rad-Frosh-1.png\",\"width\":1920,\"height\":1080},{\"@type\":\"BreadcrumbList\",\"@id\":\"https:\\\/\\\/qpirgmcgill.org\\\/rad-frosh\\\/#breadcrumb\",\"itemListElement\":[{\"@type\":\"ListItem\",\"position\":1,\"name\":\"Home\",\"item\":\"https:\\\/\\\/qpirgmcgill.org\\\/\"},{\"@type\":\"ListItem\",\"position\":2,\"name\":\"Rad Frosh 2025\"}]},{\"@type\":\"WebSite\",\"@id\":\"https:\\\/\\\/qpirgmcgill.org\\\/#website\",\"url\":\"https:\\\/\\\/qpirgmcgill.org\\\/\",\"name\":\"QPIRG McGill\",\"description\":\"Action. Research. Justice.\",\"publisher\":{\"@id\":\"https:\\\/\\\/qpirgmcgill.org\\\/#organization\"},\"potentialAction\":[{\"@type\":\"SearchAction\",\"target\":{\"@type\":\"EntryPoint\",\"urlTemplate\":\"https:\\\/\\\/qpirgmcgill.org\\\/?s={search_term_string}\"},\"query-input\":{\"@type\":\"PropertyValueSpecification\",\"valueRequired\":true,\"valueName\":\"search_term_string\"}}],\"inLanguage\":\"fr-CA\"},{\"@type\":\"Organization\",\"@id\":\"https:\\\/\\\/qpirgmcgill.org\\\/#organization\",\"name\":\"QPIRG\",\"url\":\"https:\\\/\\\/qpirgmcgill.org\\\/\",\"logo\":{\"@type\":\"ImageObject\",\"inLanguage\":\"fr-CA\",\"@id\":\"https:\\\/\\\/qpirgmcgill.org\\\/#\\\/schema\\\/logo\\\/image\\\/\",\"url\":\"https:\\\/\\\/qpirgmcgill.org\\\/wp-content\\\/uploads\\\/2021\\\/11\\\/Logo_colour.png\",\"contentUrl\":\"https:\\\/\\\/qpirgmcgill.org\\\/wp-content\\\/uploads\\\/2021\\\/11\\\/Logo_colour.png\",\"width\":432,\"height\":432,\"caption\":\"QPIRG\"},\"image\":{\"@id\":\"https:\\\/\\\/qpirgmcgill.org\\\/#\\\/schema\\\/logo\\\/image\\\/\"},\"sameAs\":[\"https:\\\/\\\/instagram.com\\\/qpirgmcgill\"]}]}<\/script>\n<!-- \/ Yoast SEO plugin. -->","yoast_head_json":{"title":"Rad Frosh 2025 &#8211; QPIRG McGill","description":"Rad Frosh is a three-day long alternative orientation to McGill and Tiohti\u00e0:ke with a pay-what-you-can option. Activities include a drag show\/kiki ball, workshops, and a dance party!","robots":{"index":"index","follow":"follow","max-snippet":"max-snippet:-1","max-image-preview":"max-image-preview:large","max-video-preview":"max-video-preview:-1"},"canonical":"https:\/\/qpirgmcgill.org\/fr\/rad-frosh\/","og_locale":"fr_CA","og_type":"article","og_title":"Rad Frosh 2025 &#8211; QPIRG McGill","og_description":"Rad Frosh is a three-day long alternative orientation to McGill and Tiohti\u00e0:ke with a pay-what-you-can option. Activities include a drag show\/kiki ball, workshops, and a dance party!","og_url":"https:\/\/qpirgmcgill.org\/fr\/rad-frosh\/","og_site_name":"QPIRG McGill","article_modified_time":"2025-08-19T17:21:07+00:00","og_image":[{"width":819,"height":1024,"url":"https:\/\/qpirgmcgill.org\/wp-content\/uploads\/2023\/08\/Rad-Frosh-poster-resized-4-to-6-for-IG-819x1024.png","type":"image\/png"}],"twitter_card":"summary_large_image","twitter_image":"https:\/\/qpirgmcgill.org\/wp-content\/uploads\/2023\/08\/Silkscreen-orange.jpeg","twitter_misc":{"Estimation du temps de lecture":"5 minutes"},"schema":{"@context":"https:\/\/schema.org","@graph":[{"@type":"WebPage","@id":"https:\/\/qpirgmcgill.org\/rad-frosh\/","url":"https:\/\/qpirgmcgill.org\/rad-frosh\/","name":"Rad Frosh 2025 &#8211; QPIRG McGill","isPartOf":{"@id":"https:\/\/qpirgmcgill.org\/#website"},"primaryImageOfPage":{"@id":"https:\/\/qpirgmcgill.org\/rad-frosh\/#primaryimage"},"image":{"@id":"https:\/\/qpirgmcgill.org\/rad-frosh\/#primaryimage"},"thumbnailUrl":"https:\/\/qpirgmcgill.org\/wp-content\/uploads\/2025\/07\/2025-07-Rad-Frosh-1.png","datePublished":"2020-12-16T03:16:17+00:00","dateModified":"2025-08-19T17:21:07+00:00","description":"Rad Frosh is a three-day long alternative orientation to McGill and Tiohti\u00e0:ke with a pay-what-you-can option. Activities include a drag show\/kiki ball, workshops, and a dance party!","breadcrumb":{"@id":"https:\/\/qpirgmcgill.org\/rad-frosh\/#breadcrumb"},"inLanguage":"fr-CA","potentialAction":[{"@type":"ReadAction","target":["https:\/\/qpirgmcgill.org\/rad-frosh\/"]}]},{"@type":"ImageObject","inLanguage":"fr-CA","@id":"https:\/\/qpirgmcgill.org\/rad-frosh\/#primaryimage","url":"https:\/\/qpirgmcgill.org\/wp-content\/uploads\/2025\/07\/2025-07-Rad-Frosh-1.png","contentUrl":"https:\/\/qpirgmcgill.org\/wp-content\/uploads\/2025\/07\/2025-07-Rad-Frosh-1.png","width":1920,"height":1080},{"@type":"BreadcrumbList","@id":"https:\/\/qpirgmcgill.org\/rad-frosh\/#breadcrumb","itemListElement":[{"@type":"ListItem","position":1,"name":"Home","item":"https:\/\/qpirgmcgill.org\/"},{"@type":"ListItem","position":2,"name":"Rad Frosh 2025"}]},{"@type":"WebSite","@id":"https:\/\/qpirgmcgill.org\/#website","url":"https:\/\/qpirgmcgill.org\/","name":"GRIP McGill","description":"Action. Research. Justice.","publisher":{"@id":"https:\/\/qpirgmcgill.org\/#organization"},"potentialAction":[{"@type":"SearchAction","target":{"@type":"EntryPoint","urlTemplate":"https:\/\/qpirgmcgill.org\/?s={search_term_string}"},"query-input":{"@type":"PropertyValueSpecification","valueRequired":true,"valueName":"search_term_string"}}],"inLanguage":"fr-CA"},{"@type":"Organization","@id":"https:\/\/qpirgmcgill.org\/#organization","name":"QPIRG","url":"https:\/\/qpirgmcgill.org\/","logo":{"@type":"ImageObject","inLanguage":"fr-CA","@id":"https:\/\/qpirgmcgill.org\/#\/schema\/logo\/image\/","url":"https:\/\/qpirgmcgill.org\/wp-content\/uploads\/2021\/11\/Logo_colour.png","contentUrl":"https:\/\/qpirgmcgill.org\/wp-content\/uploads\/2021\/11\/Logo_colour.png","width":432,"height":432,"caption":"QPIRG"},"image":{"@id":"https:\/\/qpirgmcgill.org\/#\/schema\/logo\/image\/"},"sameAs":["https:\/\/instagram.com\/qpirgmcgill"]}]}},"ticketed":false,"_links":{"self":[{"href":"https:\/\/qpirgmcgill.org\/fr\/wp-json\/wp\/v2\/pages\/1565","targetHints":{"allow":["GET"]}}],"collection":[{"href":"https:\/\/qpirgmcgill.org\/fr\/wp-json\/wp\/v2\/pages"}],"about":[{"href":"https:\/\/qpirgmcgill.org\/fr\/wp-json\/wp\/v2\/types\/page"}],"author":[{"embeddable":true,"href":"https:\/\/qpirgmcgill.org\/fr\/wp-json\/wp\/v2\/users\/1"}],"replies":[{"embeddable":true,"href":"https:\/\/qpirgmcgill.org\/fr\/wp-json\/wp\/v2\/comments?post=1565"}],"version-history":[{"count":133,"href":"https:\/\/qpirgmcgill.org\/fr\/wp-json\/wp\/v2\/pages\/1565\/revisions"}],"predecessor-version":[{"id":4882,"href":"https:\/\/qpirgmcgill.org\/fr\/wp-json\/wp\/v2\/pages\/1565\/revisions\/4882"}],"wp:featuredmedia":[{"embeddable":true,"href":"https:\/\/qpirgmcgill.org\/fr\/wp-json\/wp\/v2\/media\/4646"}],"wp:attachment":[{"href":"https:\/\/qpirgmcgill.org\/fr\/wp-json\/wp\/v2\/media?parent=1565"}],"curies":[{"name":"wp","href":"https:\/\/api.w.org\/{rel}","templated":true}]}}