{"id":1571,"date":"2020-12-15T22:23:54","date_gmt":"2020-12-15T22:23:54","guid":{"rendered":"https:\/\/qpirgmcgill.org\/?page_id=1571"},"modified":"2024-12-11T17:56:07","modified_gmt":"2024-12-11T22:56:07","slug":"summer-research-stipends","status":"publish","type":"page","link":"https:\/\/qpirgmcgill.org\/fr\/summer-research-stipends\/","title":{"rendered":"Bourses de recherche d'\u00e9t\u00e9"},"content":{"rendered":"<h1 class=\"wp-block-heading\" id=\"summer-research-stipends\">Bourses de recherche d'\u00e9t\u00e9<\/h1>\n\n\n<p>QPIRG -McGill&#8217;s summer research stipends are intended to provide individuals or groups with a budget\/honoraria to work over the summer (June-August), doing research leading towards action and change within the Montreal community. We typically offer two $3000 stipends. We encourage all interested groups or individuals to apply!<\/p>\n\n\n\n<p><strong>Applications are now closed.<\/strong> Keep an eye out for our annual call for applications, typically publicized in May of each year, by signing up for our <a href=\"https:\/\/qpirgmcgill.org\/fr\/newsletter\/\">notre liste de diffusion<\/a> or following us on <a href=\"https:\/\/www.instagram.com\/qpirgmcgill\/\">Instagram<\/a> and <a href=\"https:\/\/www.facebook.com\/QPIRG.GRIP.McGill\/?ref=bookmarks\">Facebook<\/a>.<\/p>\n\n\n<h2 class=\"wp-block-heading\" id=\"how-to-apply\">How to Apply<\/h2>\n\n\n<details class=\"wp-block-details is-layout-flow wp-block-details-is-layout-flow\"><summary>Application instructions<\/summary>\n<p>Pour postuler, veuillez inclure :<br>1) Une lettre de pr\u00e9sentation qui d\u00e9crit les lignes directrices de votre projet, les besoins qu\u2019il aborde, et comment votre projet remplit les crit\u00e8res ci-dessus. (MAX : 2 pages, id\u00e9alement en format PDF)<\/p>\n\n\n\n<p>2) Un CV des coordinateurs principaux, ou du groupe, comprenant les coordonn\u00e9es de deux r\u00e9f\u00e9rences.<\/p>\n\n\n\n<p>3) Un plan de travail chronologique montrant des buts pr\u00e9cis pour chaque mois, ainsi que, tout travail de suivi qui prendra place apr\u00e8s l\u2019\u00e9t\u00e9, suite au projet<\/p>\n\n\n\n<p>4) Un budget des d\u00e9penses estim\u00e9 pour le projet (p. ex. appels longues distances, achats de mat\u00e9riaux, imprimerie, etc.). Le budget doit couvrir les d\u00e9penses estim\u00e9es du projet en plus d\u2019un honoraire pour les coordonnateurs du projet. Les candidates et (les) candidats peuvent se servir de la somme compl\u00e8te de la bourse comme honoraire s\u2019ils\/elles ne pr\u00e9voient pas d\u2019autres co\u00fbts associ\u00e9s au projet. Votre budget peut \u00eatre format\u00e9 comme <a href=\"https:\/\/docs.google.com\/document\/d\/1QNK_J-yoj7Bz23jslhbuWKpmgK4DfywWmS8GrrpY2P8\/edit\">cet example<\/a>.<\/p>\n\n\n\n<p>Please note: QPIRG-McGill will be funding two research projects this summer, and will allocate one $3,000 stipend for each project. Please ensure that your budget is within this range.<\/p>\n\n\n\n<p>Les candidat-e-s retenu-e-s auront convaincu le comit\u00e9 de s\u00e9lection que :<\/p>\n\n\n\n<ul class=\"wp-block-list\">\n<li>Leur projet est en ligne avec le mandat de GRIP qui est de promouvoir la justice sociale et environnementale op\u00e9rant sur les modes d\u2019anti-oppression<\/li>\n\n\n\n<li>La direction du projet sera guid\u00e9e par les communaut\u00e9s directement affect\u00e9s par le sujet de recherche<\/li>\n\n\n\n<li>Le projet est local et de base<\/li>\n\n\n\n<li>Le projet adressera une lacune dans la communaut\u00e9 et aurait de l\u2019utilit\u00e9 \u00e0 long terme<\/li>\n\n\n\n<li>Le candidat ou (la) candidate a l\u2019exp\u00e9rience n\u00e9cessaire pour entreprendre le projet et le compl\u00e9ter dans les d\u00e9lais tels que propos\u00e9s (juin-ao\u00fbt)<\/li>\n<\/ul>\n<\/details>\n\n\n\n<details class=\"wp-block-details is-layout-flow wp-block-details-is-layout-flow\"><summary>Exemples d'allocations de recherche pour l'\u00e9t\u00e9 dernier:<\/summary>\n<ul class=\"wp-block-list\">\n<li>Cr\u00e9ation d'un blog sur la sexualit\u00e9 et le handicap au Qu\u00e9bec, comprenant des articles, des interviews, des informations et des ressources sur le sexe<\/li>\n\n\n\n<li>Cr\u00e9ation d'un projet artistique de radio documentant les histoires des personnes noires qui ont \u00e9t\u00e9 incarc\u00e9r\u00e9es au Canada<\/li>\n\n\n\n<li>\u00c9laboration d'un guide de ressources con\u00e7u pour fournir une formation accessible et anti-oppressive en mati\u00e8re de sant\u00e9 mentale aux jeunes de 16 \u00e0 25 ans<\/li>\n\n\n\n<li>Production d'un film documentaire sur le Programme des aides familiaux r\u00e9sidants (LCP).<\/li>\n\n\n\n<li>Organisation d'une visite guid\u00e9e bilingue du quartier sud-ouest de Montr\u00e9al qui visait \u00e0 faire ressortir l'histoire des luttes et des combats actuels contre l'embourgeoisement.<\/li>\n<\/ul>\n<\/details>\n\n\n<h2 class=\"wp-block-heading\" id=\"responsibilities-and-deliverables\">Responsibilities and Deliverables<\/h2>\n\n\n<ul class=\"wp-block-list\">\n<li>Compl\u00e9ter le projet de recherche comme indiqu\u00e9 dans la soumission initiale. Des changements majeurs au projet doivent \u00eatre approuv\u00e9s par le Conseil Administratif ou le personnel du GRIP-McGill<\/li>\n\n\n\n<li>Cr\u00e9er, avec le coordinateur des finances du GRIP, un plan d\u00e9crivant la m\u00e9thode de paiement pour la bourse. (\u00c0 noter : c\u2019est de la responsabilit\u00e9 des postulantes en groupe de diviser la bourse entre les membres)<\/li>\n\n\n\n<li>\u00c9tablir des rencontres avec les membres du personnel ou membres du CA au moins une fois par mois pendant l\u2019\u00e9t\u00e9 pour faire des mises \u00e0 jour \u00e0 propos du d\u00e9roulement du projet ou pour toute forme de soutien requis<\/li>\n\n\n\n<li>Pr\u00e9senter au moins deux rapports au conseil d\u2019administration du GRIP pendant l\u2019\u00e9t\u00e9<\/li>\n\n\n\n<li>Produire un rapport final du projet comprenant un r\u00e9sum\u00e9 du travail fait<\/li>\n\n\n\n<li>Transmettre une copie de tout mat\u00e9riel produit au GRIP \u00e0 la fin du projet<\/li>\n\n\n\n<li>Consider presenting the research at a QPIRG-McGill event in the future (such as: Rad Frosh, Social Justice Days, Culture Shock, or otherwise!);<\/li>\n\n\n\n<li>Present the project at QPIRG\u2019s Annual General Meeting in spring of 2024;<\/li>\n\n\n\n<li>Reconna\u00eetre la contribution de GRIP-McGill sur tout mat\u00e9riel promotionnel reli\u00e9 au projet<\/li>\n<\/ul>\n\n\n\n<p>\u00c0 noter : les projets ayant des objectifs \u00e0 long terme en termes d'action ou de campagne ou d'applicabilit\u00e9 \u00e0 d'autres projets et campagnes seront prioris\u00e9s.<\/p>","protected":false},"excerpt":{"rendered":"<p>Summer Research Stipends QPIRG -McGill&#8217;s summer research stipends are intended to provide individuals or groups with a budget\/honoraria to work over the summer (June-August), doing research leading towards action and [&hellip;]<\/p>\n","protected":false},"author":1,"featured_media":3179,"parent":0,"menu_order":0,"comment_status":"closed","ping_status":"closed","template":"visual-builder-template.php","meta":{"_price":"","_stock":"","_tribe_ticket_header":"","_tribe_default_ticket_provider":"","_tribe_ticket_capacity":"0","_ticket_start_date":"","_ticket_end_date":"","_tribe_ticket_show_description":"","_tribe_ticket_show_not_going":false,"_tribe_ticket_use_global_stock":"","_tribe_ticket_global_stock_level":"","_global_stock_mode":"","_global_stock_cap":"","_tribe_rsvp_for_event":"","_tribe_ticket_going_count":"","_tribe_ticket_not_going_count":"","_tribe_tickets_list":"[]","_tribe_ticket_has_attendee_info_fields":false,"_EventAllDay":false,"_EventTimezone":"","_EventStartDate":"","_EventEndDate":"","_EventStartDateUTC":"","_EventEndDateUTC":"","_EventShowMap":false,"_EventShowMapLink":false,"_EventURL":"","_EventCost":"","_EventCostDescription":"","_EventCurrencySymbol":"","_EventCurrencyCode":"","_EventCurrencyPosition":"","_EventDateTimeSeparator":"","_EventTimeRangeSeparator":"","_EventOrganizerID":[],"_EventVenueID":[],"_OrganizerEmail":"","_OrganizerPhone":"","_OrganizerWebsite":"","_VenueAddress":"","_VenueCity":"","_VenueCountry":"","_VenueProvince":"","_VenueState":"","_VenueZip":"","_VenuePhone":"","_VenueURL":"","_VenueStateProvince":"","_VenueLat":"","_VenueLng":"","_VenueShowMap":false,"_VenueShowMapLink":false,"footnotes":"","_tec_slr_enabled":"","_tec_slr_layout":""},"class_list":["post-1571","page","type-page","status-publish","has-post-thumbnail","hentry"],"yoast_head":"<!-- This site is optimized with the Yoast SEO plugin v27.4 - https:\/\/yoast.com\/product\/yoast-seo-wordpress\/ -->\n<title>Summer Research Stipends &#8211; QPIRG McGill<\/title>\n<meta name=\"description\" content=\"QPIRG -McGill&#039;s summer research stipends are intended to provide individuals or groups with an honoraria to do research over the summer.\" \/>\n<meta name=\"robots\" content=\"index, follow, max-snippet:-1, max-image-preview:large, max-video-preview:-1\" \/>\n<link rel=\"canonical\" href=\"https:\/\/qpirgmcgill.org\/fr\/summer-research-stipends\/\" \/>\n<meta property=\"og:locale\" content=\"fr_CA\" \/>\n<meta property=\"og:type\" content=\"article\" \/>\n<meta property=\"og:title\" content=\"Summer Research Stipends &#8211; QPIRG McGill\" \/>\n<meta property=\"og:description\" content=\"QPIRG -McGill&#039;s summer research stipends are intended to provide individuals or groups with an honoraria to do research over the summer.\" \/>\n<meta property=\"og:url\" content=\"https:\/\/qpirgmcgill.org\/fr\/summer-research-stipends\/\" \/>\n<meta property=\"og:site_name\" content=\"QPIRG McGill\" \/>\n<meta property=\"article:modified_time\" content=\"2024-12-11T22:56:07+00:00\" \/>\n<meta name=\"twitter:card\" content=\"summary_large_image\" \/>\n<meta name=\"twitter:label1\" content=\"Estimation du temps de lecture\" \/>\n\t<meta name=\"twitter:data1\" content=\"5 minutes\" \/>\n<script type=\"application\/ld+json\" class=\"yoast-schema-graph\">{\"@context\":\"https:\\\/\\\/schema.org\",\"@graph\":[{\"@type\":\"WebPage\",\"@id\":\"https:\\\/\\\/qpirgmcgill.org\\\/summer-research-stipends\\\/\",\"url\":\"https:\\\/\\\/qpirgmcgill.org\\\/summer-research-stipends\\\/\",\"name\":\"Summer Research Stipends &#8211; QPIRG McGill\",\"isPartOf\":{\"@id\":\"https:\\\/\\\/qpirgmcgill.org\\\/#website\"},\"primaryImageOfPage\":{\"@id\":\"https:\\\/\\\/qpirgmcgill.org\\\/summer-research-stipends\\\/#primaryimage\"},\"image\":{\"@id\":\"https:\\\/\\\/qpirgmcgill.org\\\/summer-research-stipends\\\/#primaryimage\"},\"thumbnailUrl\":\"https:\\\/\\\/qpirgmcgill.org\\\/wp-content\\\/uploads\\\/2023\\\/04\\\/summerstipends2023-wide.png\",\"datePublished\":\"2020-12-15T22:23:54+00:00\",\"dateModified\":\"2024-12-11T22:56:07+00:00\",\"description\":\"QPIRG -McGill's summer research stipends are intended to provide individuals or groups with an honoraria to do research over the summer.\",\"breadcrumb\":{\"@id\":\"https:\\\/\\\/qpirgmcgill.org\\\/summer-research-stipends\\\/#breadcrumb\"},\"inLanguage\":\"fr-CA\",\"potentialAction\":[{\"@type\":\"ReadAction\",\"target\":[\"https:\\\/\\\/qpirgmcgill.org\\\/summer-research-stipends\\\/\"]}]},{\"@type\":\"ImageObject\",\"inLanguage\":\"fr-CA\",\"@id\":\"https:\\\/\\\/qpirgmcgill.org\\\/summer-research-stipends\\\/#primaryimage\",\"url\":\"https:\\\/\\\/qpirgmcgill.org\\\/wp-content\\\/uploads\\\/2023\\\/04\\\/summerstipends2023-wide.png\",\"contentUrl\":\"https:\\\/\\\/qpirgmcgill.org\\\/wp-content\\\/uploads\\\/2023\\\/04\\\/summerstipends2023-wide.png\",\"width\":8001,\"height\":4189},{\"@type\":\"BreadcrumbList\",\"@id\":\"https:\\\/\\\/qpirgmcgill.org\\\/summer-research-stipends\\\/#breadcrumb\",\"itemListElement\":[{\"@type\":\"ListItem\",\"position\":1,\"name\":\"Home\",\"item\":\"https:\\\/\\\/qpirgmcgill.org\\\/\"},{\"@type\":\"ListItem\",\"position\":2,\"name\":\"Summer Research Stipends\"}]},{\"@type\":\"WebSite\",\"@id\":\"https:\\\/\\\/qpirgmcgill.org\\\/#website\",\"url\":\"https:\\\/\\\/qpirgmcgill.org\\\/\",\"name\":\"QPIRG McGill\",\"description\":\"Action. Research. Justice.\",\"publisher\":{\"@id\":\"https:\\\/\\\/qpirgmcgill.org\\\/#organization\"},\"potentialAction\":[{\"@type\":\"SearchAction\",\"target\":{\"@type\":\"EntryPoint\",\"urlTemplate\":\"https:\\\/\\\/qpirgmcgill.org\\\/?s={search_term_string}\"},\"query-input\":{\"@type\":\"PropertyValueSpecification\",\"valueRequired\":true,\"valueName\":\"search_term_string\"}}],\"inLanguage\":\"fr-CA\"},{\"@type\":\"Organization\",\"@id\":\"https:\\\/\\\/qpirgmcgill.org\\\/#organization\",\"name\":\"QPIRG\",\"url\":\"https:\\\/\\\/qpirgmcgill.org\\\/\",\"logo\":{\"@type\":\"ImageObject\",\"inLanguage\":\"fr-CA\",\"@id\":\"https:\\\/\\\/qpirgmcgill.org\\\/#\\\/schema\\\/logo\\\/image\\\/\",\"url\":\"https:\\\/\\\/qpirgmcgill.org\\\/wp-content\\\/uploads\\\/2021\\\/11\\\/Logo_colour.png\",\"contentUrl\":\"https:\\\/\\\/qpirgmcgill.org\\\/wp-content\\\/uploads\\\/2021\\\/11\\\/Logo_colour.png\",\"width\":432,\"height\":432,\"caption\":\"QPIRG\"},\"image\":{\"@id\":\"https:\\\/\\\/qpirgmcgill.org\\\/#\\\/schema\\\/logo\\\/image\\\/\"},\"sameAs\":[\"https:\\\/\\\/instagram.com\\\/qpirgmcgill\"]}]}<\/script>\n<!-- \/ Yoast SEO plugin. -->","yoast_head_json":{"title":"Summer Research Stipends &#8211; QPIRG McGill","description":"QPIRG -McGill's summer research stipends are intended to provide individuals or groups with an honoraria to do research over the summer.","robots":{"index":"index","follow":"follow","max-snippet":"max-snippet:-1","max-image-preview":"max-image-preview:large","max-video-preview":"max-video-preview:-1"},"canonical":"https:\/\/qpirgmcgill.org\/fr\/summer-research-stipends\/","og_locale":"fr_CA","og_type":"article","og_title":"Summer Research Stipends &#8211; QPIRG McGill","og_description":"QPIRG -McGill's summer research stipends are intended to provide individuals or groups with an honoraria to do research over the summer.","og_url":"https:\/\/qpirgmcgill.org\/fr\/summer-research-stipends\/","og_site_name":"QPIRG McGill","article_modified_time":"2024-12-11T22:56:07+00:00","twitter_card":"summary_large_image","twitter_misc":{"Estimation du temps de lecture":"5 minutes"},"schema":{"@context":"https:\/\/schema.org","@graph":[{"@type":"WebPage","@id":"https:\/\/qpirgmcgill.org\/summer-research-stipends\/","url":"https:\/\/qpirgmcgill.org\/summer-research-stipends\/","name":"Summer Research Stipends &#8211; QPIRG McGill","isPartOf":{"@id":"https:\/\/qpirgmcgill.org\/#website"},"primaryImageOfPage":{"@id":"https:\/\/qpirgmcgill.org\/summer-research-stipends\/#primaryimage"},"image":{"@id":"https:\/\/qpirgmcgill.org\/summer-research-stipends\/#primaryimage"},"thumbnailUrl":"https:\/\/qpirgmcgill.org\/wp-content\/uploads\/2023\/04\/summerstipends2023-wide.png","datePublished":"2020-12-15T22:23:54+00:00","dateModified":"2024-12-11T22:56:07+00:00","description":"QPIRG -McGill's summer research stipends are intended to provide individuals or groups with an honoraria to do research over the summer.","breadcrumb":{"@id":"https:\/\/qpirgmcgill.org\/summer-research-stipends\/#breadcrumb"},"inLanguage":"fr-CA","potentialAction":[{"@type":"ReadAction","target":["https:\/\/qpirgmcgill.org\/summer-research-stipends\/"]}]},{"@type":"ImageObject","inLanguage":"fr-CA","@id":"https:\/\/qpirgmcgill.org\/summer-research-stipends\/#primaryimage","url":"https:\/\/qpirgmcgill.org\/wp-content\/uploads\/2023\/04\/summerstipends2023-wide.png","contentUrl":"https:\/\/qpirgmcgill.org\/wp-content\/uploads\/2023\/04\/summerstipends2023-wide.png","width":8001,"height":4189},{"@type":"BreadcrumbList","@id":"https:\/\/qpirgmcgill.org\/summer-research-stipends\/#breadcrumb","itemListElement":[{"@type":"ListItem","position":1,"name":"Home","item":"https:\/\/qpirgmcgill.org\/"},{"@type":"ListItem","position":2,"name":"Summer Research Stipends"}]},{"@type":"WebSite","@id":"https:\/\/qpirgmcgill.org\/#website","url":"https:\/\/qpirgmcgill.org\/","name":"GRIP McGill","description":"Action. Research. Justice.","publisher":{"@id":"https:\/\/qpirgmcgill.org\/#organization"},"potentialAction":[{"@type":"SearchAction","target":{"@type":"EntryPoint","urlTemplate":"https:\/\/qpirgmcgill.org\/?s={search_term_string}"},"query-input":{"@type":"PropertyValueSpecification","valueRequired":true,"valueName":"search_term_string"}}],"inLanguage":"fr-CA"},{"@type":"Organization","@id":"https:\/\/qpirgmcgill.org\/#organization","name":"QPIRG","url":"https:\/\/qpirgmcgill.org\/","logo":{"@type":"ImageObject","inLanguage":"fr-CA","@id":"https:\/\/qpirgmcgill.org\/#\/schema\/logo\/image\/","url":"https:\/\/qpirgmcgill.org\/wp-content\/uploads\/2021\/11\/Logo_colour.png","contentUrl":"https:\/\/qpirgmcgill.org\/wp-content\/uploads\/2021\/11\/Logo_colour.png","width":432,"height":432,"caption":"QPIRG"},"image":{"@id":"https:\/\/qpirgmcgill.org\/#\/schema\/logo\/image\/"},"sameAs":["https:\/\/instagram.com\/qpirgmcgill"]}]}},"ticketed":false,"_links":{"self":[{"href":"https:\/\/qpirgmcgill.org\/fr\/wp-json\/wp\/v2\/pages\/1571","targetHints":{"allow":["GET"]}}],"collection":[{"href":"https:\/\/qpirgmcgill.org\/fr\/wp-json\/wp\/v2\/pages"}],"about":[{"href":"https:\/\/qpirgmcgill.org\/fr\/wp-json\/wp\/v2\/types\/page"}],"author":[{"embeddable":true,"href":"https:\/\/qpirgmcgill.org\/fr\/wp-json\/wp\/v2\/users\/1"}],"replies":[{"embeddable":true,"href":"https:\/\/qpirgmcgill.org\/fr\/wp-json\/wp\/v2\/comments?post=1571"}],"version-history":[{"count":36,"href":"https:\/\/qpirgmcgill.org\/fr\/wp-json\/wp\/v2\/pages\/1571\/revisions"}],"predecessor-version":[{"id":4175,"href":"https:\/\/qpirgmcgill.org\/fr\/wp-json\/wp\/v2\/pages\/1571\/revisions\/4175"}],"wp:featuredmedia":[{"embeddable":true,"href":"https:\/\/qpirgmcgill.org\/fr\/wp-json\/wp\/v2\/media\/3179"}],"wp:attachment":[{"href":"https:\/\/qpirgmcgill.org\/fr\/wp-json\/wp\/v2\/media?parent=1571"}],"curies":[{"name":"wp","href":"https:\/\/api.w.org\/{rel}","templated":true}]}}