{"id":1582,"date":"2020-12-15T22:38:59","date_gmt":"2020-12-16T03:38:59","guid":{"rendered":"https:\/\/qpirgmcgill.org\/?page_id=1582"},"modified":"2024-12-11T17:47:24","modified_gmt":"2024-12-11T22:47:24","slug":"community-research","status":"publish","type":"page","link":"https:\/\/qpirgmcgill.org\/fr\/community-research\/","title":{"rendered":"Recherche communautaire"},"content":{"rendered":"<h1 class=\"wp-block-heading\" id=\"community-research\">Recherche communautaire<\/h1>\n\n<h2 class=\"wp-block-heading\" id=\"getting-involved\">Getting Involved<\/h2>\n\n\n<p>QPIRG-McGill is always seeking students who are interested in doing action-oriented, social justice research, either as part of their studies or independently. We facilitate this research through the Community University Research Exchange (CURE).<\/p>\n\n\n\n<p>CURE facilitates research collaborations between university students and grassroots community groups. The program was formed as a response to concrete research needs voiced by community groups lacking resources. Through CURE, we wish to channel the resources and privilege of the University towards groups working for social change, and to provide resources for students to perform relevant, action-oriented academic work.<\/p>\n\n\n\n<p>Gr\u00e2ce aux infrastructures administratives d\u00e9j\u00e0 en place \u00e0 McGill, Concordia et UQAM, les \u00e9tudiants peuvent r\u00e9aliser un projet de recherche de l'\u00c9RUC sous forme de cours d'\u00e9tudes ind\u00e9pendantes, de stage ou de th\u00e8se conseill\u00e9s par un professeur du d\u00e9partement, ou encore sous forme de projet de semestre pour une classe. En mettant les \u00e9tudiants en contact avec des groupes communautaires \u00e0 but non lucratif disposant de ressources limit\u00e9es, nous esp\u00e9rons encourager et soutenir la recherche universitaire qui est socialement pertinente.<\/p>\n\n\n\n<p>L'\u00c9RUC fonctionne selon le principe que l'universit\u00e9 est une institution qui maintient des syst\u00e8mes de privil\u00e8ges et d'oppression autour de la race, de la classe et du n\u00e9ocolonialisme. En r\u00e9orientant les ressources vers les groupes et les individus qui ont besoin de th\u00e9orie, d'information et d'\u00e9nergie pour les fournir, l'\u00c9RUC encourage les \u00e9tudiants \u00e0 reconna\u00eetre leur avantage institutionnel et \u00e0 le convertir en un outil utile pour l'action politique.<\/p>\n\n\n\n<p>Pour en savoir plus ou pour d\u00e9couvrir comment vous pouvez participer au programme, veuillez contacter notre <a href=\"mailto:carl@qpirgmcgill.org\">Community Research coordinator<\/a>.<\/p>\n\n\n<h2 class=\"wp-block-heading\" id=\"ongoing-projects\">Ongoing Projects<\/h2>\n\n\n<figure class=\"wp-block-image size-large\"><img loading=\"lazy\" decoding=\"async\" width=\"1024\" height=\"537\" src=\"https:\/\/qpirgmcgill.org\/wp-content\/uploads\/2023\/12\/Call-for-community-researchers-tpu-1024x537.jpg\" alt=\"\" class=\"wp-image-3439\" srcset=\"https:\/\/qpirgmcgill.org\/wp-content\/uploads\/2023\/12\/Call-for-community-researchers-tpu-1024x537.jpg 1024w, https:\/\/qpirgmcgill.org\/wp-content\/uploads\/2023\/12\/Call-for-community-researchers-tpu-300x157.jpg 300w, https:\/\/qpirgmcgill.org\/wp-content\/uploads\/2023\/12\/Call-for-community-researchers-tpu-768x403.jpg 768w, https:\/\/qpirgmcgill.org\/wp-content\/uploads\/2023\/12\/Call-for-community-researchers-tpu-18x9.jpg 18w, https:\/\/qpirgmcgill.org\/wp-content\/uploads\/2023\/12\/Call-for-community-researchers-tpu.jpg 1476w\" sizes=\"auto, (max-width: 1024px) 100vw, 1024px\" \/><\/figure>\n\n\n<h3 class=\"wp-block-heading\" id=\"trans-patient-manual\"><strong>Trans Patient Manual<\/strong><\/h3>\n\n\n<p>QPIRG and the Trans Patients Union are developing a trans patient guide to help trans patients understand their rights and standards of care in Tio&#8217;tia:ke.<\/p>\n\n\n\n<p>Are you knowledgeable about trans healthcare? Passionate about community research? We&#8217;re seeking volunteer researchers to help us develop the trans patient manual! Send us a short paragraph introducing yourself to <a href=\"mailto:carl@qpirgmcgill.org\">carl@qpirgmcgill.org<\/a>.<\/p>\n\n\n\n<p>No formal research experience necessary. Estimated time commitment: 4-6 hours monthly.<\/p>\n\n\n<h2 class=\"wp-block-heading\" id=\"completed-projects\">Completed Projects<\/h2>\n\n\n<figure class=\"wp-block-image size-full\"><img loading=\"lazy\" decoding=\"async\" width=\"500\" height=\"500\" src=\"https:\/\/qpirgmcgill.org\/wp-content\/uploads\/2024\/04\/lets-eat-mcgill.png\" alt=\"\" class=\"wp-image-3767\" srcset=\"https:\/\/qpirgmcgill.org\/wp-content\/uploads\/2024\/04\/lets-eat-mcgill.png 500w, https:\/\/qpirgmcgill.org\/wp-content\/uploads\/2024\/04\/lets-eat-mcgill-300x300.png 300w, https:\/\/qpirgmcgill.org\/wp-content\/uploads\/2024\/04\/lets-eat-mcgill-150x150.png 150w, https:\/\/qpirgmcgill.org\/wp-content\/uploads\/2024\/04\/lets-eat-mcgill-12x12.png 12w\" sizes=\"auto, (max-width: 500px) 100vw, 500px\" \/><\/figure>\n\n\n<h3 class=\"wp-block-heading\" id=\"lets-eat-mcgill\"><strong>Let&#8217;s Eat McGill<\/strong><\/h3>\n\n\n<p>In summer 2023, Let\u2019s Eat McGill worked on researching the history of food organizing at McGill, the current policies and stakeholders in McGill\u2019s food system, and alternative food systems in place at other Canadian universities. They also created a new website, <a href=\"http:\/\/letseatmcgill.com\">http:\/\/letseatmcgill.com<\/a>, to display their research and centralize information about the group.<\/p>\n\n\n\n<p>On the website, our research is divided into three sections:<\/p>\n\n\n\n<p>Powermapping and policies: what we know about the new AYCTE meal plan, describing the role of SHHS and Dana Hospitality (including clauses in their contract that we can exploit in our advocacy).<\/p>\n\n\n\n<p>Food (in)security at McGill: synthesizing the data we have about satisfaction with food services at McGill, including both data collected by members of our group and data collected by McGill Food and Dining Services (obtained through ATI request).<\/p>\n\n\n\n<p>Food Ecosystem at McGill: looking at past and present student-run stakeholders in McGill\u2019s food system, and mapping the ways in which these stakeholders all interact.<\/p>\n\n\n\n<p>Additionally, we created a document library to bring together all of the relevant documents we found about food organizing at McGill in a publicly accessible place. This can be useful to us when doing future research, or to other groups who may be interested in looking into this. Many of the documents included were obtained through ATI requests and aren\u2019t publicly available elsewhere.<\/p>\n\n\n\n<p>You can read their <a href=\"https:\/\/qpirgmcgill.org\/wp-content\/uploads\/2024\/04\/Summer-Research-Final-Report.pdf\">final report here.<\/a><\/p>\n\n\n\n<figure class=\"wp-block-image size-full\"><img loading=\"lazy\" decoding=\"async\" width=\"759\" height=\"665\" src=\"https:\/\/qpirgmcgill.org\/wp-content\/uploads\/2024\/04\/Screen-Shot-2024-04-29-at-2.47.45-PM.png\" alt=\"\" class=\"wp-image-3763\" srcset=\"https:\/\/qpirgmcgill.org\/wp-content\/uploads\/2024\/04\/Screen-Shot-2024-04-29-at-2.47.45-PM.png 759w, https:\/\/qpirgmcgill.org\/wp-content\/uploads\/2024\/04\/Screen-Shot-2024-04-29-at-2.47.45-PM-300x263.png 300w, https:\/\/qpirgmcgill.org\/wp-content\/uploads\/2024\/04\/Screen-Shot-2024-04-29-at-2.47.45-PM-14x12.png 14w\" sizes=\"auto, (max-width: 759px) 100vw, 759px\" \/><\/figure>\n\n\n<h3 class=\"wp-block-heading\" id=\"innovation-ou-extension-de-la-repression-perspectives-des-intervenantes-sur-les-escouades-mixtes-a-montreal\"><strong>Innovation ou extension de la r\u00e9pression? Perspectives des intervenant-es sur les escouades mixtes \u00e0 Montr\u00e9al<\/strong><\/h3>\n\n\n<p>In summer 2023, we funded a research project, conducted by Ted Rutland and Karl Beaulieu, which studied the impact of mixed police squads, which are comprised of police officers and social workers.<\/p>\n\n\n\n<p>You can read their <a href=\"https:\/\/rapsim.org\/wp-content\/uploads\/2023\/09\/rapport-sur-les-escouades-mixtes-20-sept-2023.pdf\">final report here.<\/a><\/p>\n\n\n\n<figure class=\"wp-block-image size-full\"><img loading=\"lazy\" decoding=\"async\" width=\"1972\" height=\"2560\" src=\"https:\/\/qpirgmcgill.org\/wp-content\/uploads\/2023\/12\/QPIRG-McGill-Final-Article_Page_01-scaled.jpg\" alt=\"\" class=\"wp-image-3432\" srcset=\"https:\/\/qpirgmcgill.org\/wp-content\/uploads\/2023\/12\/QPIRG-McGill-Final-Article_Page_01-scaled.jpg 1972w, https:\/\/qpirgmcgill.org\/wp-content\/uploads\/2023\/12\/QPIRG-McGill-Final-Article_Page_01-231x300.jpg 231w, https:\/\/qpirgmcgill.org\/wp-content\/uploads\/2023\/12\/QPIRG-McGill-Final-Article_Page_01-789x1024.jpg 789w, https:\/\/qpirgmcgill.org\/wp-content\/uploads\/2023\/12\/QPIRG-McGill-Final-Article_Page_01-768x997.jpg 768w, https:\/\/qpirgmcgill.org\/wp-content\/uploads\/2023\/12\/QPIRG-McGill-Final-Article_Page_01-1183x1536.jpg 1183w, https:\/\/qpirgmcgill.org\/wp-content\/uploads\/2023\/12\/QPIRG-McGill-Final-Article_Page_01-1577x2048.jpg 1577w, https:\/\/qpirgmcgill.org\/wp-content\/uploads\/2023\/12\/QPIRG-McGill-Final-Article_Page_01-9x12.jpg 9w\" sizes=\"auto, (max-width: 1972px) 100vw, 1972px\" \/><\/figure>\n\n\n<h3 class=\"wp-block-heading\" id=\"qpirgmcgill-through-the-eras\"><strong>QPIRG-McGill Through the Eras<\/strong><\/h3>\n\n\n<p>A group of graduate students in the Gender, Sexuality, Feminist, and Social Justice Studies (GSFS) program at McGill undertook a research project on the history of QPIRG-McGill for the GSFS 400 Capstone course in fall 2023, overseen by Dr. Alexandra Ketchum. <\/p>\n\n\n\n<p>Rachel, Jess, Juliet, Jude and Rhiana developed an article on QPIRG-McGill&#8217;s history and social impact. They posed the question: &#8220;how did the QPIRG system evolve over its lifetime in Montreal, and how has this organization participated in and contributed to social movements\/change in the province?\u201d<\/p>\n\n\n\n<p>The project divides QPIRG&#8217;s history into three significant eras:<\/p>\n\n\n\n<ul class=\"wp-block-list\">\n<li>1987-2002<\/li>\n\n\n\n<li>2003-2012<\/li>\n\n\n\n<li>2012-Present<\/li>\n<\/ul>\n\n\n\n<p>Their research delves into over 40 years of archival materials on the origins of QPIRG, its most impactful initiatives, and significant moments in the PIRG&#8217;s history.<\/p>\n\n\n\n<p>You can read their final research report as a <a href=\"https:\/\/qpirgmcgill.org\/wp-content\/uploads\/2023\/12\/QPIRG-McGill-Final-Article.pdf\">pdf linked here.<\/a><\/p>","protected":false},"excerpt":{"rendered":"<p>Community Research Getting Involved QPIRG-McGill is always seeking students who are interested in doing action-oriented, social justice research, either as part of their studies or independently. We facilitate this research [&hellip;]<\/p>\n","protected":false},"author":1,"featured_media":0,"parent":0,"menu_order":0,"comment_status":"closed","ping_status":"closed","template":"visual-builder-template.php","meta":{"_price":"","_stock":"","_tribe_ticket_header":"","_tribe_default_ticket_provider":"","_tribe_ticket_capacity":"0","_ticket_start_date":"","_ticket_end_date":"","_tribe_ticket_show_description":"","_tribe_ticket_show_not_going":false,"_tribe_ticket_use_global_stock":"","_tribe_ticket_global_stock_level":"","_global_stock_mode":"","_global_stock_cap":"","_tribe_rsvp_for_event":"","_tribe_ticket_going_count":"","_tribe_ticket_not_going_count":"","_tribe_tickets_list":"[]","_tribe_ticket_has_attendee_info_fields":false,"_EventAllDay":false,"_EventTimezone":"","_EventStartDate":"","_EventEndDate":"","_EventStartDateUTC":"","_EventEndDateUTC":"","_EventShowMap":false,"_EventShowMapLink":false,"_EventURL":"","_EventCost":"","_EventCostDescription":"","_EventCurrencySymbol":"","_EventCurrencyCode":"","_EventCurrencyPosition":"","_EventDateTimeSeparator":"","_EventTimeRangeSeparator":"","_EventOrganizerID":[],"_EventVenueID":[],"_OrganizerEmail":"","_OrganizerPhone":"","_OrganizerWebsite":"","_VenueAddress":"","_VenueCity":"","_VenueCountry":"","_VenueProvince":"","_VenueState":"","_VenueZip":"","_VenuePhone":"","_VenueURL":"","_VenueStateProvince":"","_VenueLat":"","_VenueLng":"","_VenueShowMap":false,"_VenueShowMapLink":false,"footnotes":"","_tec_slr_enabled":"","_tec_slr_layout":""},"class_list":["post-1582","page","type-page","status-publish","hentry"],"yoast_head":"<!-- This site is optimized with the Yoast SEO plugin v27.4 - https:\/\/yoast.com\/product\/yoast-seo-wordpress\/ -->\n<title>Community Research &#8211; QPIRG McGill<\/title>\n<meta name=\"description\" content=\"QPIRG-McGill is seeking students who are interested in doing social justice community research, as part of their studies or independently.\" \/>\n<meta name=\"robots\" content=\"index, follow, max-snippet:-1, max-image-preview:large, max-video-preview:-1\" \/>\n<link rel=\"canonical\" href=\"https:\/\/qpirgmcgill.org\/fr\/community-research\/\" \/>\n<meta property=\"og:locale\" content=\"fr_CA\" \/>\n<meta property=\"og:type\" content=\"article\" \/>\n<meta property=\"og:title\" content=\"Community Research &#8211; QPIRG McGill\" \/>\n<meta property=\"og:description\" content=\"QPIRG-McGill is seeking students who are interested in doing social justice community research, as part of their studies or independently.\" \/>\n<meta property=\"og:url\" content=\"https:\/\/qpirgmcgill.org\/fr\/community-research\/\" \/>\n<meta property=\"og:site_name\" content=\"QPIRG McGill\" \/>\n<meta property=\"article:modified_time\" content=\"2024-12-11T22:47:24+00:00\" \/>\n<meta property=\"og:image\" content=\"https:\/\/qpirgmcgill.org\/wp-content\/uploads\/2023\/12\/Call-for-community-researchers-tpu.jpg\" \/>\n\t<meta property=\"og:image:width\" content=\"1476\" \/>\n\t<meta property=\"og:image:height\" content=\"774\" \/>\n\t<meta property=\"og:image:type\" content=\"image\/jpeg\" \/>\n<meta name=\"twitter:card\" content=\"summary_large_image\" \/>\n<meta name=\"twitter:label1\" content=\"Estimation du temps de lecture\" \/>\n\t<meta name=\"twitter:data1\" content=\"5 minutes\" \/>\n<script type=\"application\/ld+json\" class=\"yoast-schema-graph\">{\"@context\":\"https:\\\/\\\/schema.org\",\"@graph\":[{\"@type\":\"WebPage\",\"@id\":\"https:\\\/\\\/qpirgmcgill.org\\\/community-research\\\/\",\"url\":\"https:\\\/\\\/qpirgmcgill.org\\\/community-research\\\/\",\"name\":\"Community Research &#8211; QPIRG McGill\",\"isPartOf\":{\"@id\":\"https:\\\/\\\/qpirgmcgill.org\\\/#website\"},\"primaryImageOfPage\":{\"@id\":\"https:\\\/\\\/qpirgmcgill.org\\\/community-research\\\/#primaryimage\"},\"image\":{\"@id\":\"https:\\\/\\\/qpirgmcgill.org\\\/community-research\\\/#primaryimage\"},\"thumbnailUrl\":\"https:\\\/\\\/qpirgmcgill.org\\\/wp-content\\\/uploads\\\/2023\\\/12\\\/Call-for-community-researchers-tpu-1024x537.jpg\",\"datePublished\":\"2020-12-16T03:38:59+00:00\",\"dateModified\":\"2024-12-11T22:47:24+00:00\",\"description\":\"QPIRG-McGill is seeking students who are interested in doing social justice community research, as part of their studies or independently.\",\"breadcrumb\":{\"@id\":\"https:\\\/\\\/qpirgmcgill.org\\\/community-research\\\/#breadcrumb\"},\"inLanguage\":\"fr-CA\",\"potentialAction\":[{\"@type\":\"ReadAction\",\"target\":[\"https:\\\/\\\/qpirgmcgill.org\\\/community-research\\\/\"]}]},{\"@type\":\"ImageObject\",\"inLanguage\":\"fr-CA\",\"@id\":\"https:\\\/\\\/qpirgmcgill.org\\\/community-research\\\/#primaryimage\",\"url\":\"https:\\\/\\\/qpirgmcgill.org\\\/wp-content\\\/uploads\\\/2023\\\/12\\\/Call-for-community-researchers-tpu-1024x537.jpg\",\"contentUrl\":\"https:\\\/\\\/qpirgmcgill.org\\\/wp-content\\\/uploads\\\/2023\\\/12\\\/Call-for-community-researchers-tpu-1024x537.jpg\"},{\"@type\":\"BreadcrumbList\",\"@id\":\"https:\\\/\\\/qpirgmcgill.org\\\/community-research\\\/#breadcrumb\",\"itemListElement\":[{\"@type\":\"ListItem\",\"position\":1,\"name\":\"Home\",\"item\":\"https:\\\/\\\/qpirgmcgill.org\\\/\"},{\"@type\":\"ListItem\",\"position\":2,\"name\":\"Community Research\"}]},{\"@type\":\"WebSite\",\"@id\":\"https:\\\/\\\/qpirgmcgill.org\\\/#website\",\"url\":\"https:\\\/\\\/qpirgmcgill.org\\\/\",\"name\":\"QPIRG McGill\",\"description\":\"Action. Research. Justice.\",\"publisher\":{\"@id\":\"https:\\\/\\\/qpirgmcgill.org\\\/#organization\"},\"potentialAction\":[{\"@type\":\"SearchAction\",\"target\":{\"@type\":\"EntryPoint\",\"urlTemplate\":\"https:\\\/\\\/qpirgmcgill.org\\\/?s={search_term_string}\"},\"query-input\":{\"@type\":\"PropertyValueSpecification\",\"valueRequired\":true,\"valueName\":\"search_term_string\"}}],\"inLanguage\":\"fr-CA\"},{\"@type\":\"Organization\",\"@id\":\"https:\\\/\\\/qpirgmcgill.org\\\/#organization\",\"name\":\"QPIRG\",\"url\":\"https:\\\/\\\/qpirgmcgill.org\\\/\",\"logo\":{\"@type\":\"ImageObject\",\"inLanguage\":\"fr-CA\",\"@id\":\"https:\\\/\\\/qpirgmcgill.org\\\/#\\\/schema\\\/logo\\\/image\\\/\",\"url\":\"https:\\\/\\\/qpirgmcgill.org\\\/wp-content\\\/uploads\\\/2021\\\/11\\\/Logo_colour.png\",\"contentUrl\":\"https:\\\/\\\/qpirgmcgill.org\\\/wp-content\\\/uploads\\\/2021\\\/11\\\/Logo_colour.png\",\"width\":432,\"height\":432,\"caption\":\"QPIRG\"},\"image\":{\"@id\":\"https:\\\/\\\/qpirgmcgill.org\\\/#\\\/schema\\\/logo\\\/image\\\/\"},\"sameAs\":[\"https:\\\/\\\/instagram.com\\\/qpirgmcgill\"]}]}<\/script>\n<!-- \/ Yoast SEO plugin. -->","yoast_head_json":{"title":"Community Research &#8211; QPIRG McGill","description":"QPIRG-McGill is seeking students who are interested in doing social justice community research, as part of their studies or independently.","robots":{"index":"index","follow":"follow","max-snippet":"max-snippet:-1","max-image-preview":"max-image-preview:large","max-video-preview":"max-video-preview:-1"},"canonical":"https:\/\/qpirgmcgill.org\/fr\/community-research\/","og_locale":"fr_CA","og_type":"article","og_title":"Community Research &#8211; QPIRG McGill","og_description":"QPIRG-McGill is seeking students who are interested in doing social justice community research, as part of their studies or independently.","og_url":"https:\/\/qpirgmcgill.org\/fr\/community-research\/","og_site_name":"QPIRG McGill","article_modified_time":"2024-12-11T22:47:24+00:00","og_image":[{"width":1476,"height":774,"url":"https:\/\/qpirgmcgill.org\/wp-content\/uploads\/2023\/12\/Call-for-community-researchers-tpu.jpg","type":"image\/jpeg"}],"twitter_card":"summary_large_image","twitter_misc":{"Estimation du temps de lecture":"5 minutes"},"schema":{"@context":"https:\/\/schema.org","@graph":[{"@type":"WebPage","@id":"https:\/\/qpirgmcgill.org\/community-research\/","url":"https:\/\/qpirgmcgill.org\/community-research\/","name":"Community Research &#8211; QPIRG McGill","isPartOf":{"@id":"https:\/\/qpirgmcgill.org\/#website"},"primaryImageOfPage":{"@id":"https:\/\/qpirgmcgill.org\/community-research\/#primaryimage"},"image":{"@id":"https:\/\/qpirgmcgill.org\/community-research\/#primaryimage"},"thumbnailUrl":"https:\/\/qpirgmcgill.org\/wp-content\/uploads\/2023\/12\/Call-for-community-researchers-tpu-1024x537.jpg","datePublished":"2020-12-16T03:38:59+00:00","dateModified":"2024-12-11T22:47:24+00:00","description":"QPIRG-McGill is seeking students who are interested in doing social justice community research, as part of their studies or independently.","breadcrumb":{"@id":"https:\/\/qpirgmcgill.org\/community-research\/#breadcrumb"},"inLanguage":"fr-CA","potentialAction":[{"@type":"ReadAction","target":["https:\/\/qpirgmcgill.org\/community-research\/"]}]},{"@type":"ImageObject","inLanguage":"fr-CA","@id":"https:\/\/qpirgmcgill.org\/community-research\/#primaryimage","url":"https:\/\/qpirgmcgill.org\/wp-content\/uploads\/2023\/12\/Call-for-community-researchers-tpu-1024x537.jpg","contentUrl":"https:\/\/qpirgmcgill.org\/wp-content\/uploads\/2023\/12\/Call-for-community-researchers-tpu-1024x537.jpg"},{"@type":"BreadcrumbList","@id":"https:\/\/qpirgmcgill.org\/community-research\/#breadcrumb","itemListElement":[{"@type":"ListItem","position":1,"name":"Home","item":"https:\/\/qpirgmcgill.org\/"},{"@type":"ListItem","position":2,"name":"Community Research"}]},{"@type":"WebSite","@id":"https:\/\/qpirgmcgill.org\/#website","url":"https:\/\/qpirgmcgill.org\/","name":"GRIP McGill","description":"Action. Research. Justice.","publisher":{"@id":"https:\/\/qpirgmcgill.org\/#organization"},"potentialAction":[{"@type":"SearchAction","target":{"@type":"EntryPoint","urlTemplate":"https:\/\/qpirgmcgill.org\/?s={search_term_string}"},"query-input":{"@type":"PropertyValueSpecification","valueRequired":true,"valueName":"search_term_string"}}],"inLanguage":"fr-CA"},{"@type":"Organization","@id":"https:\/\/qpirgmcgill.org\/#organization","name":"QPIRG","url":"https:\/\/qpirgmcgill.org\/","logo":{"@type":"ImageObject","inLanguage":"fr-CA","@id":"https:\/\/qpirgmcgill.org\/#\/schema\/logo\/image\/","url":"https:\/\/qpirgmcgill.org\/wp-content\/uploads\/2021\/11\/Logo_colour.png","contentUrl":"https:\/\/qpirgmcgill.org\/wp-content\/uploads\/2021\/11\/Logo_colour.png","width":432,"height":432,"caption":"QPIRG"},"image":{"@id":"https:\/\/qpirgmcgill.org\/#\/schema\/logo\/image\/"},"sameAs":["https:\/\/instagram.com\/qpirgmcgill"]}]}},"ticketed":false,"_links":{"self":[{"href":"https:\/\/qpirgmcgill.org\/fr\/wp-json\/wp\/v2\/pages\/1582","targetHints":{"allow":["GET"]}}],"collection":[{"href":"https:\/\/qpirgmcgill.org\/fr\/wp-json\/wp\/v2\/pages"}],"about":[{"href":"https:\/\/qpirgmcgill.org\/fr\/wp-json\/wp\/v2\/types\/page"}],"author":[{"embeddable":true,"href":"https:\/\/qpirgmcgill.org\/fr\/wp-json\/wp\/v2\/users\/1"}],"replies":[{"embeddable":true,"href":"https:\/\/qpirgmcgill.org\/fr\/wp-json\/wp\/v2\/comments?post=1582"}],"version-history":[{"count":48,"href":"https:\/\/qpirgmcgill.org\/fr\/wp-json\/wp\/v2\/pages\/1582\/revisions"}],"predecessor-version":[{"id":4174,"href":"https:\/\/qpirgmcgill.org\/fr\/wp-json\/wp\/v2\/pages\/1582\/revisions\/4174"}],"wp:attachment":[{"href":"https:\/\/qpirgmcgill.org\/fr\/wp-json\/wp\/v2\/media?parent=1582"}],"curies":[{"name":"wp","href":"https:\/\/api.w.org\/{rel}","templated":true}]}}