{"id":1700,"date":"2020-12-31T00:54:36","date_gmt":"2020-12-31T00:54:36","guid":{"rendered":"https:\/\/qpirgmcgill.org\/?page_id=1700"},"modified":"2025-01-09T16:39:56","modified_gmt":"2025-01-09T21:39:56","slug":"structure","status":"publish","type":"page","link":"https:\/\/qpirgmcgill.org\/fr\/structure\/","title":{"rendered":"Structure"},"content":{"rendered":"<h1 id=\"our-structure\" class=\"wp-block-heading\">Notre structure<\/h1>\n\n\n\n<p>Le GRIP-McGill s'efforce d'\u00eatre une organisation inclusive et non hi\u00e9rarchique, ce qui signifie que toutes les personnes impliqu\u00e9es dans les activit\u00e9s s'engagent \u00e0 travailler ensemble et \u00e0 parvenir \u00e0 un consensus. Le conseil d'administration, le personnel et les b\u00e9n\u00e9voles travaillent ensemble pour g\u00e9rer notre programmation.<\/p>\n\n\n\n<h2 id=\"board-of-directors\" class=\"wp-block-heading\">Conseil d'administration<\/h2>\n\n\n\n<p>Le GRIP-McGill est dirig\u00e9 par un conseil d'administration b\u00e9n\u00e9vole, qui est responsable de la gestion du GRIP, du budget, du d\u00e9veloppement des projets, du personnel, des groupes de travail et du d\u00e9veloppement de la vision politique du groupe. Chaque ann\u00e9e, les \u00e9tudiants et les membres de la communaut\u00e9 sont \u00e9lus lors de l'assembl\u00e9e g\u00e9n\u00e9rale annuelle ouverte \u00e0 tous les membres du GRIP. De plus, l'Association \u00e9tudiante de l'Universit\u00e9 McGill (A\u00c9UM) et l\u2019Association \u00e9tudiante des cycles sup\u00e9rieurs de l\u2019Universit\u00e9 McGill (A\u00c8CSUM) ont chacune un repr\u00e9sentant au conseil d'administration.<\/p>\n\n\n\n<h2 id=\"conflict-resolution-and-complaints\" class=\"wp-block-heading\">Conflict Resolution and Complaints<\/h2>\n\n\n\n<p>Le Comit\u00e9 de r\u00e9solution des conflits et des plaintes (CRCP) examine les plaintes impliquant des d\u00e9cisions prises par le conseil d'administration ou le personnel du GRIP, ou tout autre diff\u00e9rend interne qui ne peut \u00eatre r\u00e9solu autrement. Si vous souhaitez plus d'informations sur la politique du CRCC, veuillez nous contacter ou consulter nos <a href=\"https:\/\/qpirgmcgill.org\/fr\/about-us\/documents-new\/\">documents de gouvernance<\/a>.<\/p>\n\n\n\n<h2 id=\"staff\" class=\"wp-block-heading\">Staff<\/h2>\n\n\n\n<p>QPIRG-McGill has three core staff members: an Outreach and Promotions Coordinator, a Finance and Administration Coordinator, and a Research and Working Groups Coordinator. <\/p>\n\n\n\n<p>These staff coordinate the day-to-day operations of the organization. The QPIRG staff work hard to ensure reliability, continuity and skill sharing within the organization. In addition to daily operations, the staff is responsible for programming, finances, outreach, working groups, programs, coordinating resources, volunteers, projects, grant research, and policy development among many other things. <\/p>\n\n\n\n<p>QPIRG also has three part-time staff, hired through the work study program: the Resource Centre Coordinator, the CURE Coordinator, and the Campus Outreach Coordinator. Over the summer, QPIRG also employs a School Schmool Coordinator and two Rad Frosh coordinators through Young Canada Works.<\/p>\n\n\n\n<h2 id=\"volunteers\" class=\"wp-block-heading\">B\u00e9n\u00e9voles<\/h2>\n\n\n\n<p>QPIRG could not function without our many volunteers! Volunteers help run committees such as the Popular Education Committee, the Community Research Committee, the Outreach Committee, the Accessibility Committee, the Library Collective and more. Volunteers are an integral part of <a href=\"https:\/\/qpirgmcgill.org\/fr\/rad-frosh\/\" data-type=\"page\" data-id=\"1565\">Rad Frosh<\/a> and the publication of annual projects such as <a href=\"https:\/\/qpirgmcgill.org\/fr\/publications\/\" data-type=\"page\" data-id=\"1645\">School Schmool<\/a>.<\/p>\n\n\n\n<p>Pour savoir comment faire du b\u00e9n\u00e9volat avec nous, visitez notre page <a href=\"https:\/\/qpirgmcgill.org\/fr\/volunteers\/\">Volunteer<\/a> page.<\/p>\n\n\n\n<h2 id=\"working-groups\" class=\"wp-block-heading\">Groupes de travail<\/h2>\n\n\n\n<p>At the core of QPIRG\u2019s direct action work are our <a href=\"https:\/\/qpirgmcgill.org\/fr\/working-groups\/current-working-groups\/\" data-type=\"page\" data-id=\"1449\">working groups<\/a>. These are autonomous organizations and collectives, made up of students and community members, who undertake action and research into issues at the core of QPIRG McGill\u2019s mandate.<\/p>\n\n\n\n<h2 id=\"membership\" class=\"wp-block-heading\">Membres<\/h2>\n\n\n\n<p>Le GRIP est financ\u00e9 par les frais de scolarit\u00e9 des \u00e9tudiants et ne pourrait pas exister sans eux! Tous les \u00e9tudiants de premier et deuxi\u00e8me cycles de McGill sont automatiquement membres du GRIP, \u00e0 moins qu'ils ne choisissent de ne pas payer les frais d'inscription. Cela signifie que tous les \u00e9tudiants peuvent utiliser nos services, assister \u00e0 des \u00e9v\u00e9nements, faire du b\u00e9n\u00e9volat ou postuler pour travailler avec nous. Pour savoir comment vous pouvez vous impliquer davantage, <a href=\"https:\/\/qpirgmcgill.org\/fr\/volunteers\/\">cliquez ici<\/a>.<\/p>\n\n\n\n<p>Non-students can also become members of QPIRG for $5 a year! You can learn more about membership benefits on our <a href=\"https:\/\/qpirgmcgill.org\/fr\/membership\/\" data-type=\"page\" data-id=\"3800\">membership page<\/a>.<\/p>","protected":false},"excerpt":{"rendered":"<p>Our Structure QPIRG-McGill strives to be an inclusive and non-hierarchical organization, meaning all of those involved in activities are committed to working together and reaching consensus. The Board of Directors, [&hellip;]<\/p>\n","protected":false},"author":1,"featured_media":4232,"parent":0,"menu_order":0,"comment_status":"closed","ping_status":"closed","template":"visual-builder-template.php","meta":{"_price":"","_stock":"","_tribe_ticket_header":"","_tribe_default_ticket_provider":"","_tribe_ticket_capacity":"0","_ticket_start_date":"","_ticket_end_date":"","_tribe_ticket_show_description":"","_tribe_ticket_show_not_going":false,"_tribe_ticket_use_global_stock":"","_tribe_ticket_global_stock_level":"","_global_stock_mode":"","_global_stock_cap":"","_tribe_rsvp_for_event":"","_tribe_ticket_going_count":"","_tribe_ticket_not_going_count":"","_tribe_tickets_list":"[]","_tribe_ticket_has_attendee_info_fields":false,"_EventAllDay":false,"_EventTimezone":"","_EventStartDate":"","_EventEndDate":"","_EventStartDateUTC":"","_EventEndDateUTC":"","_EventShowMap":false,"_EventShowMapLink":false,"_EventURL":"","_EventCost":"","_EventCostDescription":"","_EventCurrencySymbol":"","_EventCurrencyCode":"","_EventCurrencyPosition":"","_EventDateTimeSeparator":"","_EventTimeRangeSeparator":"","_EventOrganizerID":[],"_EventVenueID":[],"_OrganizerEmail":"","_OrganizerPhone":"","_OrganizerWebsite":"","_VenueAddress":"","_VenueCity":"","_VenueCountry":"","_VenueProvince":"","_VenueState":"","_VenueZip":"","_VenuePhone":"","_VenueURL":"","_VenueStateProvince":"","_VenueLat":"","_VenueLng":"","_VenueShowMap":false,"_VenueShowMapLink":false,"footnotes":"","_tec_slr_enabled":"","_tec_slr_layout":""},"class_list":["post-1700","page","type-page","status-publish","has-post-thumbnail","hentry"],"yoast_head":"<!-- This site is optimized with the Yoast SEO plugin v27.5 - https:\/\/yoast.com\/product\/yoast-seo-wordpress\/ -->\n<title>Structure &#8211; QPIRG McGill<\/title>\n<meta name=\"description\" content=\"QPIRG-McGill strives to be inclusive and non-hierarchical. Our staff, board, and volunteers work together to run our programming.\" \/>\n<meta name=\"robots\" content=\"index, follow, max-snippet:-1, max-image-preview:large, max-video-preview:-1\" \/>\n<link rel=\"canonical\" href=\"https:\/\/qpirgmcgill.org\/fr\/structure\/\" \/>\n<meta property=\"og:locale\" content=\"fr_CA\" \/>\n<meta property=\"og:type\" content=\"article\" \/>\n<meta property=\"og:title\" content=\"Structure &#8211; QPIRG McGill\" \/>\n<meta property=\"og:description\" content=\"QPIRG-McGill strives to be inclusive and non-hierarchical. Our staff, board, and volunteers work together to run our programming.\" \/>\n<meta property=\"og:url\" content=\"https:\/\/qpirgmcgill.org\/fr\/structure\/\" \/>\n<meta property=\"og:site_name\" content=\"QPIRG McGill\" \/>\n<meta property=\"article:modified_time\" content=\"2025-01-09T21:39:56+00:00\" \/>\n<meta name=\"twitter:card\" content=\"summary_large_image\" \/>\n<meta name=\"twitter:label1\" content=\"Estimation du temps de lecture\" \/>\n\t<meta name=\"twitter:data1\" content=\"3 minutes\" \/>\n<script type=\"application\/ld+json\" class=\"yoast-schema-graph\">{\"@context\":\"https:\\\/\\\/schema.org\",\"@graph\":[{\"@type\":\"WebPage\",\"@id\":\"https:\\\/\\\/qpirgmcgill.org\\\/structure\\\/\",\"url\":\"https:\\\/\\\/qpirgmcgill.org\\\/structure\\\/\",\"name\":\"Structure &#8211; QPIRG McGill\",\"isPartOf\":{\"@id\":\"https:\\\/\\\/qpirgmcgill.org\\\/#website\"},\"primaryImageOfPage\":{\"@id\":\"https:\\\/\\\/qpirgmcgill.org\\\/structure\\\/#primaryimage\"},\"image\":{\"@id\":\"https:\\\/\\\/qpirgmcgill.org\\\/structure\\\/#primaryimage\"},\"thumbnailUrl\":\"https:\\\/\\\/qpirgmcgill.org\\\/wp-content\\\/uploads\\\/2025\\\/01\\\/QPIRG-Organizational-Structure.png\",\"datePublished\":\"2020-12-31T00:54:36+00:00\",\"dateModified\":\"2025-01-09T21:39:56+00:00\",\"description\":\"QPIRG-McGill strives to be inclusive and non-hierarchical. Our staff, board, and volunteers work together to run our programming.\",\"breadcrumb\":{\"@id\":\"https:\\\/\\\/qpirgmcgill.org\\\/structure\\\/#breadcrumb\"},\"inLanguage\":\"fr-CA\",\"potentialAction\":[{\"@type\":\"ReadAction\",\"target\":[\"https:\\\/\\\/qpirgmcgill.org\\\/structure\\\/\"]}]},{\"@type\":\"ImageObject\",\"inLanguage\":\"fr-CA\",\"@id\":\"https:\\\/\\\/qpirgmcgill.org\\\/structure\\\/#primaryimage\",\"url\":\"https:\\\/\\\/qpirgmcgill.org\\\/wp-content\\\/uploads\\\/2025\\\/01\\\/QPIRG-Organizational-Structure.png\",\"contentUrl\":\"https:\\\/\\\/qpirgmcgill.org\\\/wp-content\\\/uploads\\\/2025\\\/01\\\/QPIRG-Organizational-Structure.png\",\"width\":2000,\"height\":1545},{\"@type\":\"BreadcrumbList\",\"@id\":\"https:\\\/\\\/qpirgmcgill.org\\\/structure\\\/#breadcrumb\",\"itemListElement\":[{\"@type\":\"ListItem\",\"position\":1,\"name\":\"Home\",\"item\":\"https:\\\/\\\/qpirgmcgill.org\\\/\"},{\"@type\":\"ListItem\",\"position\":2,\"name\":\"Structure\"}]},{\"@type\":\"WebSite\",\"@id\":\"https:\\\/\\\/qpirgmcgill.org\\\/#website\",\"url\":\"https:\\\/\\\/qpirgmcgill.org\\\/\",\"name\":\"QPIRG McGill\",\"description\":\"Action. Research. Justice.\",\"publisher\":{\"@id\":\"https:\\\/\\\/qpirgmcgill.org\\\/#organization\"},\"potentialAction\":[{\"@type\":\"SearchAction\",\"target\":{\"@type\":\"EntryPoint\",\"urlTemplate\":\"https:\\\/\\\/qpirgmcgill.org\\\/?s={search_term_string}\"},\"query-input\":{\"@type\":\"PropertyValueSpecification\",\"valueRequired\":true,\"valueName\":\"search_term_string\"}}],\"inLanguage\":\"fr-CA\"},{\"@type\":\"Organization\",\"@id\":\"https:\\\/\\\/qpirgmcgill.org\\\/#organization\",\"name\":\"QPIRG\",\"url\":\"https:\\\/\\\/qpirgmcgill.org\\\/\",\"logo\":{\"@type\":\"ImageObject\",\"inLanguage\":\"fr-CA\",\"@id\":\"https:\\\/\\\/qpirgmcgill.org\\\/#\\\/schema\\\/logo\\\/image\\\/\",\"url\":\"https:\\\/\\\/qpirgmcgill.org\\\/wp-content\\\/uploads\\\/2021\\\/11\\\/Logo_colour.png\",\"contentUrl\":\"https:\\\/\\\/qpirgmcgill.org\\\/wp-content\\\/uploads\\\/2021\\\/11\\\/Logo_colour.png\",\"width\":432,\"height\":432,\"caption\":\"QPIRG\"},\"image\":{\"@id\":\"https:\\\/\\\/qpirgmcgill.org\\\/#\\\/schema\\\/logo\\\/image\\\/\"},\"sameAs\":[\"https:\\\/\\\/instagram.com\\\/qpirgmcgill\"]}]}<\/script>\n<!-- \/ Yoast SEO plugin. -->","yoast_head_json":{"title":"Structure &#8211; QPIRG McGill","description":"QPIRG-McGill strives to be inclusive and non-hierarchical. Our staff, board, and volunteers work together to run our programming.","robots":{"index":"index","follow":"follow","max-snippet":"max-snippet:-1","max-image-preview":"max-image-preview:large","max-video-preview":"max-video-preview:-1"},"canonical":"https:\/\/qpirgmcgill.org\/fr\/structure\/","og_locale":"fr_CA","og_type":"article","og_title":"Structure &#8211; QPIRG McGill","og_description":"QPIRG-McGill strives to be inclusive and non-hierarchical. Our staff, board, and volunteers work together to run our programming.","og_url":"https:\/\/qpirgmcgill.org\/fr\/structure\/","og_site_name":"QPIRG McGill","article_modified_time":"2025-01-09T21:39:56+00:00","twitter_card":"summary_large_image","twitter_misc":{"Estimation du temps de lecture":"3 minutes"},"schema":{"@context":"https:\/\/schema.org","@graph":[{"@type":"WebPage","@id":"https:\/\/qpirgmcgill.org\/structure\/","url":"https:\/\/qpirgmcgill.org\/structure\/","name":"Structure &#8211; QPIRG McGill","isPartOf":{"@id":"https:\/\/qpirgmcgill.org\/#website"},"primaryImageOfPage":{"@id":"https:\/\/qpirgmcgill.org\/structure\/#primaryimage"},"image":{"@id":"https:\/\/qpirgmcgill.org\/structure\/#primaryimage"},"thumbnailUrl":"https:\/\/qpirgmcgill.org\/wp-content\/uploads\/2025\/01\/QPIRG-Organizational-Structure.png","datePublished":"2020-12-31T00:54:36+00:00","dateModified":"2025-01-09T21:39:56+00:00","description":"QPIRG-McGill strives to be inclusive and non-hierarchical. Our staff, board, and volunteers work together to run our programming.","breadcrumb":{"@id":"https:\/\/qpirgmcgill.org\/structure\/#breadcrumb"},"inLanguage":"fr-CA","potentialAction":[{"@type":"ReadAction","target":["https:\/\/qpirgmcgill.org\/structure\/"]}]},{"@type":"ImageObject","inLanguage":"fr-CA","@id":"https:\/\/qpirgmcgill.org\/structure\/#primaryimage","url":"https:\/\/qpirgmcgill.org\/wp-content\/uploads\/2025\/01\/QPIRG-Organizational-Structure.png","contentUrl":"https:\/\/qpirgmcgill.org\/wp-content\/uploads\/2025\/01\/QPIRG-Organizational-Structure.png","width":2000,"height":1545},{"@type":"BreadcrumbList","@id":"https:\/\/qpirgmcgill.org\/structure\/#breadcrumb","itemListElement":[{"@type":"ListItem","position":1,"name":"Home","item":"https:\/\/qpirgmcgill.org\/"},{"@type":"ListItem","position":2,"name":"Structure"}]},{"@type":"WebSite","@id":"https:\/\/qpirgmcgill.org\/#website","url":"https:\/\/qpirgmcgill.org\/","name":"GRIP McGill","description":"Action. Research. Justice.","publisher":{"@id":"https:\/\/qpirgmcgill.org\/#organization"},"potentialAction":[{"@type":"SearchAction","target":{"@type":"EntryPoint","urlTemplate":"https:\/\/qpirgmcgill.org\/?s={search_term_string}"},"query-input":{"@type":"PropertyValueSpecification","valueRequired":true,"valueName":"search_term_string"}}],"inLanguage":"fr-CA"},{"@type":"Organization","@id":"https:\/\/qpirgmcgill.org\/#organization","name":"QPIRG","url":"https:\/\/qpirgmcgill.org\/","logo":{"@type":"ImageObject","inLanguage":"fr-CA","@id":"https:\/\/qpirgmcgill.org\/#\/schema\/logo\/image\/","url":"https:\/\/qpirgmcgill.org\/wp-content\/uploads\/2021\/11\/Logo_colour.png","contentUrl":"https:\/\/qpirgmcgill.org\/wp-content\/uploads\/2021\/11\/Logo_colour.png","width":432,"height":432,"caption":"QPIRG"},"image":{"@id":"https:\/\/qpirgmcgill.org\/#\/schema\/logo\/image\/"},"sameAs":["https:\/\/instagram.com\/qpirgmcgill"]}]}},"ticketed":false,"_links":{"self":[{"href":"https:\/\/qpirgmcgill.org\/fr\/wp-json\/wp\/v2\/pages\/1700","targetHints":{"allow":["GET"]}}],"collection":[{"href":"https:\/\/qpirgmcgill.org\/fr\/wp-json\/wp\/v2\/pages"}],"about":[{"href":"https:\/\/qpirgmcgill.org\/fr\/wp-json\/wp\/v2\/types\/page"}],"author":[{"embeddable":true,"href":"https:\/\/qpirgmcgill.org\/fr\/wp-json\/wp\/v2\/users\/1"}],"replies":[{"embeddable":true,"href":"https:\/\/qpirgmcgill.org\/fr\/wp-json\/wp\/v2\/comments?post=1700"}],"version-history":[{"count":16,"href":"https:\/\/qpirgmcgill.org\/fr\/wp-json\/wp\/v2\/pages\/1700\/revisions"}],"predecessor-version":[{"id":4172,"href":"https:\/\/qpirgmcgill.org\/fr\/wp-json\/wp\/v2\/pages\/1700\/revisions\/4172"}],"wp:featuredmedia":[{"embeddable":true,"href":"https:\/\/qpirgmcgill.org\/fr\/wp-json\/wp\/v2\/media\/4232"}],"wp:attachment":[{"href":"https:\/\/qpirgmcgill.org\/fr\/wp-json\/wp\/v2\/media?parent=1700"}],"curies":[{"name":"wp","href":"https:\/\/api.w.org\/{rel}","templated":true}]}}