{"id":1771,"date":"2021-01-01T00:31:45","date_gmt":"2021-01-01T00:31:45","guid":{"rendered":"https:\/\/qpirgmcgill.org\/?page_id=1771"},"modified":"2026-05-06T12:23:22","modified_gmt":"2026-05-06T16:23:22","slug":"volunteers","status":"publish","type":"page","link":"https:\/\/qpirgmcgill.org\/fr\/volunteers\/","title":{"rendered":"B\u00e9n\u00e9voles"},"content":{"rendered":"<h1 id=\"volunteers\" class=\"wp-block-heading\">B\u00e9n\u00e9voles<\/h1>\n\n\n\n<p>QPIRG-McGill is always seeking volunteers to help plan fun and educational events for social and environmental justice, to participate in inspiring campaigns, maintain the library, offer translation, childcare, and help with publicity. Volunteers can be community members or students.<\/p>\n\n\n\n<p><a href=\"https:\/\/qpirgmcgill.org\/wp-content\/uploads\/2024\/03\/General-library-volunteer-guide-2024-ENG.pdf\"><strong>Check out our volunteer guide here (PDF) (ENG)<\/strong><\/a><\/p>\n\n\n\n<p>If you&#8217;re interested in volunteering with us, fill out our <strong><a href=\"https:\/\/forms.gle\/BwuSftCm3RxKdEkd7\">volunteer sign-up form here<\/a><\/strong> or email us at <a href=\"mailto:info@qpirgmcgill.org\">info@qpirgmcgill.org<\/a>!<\/p>\n\n\n\n<p>Here are some of the various ways you can volunteer with QPIRG:<\/p>\n\n\n\n<figure class=\"wp-block-image size-large\"><img loading=\"lazy\" decoding=\"async\" width=\"1024\" height=\"768\" src=\"https:\/\/qpirgmcgill.org\/wp-content\/uploads\/2023\/10\/IMG_2212-1024x768.jpg\" alt=\"\" class=\"wp-image-3334\" srcset=\"https:\/\/qpirgmcgill.org\/wp-content\/uploads\/2023\/10\/IMG_2212-1024x768.jpg 1024w, https:\/\/qpirgmcgill.org\/wp-content\/uploads\/2023\/10\/IMG_2212-300x225.jpg 300w, https:\/\/qpirgmcgill.org\/wp-content\/uploads\/2023\/10\/IMG_2212-768x576.jpg 768w, https:\/\/qpirgmcgill.org\/wp-content\/uploads\/2023\/10\/IMG_2212-1536x1152.jpg 1536w, https:\/\/qpirgmcgill.org\/wp-content\/uploads\/2023\/10\/IMG_2212-2048x1536.jpg 2048w, https:\/\/qpirgmcgill.org\/wp-content\/uploads\/2023\/10\/IMG_2212-16x12.jpg 16w\" sizes=\"auto, (max-width: 1024px) 100vw, 1024px\" \/><\/figure>\n\n\n\n<h2 id=\"library\" class=\"wp-block-heading\">Biblioth\u00e8que<\/h2>\n\n\n\n<p>The QPIRG library collective consists of volunteers who are dedicated to sharing and preserving diverse forms of knowledge that adhere to QPIRG McGill&#8217;s Anti-Oppressive mandate. We strive to build communities as well as promote personal development by holding events such as skill-shares and zine club. Volunteers can get involved in the more technical aspects of the library such as working with the circulation or catalogue, or work with broader visions for the library such as increasing accessibility and outreach, as well as finding new materials.<\/p>\n\n\n\n<h2 id=\"outreach\" class=\"wp-block-heading\">Outreach<\/h2>\n\n\n\n<p>The Outreach Committee makes decisions about QPIRG\u2019s outreach and promotion. They help promote events and projects organized by QPIRG through postering and wheat pasting, tabling, flyering, email, and social media. The Committee often works with other committees and working groups to promote their various projects.<\/p>\n\n\n\n<h2 id=\"community-research\" class=\"wp-block-heading\">Recherche communautaire<\/h2>\n\n\n\n<p>Community Research volunteers support QPIRG-McGill&#8217;s community-driven research programming. Among its activities include doing outreach for the Community University Research Exchange (CURE) program and facilitating workshops and skillshares. Above all, the committee believes in research as a tool for social transformation- one that is accountable to communities and accessible to all.<\/p>\n\n\n\n<figure class=\"wp-block-image size-large\"><img loading=\"lazy\" decoding=\"async\" width=\"1024\" height=\"768\" src=\"https:\/\/qpirgmcgill.org\/wp-content\/uploads\/2024\/12\/20241029_193817-1024x768.jpg\" alt=\"\" class=\"wp-image-4160\" srcset=\"https:\/\/qpirgmcgill.org\/wp-content\/uploads\/2024\/12\/20241029_193817-1024x768.jpg 1024w, https:\/\/qpirgmcgill.org\/wp-content\/uploads\/2024\/12\/20241029_193817-300x225.jpg 300w, https:\/\/qpirgmcgill.org\/wp-content\/uploads\/2024\/12\/20241029_193817-768x576.jpg 768w, https:\/\/qpirgmcgill.org\/wp-content\/uploads\/2024\/12\/20241029_193817-1536x1152.jpg 1536w, https:\/\/qpirgmcgill.org\/wp-content\/uploads\/2024\/12\/20241029_193817-2048x1536.jpg 2048w, https:\/\/qpirgmcgill.org\/wp-content\/uploads\/2024\/12\/20241029_193817-16x12.jpg 16w\" sizes=\"auto, (max-width: 1024px) 100vw, 1024px\" \/><\/figure>\n\n\n\n<h2 id=\"popular-education\" class=\"wp-block-heading\">Popular Education<\/h2>\n\n\n\n<p>Le comit\u00e9 de l'\u00e9ducation populaire organise des \u00e9v\u00e9nements \u00e9ducatifs pour les communaut\u00e9s de McGill et de Montr\u00e9al. Notre programmation r\u00e9guli\u00e8re comprend Choc Culturel au semestre d'automne et les Journ\u00e9es de la justice sociale au semestre d'hiver. Le comit\u00e9 peut choisir d'organiser d'autres \u00e9v\u00e9nements de son choix en plus de la programmation r\u00e9guli\u00e8re.<\/p>\n\n\n\n<h2 id=\"accessibilityspace-committee\" class=\"wp-block-heading\">Accessibility\/Space Committee<\/h2>\n\n\n\n<p>The Accessibility Committee has a mandate to evaluate QPIRG&#8217;s current barriers to accessibility, researching and providing information on possible solutions, and implementing- or helping to implement- as many as possible. The Accessibility Committee can also help guide other committees or staff at QPIRG, and provide or recommend training where questions of accessibility are concerned. Space Committee is particularly concerned with QPIRG&#8217;s physical office space and ensuring that it remains accessible and functional for all staff, board, and visitors.<\/p>\n\n\n\n<figure class=\"wp-block-image size-large\"><img loading=\"lazy\" decoding=\"async\" width=\"1024\" height=\"681\" src=\"https:\/\/qpirgmcgill.org\/wp-content\/uploads\/2021\/01\/Loft-Party-1024x681.jpg\" alt=\"Two people blowing party horns and smiling. Behind them are four rows of flowers that are tied together.\" class=\"wp-image-1840\" srcset=\"https:\/\/qpirgmcgill.org\/wp-content\/uploads\/2021\/01\/Loft-Party-1024x681.jpg 1024w, https:\/\/qpirgmcgill.org\/wp-content\/uploads\/2021\/01\/Loft-Party-300x199.jpg 300w, https:\/\/qpirgmcgill.org\/wp-content\/uploads\/2021\/01\/Loft-Party-768x511.jpg 768w, https:\/\/qpirgmcgill.org\/wp-content\/uploads\/2021\/01\/Loft-Party-16x12.jpg 16w, https:\/\/qpirgmcgill.org\/wp-content\/uploads\/2021\/01\/Loft-Party.jpg 1504w\" sizes=\"auto, (max-width: 1024px) 100vw, 1024px\" \/><\/figure>\n\n\n\n<h2 id=\"rad-frosh\" class=\"wp-block-heading\">Rad Frosh<\/h2>\n\n\n\n<p>Rad Frosh volunteers help shape the weekend of Rad Frosh to make it as great as it can be! They select workshops, tours and facilitators, brainstorm new ideas\/initiatives, help create and compile accessibility information and prepare frosh bags &amp; other frosh materials. Volunteer Rad Frosh facilitators also help ensure that the whole weekend of RF runs smoothly.<\/p>","protected":false},"excerpt":{"rendered":"<p>Volunteers QPIRG-McGill is always seeking volunteers to help plan fun and educational events for social and environmental justice, to participate in inspiring campaigns, maintain the library, offer translation, childcare, and [&hellip;]<\/p>\n","protected":false},"author":1,"featured_media":1278,"parent":0,"menu_order":0,"comment_status":"closed","ping_status":"closed","template":"","meta":{"_price":"","_stock":"","_tribe_ticket_header":"","_tribe_default_ticket_provider":"","_tribe_ticket_capacity":"0","_ticket_start_date":"","_ticket_end_date":"","_tribe_ticket_show_description":"","_tribe_ticket_show_not_going":false,"_tribe_ticket_use_global_stock":"","_tribe_ticket_global_stock_level":"","_global_stock_mode":"","_global_stock_cap":"","_tribe_rsvp_for_event":"","_tribe_ticket_going_count":"","_tribe_ticket_not_going_count":"","_tribe_tickets_list":"[]","_tribe_ticket_has_attendee_info_fields":false,"_EventAllDay":false,"_EventTimezone":"","_EventStartDate":"","_EventEndDate":"","_EventStartDateUTC":"","_EventEndDateUTC":"","_EventShowMap":false,"_EventShowMapLink":false,"_EventURL":"","_EventCost":"","_EventCostDescription":"","_EventCurrencySymbol":"","_EventCurrencyCode":"","_EventCurrencyPosition":"","_EventDateTimeSeparator":"","_EventTimeRangeSeparator":"","_EventOrganizerID":[],"_EventVenueID":[],"_OrganizerEmail":"","_OrganizerPhone":"","_OrganizerWebsite":"","_VenueAddress":"","_VenueCity":"","_VenueCountry":"","_VenueProvince":"","_VenueState":"","_VenueZip":"","_VenuePhone":"","_VenueURL":"","_VenueStateProvince":"","_VenueLat":"","_VenueLng":"","_VenueShowMap":false,"_VenueShowMapLink":false,"footnotes":"","_tec_slr_enabled":"","_tec_slr_layout":""},"class_list":["post-1771","page","type-page","status-publish","has-post-thumbnail","hentry"],"yoast_head":"<!-- This site is optimized with the Yoast SEO plugin v27.6 - https:\/\/yoast.com\/product\/yoast-seo-wordpress\/ -->\n<title>Volunteers &#8211; QPIRG McGill<\/title>\n<meta name=\"description\" content=\"QPIRG-McGill is always seeking volunteers to help plan educational events, maintain the library, offer translation, and help with outreach.\" \/>\n<meta name=\"robots\" content=\"index, follow, max-snippet:-1, max-image-preview:large, max-video-preview:-1\" \/>\n<link rel=\"canonical\" href=\"https:\/\/qpirgmcgill.org\/fr\/volunteers\/\" \/>\n<meta property=\"og:locale\" content=\"fr_CA\" \/>\n<meta property=\"og:type\" content=\"article\" \/>\n<meta property=\"og:title\" content=\"Volunteers &#8211; QPIRG McGill\" \/>\n<meta property=\"og:description\" content=\"QPIRG-McGill is always seeking volunteers to help plan educational events, maintain the library, offer translation, and help with outreach.\" \/>\n<meta property=\"og:url\" content=\"https:\/\/qpirgmcgill.org\/fr\/volunteers\/\" \/>\n<meta property=\"og:site_name\" content=\"QPIRG McGill\" \/>\n<meta property=\"article:modified_time\" content=\"2026-05-06T16:23:22+00:00\" \/>\n<meta property=\"og:image\" content=\"https:\/\/qpirgmcgill.org\/wp-content\/uploads\/2020\/11\/Elesser-Bulatao-scaled.jpg\" \/>\n\t<meta property=\"og:image:width\" content=\"2560\" \/>\n\t<meta property=\"og:image:height\" content=\"1707\" \/>\n\t<meta property=\"og:image:type\" content=\"image\/jpeg\" \/>\n<meta name=\"twitter:card\" content=\"summary_large_image\" \/>\n<meta name=\"twitter:label1\" content=\"Estimation du temps de lecture\" \/>\n\t<meta name=\"twitter:data1\" content=\"3 minutes\" \/>\n<script type=\"application\/ld+json\" class=\"yoast-schema-graph\">{\"@context\":\"https:\\\/\\\/schema.org\",\"@graph\":[{\"@type\":\"WebPage\",\"@id\":\"https:\\\/\\\/qpirgmcgill.org\\\/volunteers\\\/\",\"url\":\"https:\\\/\\\/qpirgmcgill.org\\\/volunteers\\\/\",\"name\":\"Volunteers &#8211; QPIRG McGill\",\"isPartOf\":{\"@id\":\"https:\\\/\\\/qpirgmcgill.org\\\/#website\"},\"primaryImageOfPage\":{\"@id\":\"https:\\\/\\\/qpirgmcgill.org\\\/volunteers\\\/#primaryimage\"},\"image\":{\"@id\":\"https:\\\/\\\/qpirgmcgill.org\\\/volunteers\\\/#primaryimage\"},\"thumbnailUrl\":\"https:\\\/\\\/qpirgmcgill.org\\\/wp-content\\\/uploads\\\/2020\\\/11\\\/Elesser-Bulatao-scaled.jpg\",\"datePublished\":\"2021-01-01T00:31:45+00:00\",\"dateModified\":\"2026-05-06T16:23:22+00:00\",\"description\":\"QPIRG-McGill is always seeking volunteers to help plan educational events, maintain the library, offer translation, and help with outreach.\",\"breadcrumb\":{\"@id\":\"https:\\\/\\\/qpirgmcgill.org\\\/volunteers\\\/#breadcrumb\"},\"inLanguage\":\"fr-CA\",\"potentialAction\":[{\"@type\":\"ReadAction\",\"target\":[\"https:\\\/\\\/qpirgmcgill.org\\\/volunteers\\\/\"]}]},{\"@type\":\"ImageObject\",\"inLanguage\":\"fr-CA\",\"@id\":\"https:\\\/\\\/qpirgmcgill.org\\\/volunteers\\\/#primaryimage\",\"url\":\"https:\\\/\\\/qpirgmcgill.org\\\/wp-content\\\/uploads\\\/2020\\\/11\\\/Elesser-Bulatao-scaled.jpg\",\"contentUrl\":\"https:\\\/\\\/qpirgmcgill.org\\\/wp-content\\\/uploads\\\/2020\\\/11\\\/Elesser-Bulatao-scaled.jpg\",\"width\":2560,\"height\":1707},{\"@type\":\"BreadcrumbList\",\"@id\":\"https:\\\/\\\/qpirgmcgill.org\\\/volunteers\\\/#breadcrumb\",\"itemListElement\":[{\"@type\":\"ListItem\",\"position\":1,\"name\":\"Home\",\"item\":\"https:\\\/\\\/qpirgmcgill.org\\\/\"},{\"@type\":\"ListItem\",\"position\":2,\"name\":\"Volunteers\"}]},{\"@type\":\"WebSite\",\"@id\":\"https:\\\/\\\/qpirgmcgill.org\\\/#website\",\"url\":\"https:\\\/\\\/qpirgmcgill.org\\\/\",\"name\":\"QPIRG McGill\",\"description\":\"Action. Research. Justice.\",\"publisher\":{\"@id\":\"https:\\\/\\\/qpirgmcgill.org\\\/#organization\"},\"potentialAction\":[{\"@type\":\"SearchAction\",\"target\":{\"@type\":\"EntryPoint\",\"urlTemplate\":\"https:\\\/\\\/qpirgmcgill.org\\\/?s={search_term_string}\"},\"query-input\":{\"@type\":\"PropertyValueSpecification\",\"valueRequired\":true,\"valueName\":\"search_term_string\"}}],\"inLanguage\":\"fr-CA\"},{\"@type\":\"Organization\",\"@id\":\"https:\\\/\\\/qpirgmcgill.org\\\/#organization\",\"name\":\"QPIRG\",\"url\":\"https:\\\/\\\/qpirgmcgill.org\\\/\",\"logo\":{\"@type\":\"ImageObject\",\"inLanguage\":\"fr-CA\",\"@id\":\"https:\\\/\\\/qpirgmcgill.org\\\/#\\\/schema\\\/logo\\\/image\\\/\",\"url\":\"https:\\\/\\\/qpirgmcgill.org\\\/wp-content\\\/uploads\\\/2021\\\/11\\\/Logo_colour.png\",\"contentUrl\":\"https:\\\/\\\/qpirgmcgill.org\\\/wp-content\\\/uploads\\\/2021\\\/11\\\/Logo_colour.png\",\"width\":432,\"height\":432,\"caption\":\"QPIRG\"},\"image\":{\"@id\":\"https:\\\/\\\/qpirgmcgill.org\\\/#\\\/schema\\\/logo\\\/image\\\/\"},\"sameAs\":[\"https:\\\/\\\/instagram.com\\\/qpirgmcgill\"]}]}<\/script>\n<!-- \/ Yoast SEO plugin. -->","yoast_head_json":{"title":"Volunteers &#8211; QPIRG McGill","description":"QPIRG-McGill is always seeking volunteers to help plan educational events, maintain the library, offer translation, and help with outreach.","robots":{"index":"index","follow":"follow","max-snippet":"max-snippet:-1","max-image-preview":"max-image-preview:large","max-video-preview":"max-video-preview:-1"},"canonical":"https:\/\/qpirgmcgill.org\/fr\/volunteers\/","og_locale":"fr_CA","og_type":"article","og_title":"Volunteers &#8211; QPIRG McGill","og_description":"QPIRG-McGill is always seeking volunteers to help plan educational events, maintain the library, offer translation, and help with outreach.","og_url":"https:\/\/qpirgmcgill.org\/fr\/volunteers\/","og_site_name":"QPIRG McGill","article_modified_time":"2026-05-06T16:23:22+00:00","og_image":[{"width":2560,"height":1707,"url":"https:\/\/qpirgmcgill.org\/wp-content\/uploads\/2020\/11\/Elesser-Bulatao-scaled.jpg","type":"image\/jpeg"}],"twitter_card":"summary_large_image","twitter_misc":{"Estimation du temps de lecture":"3 minutes"},"schema":{"@context":"https:\/\/schema.org","@graph":[{"@type":"WebPage","@id":"https:\/\/qpirgmcgill.org\/volunteers\/","url":"https:\/\/qpirgmcgill.org\/volunteers\/","name":"Volunteers &#8211; QPIRG McGill","isPartOf":{"@id":"https:\/\/qpirgmcgill.org\/#website"},"primaryImageOfPage":{"@id":"https:\/\/qpirgmcgill.org\/volunteers\/#primaryimage"},"image":{"@id":"https:\/\/qpirgmcgill.org\/volunteers\/#primaryimage"},"thumbnailUrl":"https:\/\/qpirgmcgill.org\/wp-content\/uploads\/2020\/11\/Elesser-Bulatao-scaled.jpg","datePublished":"2021-01-01T00:31:45+00:00","dateModified":"2026-05-06T16:23:22+00:00","description":"QPIRG-McGill is always seeking volunteers to help plan educational events, maintain the library, offer translation, and help with outreach.","breadcrumb":{"@id":"https:\/\/qpirgmcgill.org\/volunteers\/#breadcrumb"},"inLanguage":"fr-CA","potentialAction":[{"@type":"ReadAction","target":["https:\/\/qpirgmcgill.org\/volunteers\/"]}]},{"@type":"ImageObject","inLanguage":"fr-CA","@id":"https:\/\/qpirgmcgill.org\/volunteers\/#primaryimage","url":"https:\/\/qpirgmcgill.org\/wp-content\/uploads\/2020\/11\/Elesser-Bulatao-scaled.jpg","contentUrl":"https:\/\/qpirgmcgill.org\/wp-content\/uploads\/2020\/11\/Elesser-Bulatao-scaled.jpg","width":2560,"height":1707},{"@type":"BreadcrumbList","@id":"https:\/\/qpirgmcgill.org\/volunteers\/#breadcrumb","itemListElement":[{"@type":"ListItem","position":1,"name":"Home","item":"https:\/\/qpirgmcgill.org\/"},{"@type":"ListItem","position":2,"name":"Volunteers"}]},{"@type":"WebSite","@id":"https:\/\/qpirgmcgill.org\/#website","url":"https:\/\/qpirgmcgill.org\/","name":"GRIP McGill","description":"Action. Research. Justice.","publisher":{"@id":"https:\/\/qpirgmcgill.org\/#organization"},"potentialAction":[{"@type":"SearchAction","target":{"@type":"EntryPoint","urlTemplate":"https:\/\/qpirgmcgill.org\/?s={search_term_string}"},"query-input":{"@type":"PropertyValueSpecification","valueRequired":true,"valueName":"search_term_string"}}],"inLanguage":"fr-CA"},{"@type":"Organization","@id":"https:\/\/qpirgmcgill.org\/#organization","name":"QPIRG","url":"https:\/\/qpirgmcgill.org\/","logo":{"@type":"ImageObject","inLanguage":"fr-CA","@id":"https:\/\/qpirgmcgill.org\/#\/schema\/logo\/image\/","url":"https:\/\/qpirgmcgill.org\/wp-content\/uploads\/2021\/11\/Logo_colour.png","contentUrl":"https:\/\/qpirgmcgill.org\/wp-content\/uploads\/2021\/11\/Logo_colour.png","width":432,"height":432,"caption":"QPIRG"},"image":{"@id":"https:\/\/qpirgmcgill.org\/#\/schema\/logo\/image\/"},"sameAs":["https:\/\/instagram.com\/qpirgmcgill"]}]}},"ticketed":false,"_links":{"self":[{"href":"https:\/\/qpirgmcgill.org\/fr\/wp-json\/wp\/v2\/pages\/1771","targetHints":{"allow":["GET"]}}],"collection":[{"href":"https:\/\/qpirgmcgill.org\/fr\/wp-json\/wp\/v2\/pages"}],"about":[{"href":"https:\/\/qpirgmcgill.org\/fr\/wp-json\/wp\/v2\/types\/page"}],"author":[{"embeddable":true,"href":"https:\/\/qpirgmcgill.org\/fr\/wp-json\/wp\/v2\/users\/1"}],"replies":[{"embeddable":true,"href":"https:\/\/qpirgmcgill.org\/fr\/wp-json\/wp\/v2\/comments?post=1771"}],"version-history":[{"count":48,"href":"https:\/\/qpirgmcgill.org\/fr\/wp-json\/wp\/v2\/pages\/1771\/revisions"}],"predecessor-version":[{"id":5341,"href":"https:\/\/qpirgmcgill.org\/fr\/wp-json\/wp\/v2\/pages\/1771\/revisions\/5341"}],"wp:featuredmedia":[{"embeddable":true,"href":"https:\/\/qpirgmcgill.org\/fr\/wp-json\/wp\/v2\/media\/1278"}],"wp:attachment":[{"href":"https:\/\/qpirgmcgill.org\/fr\/wp-json\/wp\/v2\/media?parent=1771"}],"curies":[{"name":"wp","href":"https:\/\/api.w.org\/{rel}","templated":true}]}}