{"id":1775,"date":"2021-01-01T01:02:16","date_gmt":"2021-01-01T01:02:16","guid":{"rendered":"https:\/\/qpirgmcgill.org\/?page_id=1775"},"modified":"2026-04-20T16:10:33","modified_gmt":"2026-04-20T20:10:33","slug":"jobs","status":"publish","type":"page","link":"https:\/\/qpirgmcgill.org\/fr\/jobs\/","title":{"rendered":"Offres d'emploi"},"content":{"rendered":"<h1 class=\"wp-block-heading\" id=\"jobs\">Offres d'emploi<\/h1>\n\n\n<p>Le GRIP embauche des \u00e9tudiants \u00e0 court terme, \u00e0 temps partiel, tout au long de l'ann\u00e9e. Voici quelques-uns de ces postes:<\/p>\n\n\n\n<ul class=\"wp-block-list\">\n<li>Popular Education Coordinator (Culture Shock and Spring into Action event series coordination, hired through SSMU)<\/li>\n\n\n\n<li>Community-University Research Exchange Coordinator (work-study position)<\/li>\n\n\n\n<li>Coordinateur-trice de la sensibilisation sur les campus (poste en travail-\u00e9tudes)<\/li>\n\n\n\n<li>Rad Frosh Coordinators (via Young Canada Works and our own funding)<\/li>\n\n\n\n<li>School Schmool Coordinators (via Young Canada Works)<\/li>\n\n\n\n<li>et pour divers petits contrats tout au long de l'ann\u00e9e (conception de sites web, conception d'affiches, traduction, garde d'enfants, etc.)<\/li>\n<\/ul>\n\n\n\n<p>The best way to keep up to date about new job openings is through our <a href=\"https:\/\/qpirgmcgill.org\/fr\/newsletter\/\">bulletin d'information<\/a>, <a href=\"https:\/\/www.facebook.com\/QPIRG.GRIP.McGill\/\">Facebook<\/a>, et <a href=\"https:\/\/www.instagram.com\/qpirgmcgill\/\">Instagram<\/a>.<\/p>\n\n\n\n<hr class=\"wp-block-separator has-alpha-channel-opacity\"\/>\n\n\n<h2 class=\"wp-block-heading\" id=\"available-positions\">Available positions<\/h2>\n\n\n\n\n<ul class=\"wp-block-list\">\n<li><a href=\"https:\/\/forms.gle\/rp1JP7s3DabfDdNX9\">Resource Centre Coordinator (McGill Work Study, part-time 1-year contract)<\/a><\/li>\n\n\n\n<li><a href=\"https:\/\/forms.gle\/rWG3MHjmXmwdiAGL9\">School Schmool Coordinator (Young Canada Works, part-time summer contract)<\/a><\/li>\n\n\n\n<li><a href=\"https:\/\/forms.gle\/TP3hfJrzmh9RVKXC9\">Rad Frosh Coordinator (Young Canada Works, part-time summer contract<\/a><\/li>\n<\/ul>","protected":false},"excerpt":{"rendered":"<p>Jobs QPIRG hires students on short term, part time bases throughout the year. Some of these positions include: The best way to keep up to date about new job openings [&hellip;]<\/p>\n","protected":false},"author":1,"featured_media":0,"parent":0,"menu_order":0,"comment_status":"closed","ping_status":"closed","template":"","meta":{"_price":"","_stock":"","_tribe_ticket_header":"","_tribe_default_ticket_provider":"","_tribe_ticket_capacity":"0","_ticket_start_date":"","_ticket_end_date":"","_tribe_ticket_show_description":"","_tribe_ticket_show_not_going":false,"_tribe_ticket_use_global_stock":"","_tribe_ticket_global_stock_level":"","_global_stock_mode":"","_global_stock_cap":"","_tribe_rsvp_for_event":"","_tribe_ticket_going_count":"","_tribe_ticket_not_going_count":"","_tribe_tickets_list":"[]","_tribe_ticket_has_attendee_info_fields":false,"_EventAllDay":false,"_EventTimezone":"","_EventStartDate":"","_EventEndDate":"","_EventStartDateUTC":"","_EventEndDateUTC":"","_EventShowMap":false,"_EventShowMapLink":false,"_EventURL":"","_EventCost":"","_EventCostDescription":"","_EventCurrencySymbol":"","_EventCurrencyCode":"","_EventCurrencyPosition":"","_EventDateTimeSeparator":"","_EventTimeRangeSeparator":"","_EventOrganizerID":[],"_EventVenueID":[],"_OrganizerEmail":"","_OrganizerPhone":"","_OrganizerWebsite":"","_VenueAddress":"","_VenueCity":"","_VenueCountry":"","_VenueProvince":"","_VenueState":"","_VenueZip":"","_VenuePhone":"","_VenueURL":"","_VenueStateProvince":"","_VenueLat":"","_VenueLng":"","_VenueShowMap":false,"_VenueShowMapLink":false,"footnotes":"","_tec_slr_enabled":"","_tec_slr_layout":""},"class_list":["post-1775","page","type-page","status-publish","hentry"],"yoast_head":"<!-- This site is optimized with the Yoast SEO plugin v27.4 - https:\/\/yoast.com\/product\/yoast-seo-wordpress\/ -->\n<title>Jobs &#8211; QPIRG McGill<\/title>\n<meta name=\"description\" content=\"QPIRG hires students for part-time positions throughout the year. We also have short-term summer job openings every spring.\" \/>\n<meta name=\"robots\" content=\"index, follow, max-snippet:-1, max-image-preview:large, max-video-preview:-1\" \/>\n<link rel=\"canonical\" href=\"https:\/\/qpirgmcgill.org\/fr\/jobs\/\" \/>\n<meta property=\"og:locale\" content=\"fr_CA\" \/>\n<meta property=\"og:type\" content=\"article\" \/>\n<meta property=\"og:title\" content=\"Jobs &#8211; QPIRG McGill\" \/>\n<meta property=\"og:description\" content=\"QPIRG hires students for part-time positions throughout the year. We also have short-term summer job openings every spring.\" \/>\n<meta property=\"og:url\" content=\"https:\/\/qpirgmcgill.org\/fr\/jobs\/\" \/>\n<meta property=\"og:site_name\" content=\"QPIRG McGill\" \/>\n<meta property=\"article:modified_time\" content=\"2026-04-20T20:10:33+00:00\" \/>\n<meta name=\"twitter:card\" content=\"summary_large_image\" \/>\n<meta name=\"twitter:label1\" content=\"Estimation du temps de lecture\" \/>\n\t<meta name=\"twitter:data1\" content=\"1 minute\" \/>\n<script type=\"application\/ld+json\" class=\"yoast-schema-graph\">{\"@context\":\"https:\\\/\\\/schema.org\",\"@graph\":[{\"@type\":\"WebPage\",\"@id\":\"https:\\\/\\\/qpirgmcgill.org\\\/jobs\\\/\",\"url\":\"https:\\\/\\\/qpirgmcgill.org\\\/jobs\\\/\",\"name\":\"Jobs &#8211; QPIRG McGill\",\"isPartOf\":{\"@id\":\"https:\\\/\\\/qpirgmcgill.org\\\/#website\"},\"datePublished\":\"2021-01-01T01:02:16+00:00\",\"dateModified\":\"2026-04-20T20:10:33+00:00\",\"description\":\"QPIRG hires students for part-time positions throughout the year. We also have short-term summer job openings every spring.\",\"breadcrumb\":{\"@id\":\"https:\\\/\\\/qpirgmcgill.org\\\/jobs\\\/#breadcrumb\"},\"inLanguage\":\"fr-CA\",\"potentialAction\":[{\"@type\":\"ReadAction\",\"target\":[\"https:\\\/\\\/qpirgmcgill.org\\\/jobs\\\/\"]}]},{\"@type\":\"BreadcrumbList\",\"@id\":\"https:\\\/\\\/qpirgmcgill.org\\\/jobs\\\/#breadcrumb\",\"itemListElement\":[{\"@type\":\"ListItem\",\"position\":1,\"name\":\"Home\",\"item\":\"https:\\\/\\\/qpirgmcgill.org\\\/\"},{\"@type\":\"ListItem\",\"position\":2,\"name\":\"Jobs\"}]},{\"@type\":\"WebSite\",\"@id\":\"https:\\\/\\\/qpirgmcgill.org\\\/#website\",\"url\":\"https:\\\/\\\/qpirgmcgill.org\\\/\",\"name\":\"QPIRG McGill\",\"description\":\"Action. Research. Justice.\",\"publisher\":{\"@id\":\"https:\\\/\\\/qpirgmcgill.org\\\/#organization\"},\"potentialAction\":[{\"@type\":\"SearchAction\",\"target\":{\"@type\":\"EntryPoint\",\"urlTemplate\":\"https:\\\/\\\/qpirgmcgill.org\\\/?s={search_term_string}\"},\"query-input\":{\"@type\":\"PropertyValueSpecification\",\"valueRequired\":true,\"valueName\":\"search_term_string\"}}],\"inLanguage\":\"fr-CA\"},{\"@type\":\"Organization\",\"@id\":\"https:\\\/\\\/qpirgmcgill.org\\\/#organization\",\"name\":\"QPIRG\",\"url\":\"https:\\\/\\\/qpirgmcgill.org\\\/\",\"logo\":{\"@type\":\"ImageObject\",\"inLanguage\":\"fr-CA\",\"@id\":\"https:\\\/\\\/qpirgmcgill.org\\\/#\\\/schema\\\/logo\\\/image\\\/\",\"url\":\"https:\\\/\\\/qpirgmcgill.org\\\/wp-content\\\/uploads\\\/2021\\\/11\\\/Logo_colour.png\",\"contentUrl\":\"https:\\\/\\\/qpirgmcgill.org\\\/wp-content\\\/uploads\\\/2021\\\/11\\\/Logo_colour.png\",\"width\":432,\"height\":432,\"caption\":\"QPIRG\"},\"image\":{\"@id\":\"https:\\\/\\\/qpirgmcgill.org\\\/#\\\/schema\\\/logo\\\/image\\\/\"},\"sameAs\":[\"https:\\\/\\\/instagram.com\\\/qpirgmcgill\"]}]}<\/script>\n<!-- \/ Yoast SEO plugin. -->","yoast_head_json":{"title":"Jobs &#8211; QPIRG McGill","description":"QPIRG hires students for part-time positions throughout the year. We also have short-term summer job openings every spring.","robots":{"index":"index","follow":"follow","max-snippet":"max-snippet:-1","max-image-preview":"max-image-preview:large","max-video-preview":"max-video-preview:-1"},"canonical":"https:\/\/qpirgmcgill.org\/fr\/jobs\/","og_locale":"fr_CA","og_type":"article","og_title":"Jobs &#8211; QPIRG McGill","og_description":"QPIRG hires students for part-time positions throughout the year. We also have short-term summer job openings every spring.","og_url":"https:\/\/qpirgmcgill.org\/fr\/jobs\/","og_site_name":"QPIRG McGill","article_modified_time":"2026-04-20T20:10:33+00:00","twitter_card":"summary_large_image","twitter_misc":{"Estimation du temps de lecture":"1 minute"},"schema":{"@context":"https:\/\/schema.org","@graph":[{"@type":"WebPage","@id":"https:\/\/qpirgmcgill.org\/jobs\/","url":"https:\/\/qpirgmcgill.org\/jobs\/","name":"Jobs &#8211; QPIRG McGill","isPartOf":{"@id":"https:\/\/qpirgmcgill.org\/#website"},"datePublished":"2021-01-01T01:02:16+00:00","dateModified":"2026-04-20T20:10:33+00:00","description":"QPIRG hires students for part-time positions throughout the year. We also have short-term summer job openings every spring.","breadcrumb":{"@id":"https:\/\/qpirgmcgill.org\/jobs\/#breadcrumb"},"inLanguage":"fr-CA","potentialAction":[{"@type":"ReadAction","target":["https:\/\/qpirgmcgill.org\/jobs\/"]}]},{"@type":"BreadcrumbList","@id":"https:\/\/qpirgmcgill.org\/jobs\/#breadcrumb","itemListElement":[{"@type":"ListItem","position":1,"name":"Home","item":"https:\/\/qpirgmcgill.org\/"},{"@type":"ListItem","position":2,"name":"Jobs"}]},{"@type":"WebSite","@id":"https:\/\/qpirgmcgill.org\/#website","url":"https:\/\/qpirgmcgill.org\/","name":"GRIP McGill","description":"Action. Research. Justice.","publisher":{"@id":"https:\/\/qpirgmcgill.org\/#organization"},"potentialAction":[{"@type":"SearchAction","target":{"@type":"EntryPoint","urlTemplate":"https:\/\/qpirgmcgill.org\/?s={search_term_string}"},"query-input":{"@type":"PropertyValueSpecification","valueRequired":true,"valueName":"search_term_string"}}],"inLanguage":"fr-CA"},{"@type":"Organization","@id":"https:\/\/qpirgmcgill.org\/#organization","name":"QPIRG","url":"https:\/\/qpirgmcgill.org\/","logo":{"@type":"ImageObject","inLanguage":"fr-CA","@id":"https:\/\/qpirgmcgill.org\/#\/schema\/logo\/image\/","url":"https:\/\/qpirgmcgill.org\/wp-content\/uploads\/2021\/11\/Logo_colour.png","contentUrl":"https:\/\/qpirgmcgill.org\/wp-content\/uploads\/2021\/11\/Logo_colour.png","width":432,"height":432,"caption":"QPIRG"},"image":{"@id":"https:\/\/qpirgmcgill.org\/#\/schema\/logo\/image\/"},"sameAs":["https:\/\/instagram.com\/qpirgmcgill"]}]}},"ticketed":false,"_links":{"self":[{"href":"https:\/\/qpirgmcgill.org\/fr\/wp-json\/wp\/v2\/pages\/1775","targetHints":{"allow":["GET"]}}],"collection":[{"href":"https:\/\/qpirgmcgill.org\/fr\/wp-json\/wp\/v2\/pages"}],"about":[{"href":"https:\/\/qpirgmcgill.org\/fr\/wp-json\/wp\/v2\/types\/page"}],"author":[{"embeddable":true,"href":"https:\/\/qpirgmcgill.org\/fr\/wp-json\/wp\/v2\/users\/1"}],"replies":[{"embeddable":true,"href":"https:\/\/qpirgmcgill.org\/fr\/wp-json\/wp\/v2\/comments?post=1775"}],"version-history":[{"count":66,"href":"https:\/\/qpirgmcgill.org\/fr\/wp-json\/wp\/v2\/pages\/1775\/revisions"}],"predecessor-version":[{"id":5313,"href":"https:\/\/qpirgmcgill.org\/fr\/wp-json\/wp\/v2\/pages\/1775\/revisions\/5313"}],"wp:attachment":[{"href":"https:\/\/qpirgmcgill.org\/fr\/wp-json\/wp\/v2\/media?parent=1775"}],"curies":[{"name":"wp","href":"https:\/\/api.w.org\/{rel}","templated":true}]}}