{"id":403,"date":"2017-07-03T02:57:58","date_gmt":"2017-07-03T02:57:58","guid":{"rendered":"https:\/\/qpirgmcgill.org\/?page_id=403"},"modified":"2025-11-18T14:50:08","modified_gmt":"2025-11-18T19:50:08","slug":"who-we-are","status":"publish","type":"page","link":"https:\/\/qpirgmcgill.org\/fr\/who-we-are\/","title":{"rendered":"Who we are"},"content":{"rendered":"<h1 id=\"who-we-are\" class=\"wp-block-heading has-text-align-center\">Who We Are<\/h1>\n\n\n\n<div style=\"height:61px\" aria-hidden=\"true\" class=\"wp-block-spacer\"><\/div>\n\n\n\n<div class=\"wp-block-columns alignwide is-layout-flex wp-container-core-columns-is-layout-28f84493 wp-block-columns-is-layout-flex\">\n<div class=\"wp-block-column is-layout-flow wp-block-column-is-layout-flow\" style=\"flex-basis:66.66%\">\n<div class=\"wp-block-group has-global-padding is-layout-constrained wp-block-group-is-layout-constrained\">\n<h2 id=\"what-is-qpirg\" class=\"wp-block-heading\">What is QPIRG?<\/h2>\n\n\n\n<p>QPIRG-McGill is a student-run, student-funded social and environmental justice organization. QPIRG-McGill facilitates research opportunities for students that link them up with the broader Montreal community through the Community Research Program, an alternative resource library, and funding for summer research projects. QPIRG also empowers students to take action in their community; we offer funding and support to <a href=\"https:\/\/qpirgmcgill.org\/fr\/working-groups\/current-working-groups\/\">15+ Working Groups<\/a>, who take on a variety of social and environmental issues. QPIRG offers a variety of Popular Education programming on campus and in Montreal including two annual event series, <a href=\"https:\/\/qpirgmcgill.org\/fr\/spring-into-action\/\">Printemps Militant<\/a> and <a href=\"https:\/\/qpirgmcgill.org\/fr\/cs\/\">Culture Shock<\/a>. We also organize an alternative orientation (<a href=\"https:\/\/qpirgmcgill.org\/fr\/rad-frosh\/\">Rad Frosh<\/a>) and publish <a href=\"https:\/\/qpirgmcgill.org\/fr\/publications\/\">School Schmool<\/a>, a free agenda and resource guide, in collaboration with <a href=\"https:\/\/qpirgconcordia.org\">GRIP-Concordia<\/a>.<\/p>\n\n\n\n<p>GRIP-McGill a \u00e9t\u00e9 \u00e0 l'origine d'\u00e9tapes importantes sur le campus de McGill, comme le lancement du recyclage du papier dans les ann\u00e9es 1990, la cr\u00e9ation de la premi\u00e8re coop\u00e9rative de logement pour les \u00e9tudiants de McGill, et a jou\u00e9 un r\u00f4le essentiel dans l'approvisionnement en caf\u00e9 \u00e9quitable sur le campus.<\/p>\n<\/div>\n\n\n\n<div class=\"wp-block-group has-global-padding is-layout-constrained wp-block-group-is-layout-constrained\">\n<h2 id=\"who-is-qpirg\" class=\"wp-block-heading\">Qui est le GRIP?<\/h2>\n\n\n\n<p>Every McGill student who has not opted-out is a member of QPIRG-McGill because they pay a membership fee at the beginning of each semester with their tuition. QPIRG-McGill is run by our staff, board, and volunteers, who are both students and non-students.<\/p>\n\n\n\n<p>Every year, at QPIRG\u2019s Annual General Meeting (AGM), our 12-member <a href=\"https:\/\/qpirgmcgill.org\/fr\/board-of-directors\/\">Conseil d'administration<\/a> is elected by the QPIRG membership (any student who has not opted-out of our fee, as well as QPIRG community members). The board, of which at least half are students, is responsible for making major decisions \u2013 such as granting discretionary funding and selecting working groups \u2013 and working towards the long-term vision of the organization determined by the membership. At the AGM, the membership also has the chance to voice concerns and emphasize priorities for the upcoming year. While the board makes many of the financial and structural decisions, and the staff keep the organization running day-to-day, our programming and operations are especially shaped by our many student volunteers, who serve on many of QPIRG\u2019s committees.<\/p>\n<\/div>\n\n\n\n<div class=\"wp-block-group has-global-padding is-layout-constrained wp-block-group-is-layout-constrained\">\n<h2 id=\"qpirg-staff\" class=\"wp-block-heading\">QPIRG Staff<\/h2>\n\n\n\n<p>Put simply, there is just way too much going on at QPIRG not to have staff! We have hundreds of actively involved members, 20 working groups, a library, a community research program, multiple publications, 3 major event series throughout the year, and ongoing training and development programs for student organizations. We simply could not maintain this work on a purely volunteer basis, and we certainly could not also meet our legal and financial responsibilities as a non-profit, such as preparing for an annual audit, meeting the criteria for incorporation, and managing the organization\u2019s insurance. <\/p>\n\n\n\n<p>Though the direction of the organization is decided by members of QPIRG-McGill, the staff are the ones who carry out these decisions and do all the hard behind the scenes work of ensuring these projects run smoothly. This includes our three full-time staff, three part-time student staff, and three summer positions. For more information on available positions, check out our <a href=\"http:\/\/qpirgmcgill.org\/fr\/jobs\/\">Offres d'emploi <\/a>page.<\/p>\n\n\n\n<p>As an organization committed to social justice, we also believe that this commitment extends to how we treat our employees. To begin, that means we believe that our staff should be paid a \u201cliving wage\u201d, that is, a wage that brings them above the poverty line. Minimum wage does not pay enough for an adult to live above the poverty line in Montreal. Many of our staff are paid through grants such as Young Canada Works, Emploi Quebec, McGill Work Study, and Canada Summer Jobs.<\/p>\n<\/div>\n\n\n\n<div class=\"wp-block-group has-global-padding is-layout-constrained wp-block-group-is-layout-constrained\">\n<h2 id=\"how-is-qpirg-funded\" class=\"wp-block-heading\">Comment le GRIP est-il financ\u00e9?<\/h2>\n\n\n\n<p>QPIRG is funded primarily through an opt-outable student fee levy of $6.75 per student per semester. We receive some additional funding through our fundraising efforts, the Work Study system at McGill, and some government grants that fund student summer jobs.<\/p>\n\n\n\n<p>Chaque ann\u00e9e, le GRIP publie un rapport annuel, qui comprend un rapport financier complet sur l'utilisation de nos fonds, ainsi qu'un r\u00e9sum\u00e9 de ce que nous avons accompli au cours de l'ann\u00e9e pr\u00e9c\u00e9dente.<\/p>\n\n\n\n<p>Ce rapport est disponible chaque ann\u00e9e lors de notre assembl\u00e9e g\u00e9n\u00e9rale annuelle (qui se tient g\u00e9n\u00e9ralement au d\u00e9but du mois d'avril), et publi\u00e9 en ligne peu apr\u00e8s. Pour consulter nos rapports annuels, <a href=\"https:\/\/qpirgmcgill.org\/fr\/documents-new\/\">cliquez ici<\/a>.<\/p>\n\n\n\n<p>All members are also welcome to reach out to QPIRG-McGill to learn more about what we do and the resources we provide.<\/p>\n<\/div>\n\n\n\n<div class=\"wp-block-group has-global-padding is-layout-constrained wp-block-group-is-layout-constrained\">\n<h2 id=\"what-does-it-mean-to-be-a-member\" class=\"wp-block-heading\">What does it mean to be a member?<\/h2>\n\n\n\n<p>En tant que membre du GRIP-McGill, vous pouvez voter lors de notre assembl\u00e9e g\u00e9n\u00e9rale annuelle et vous pr\u00e9senter au conseil d'administration. Vous avez acc\u00e8s \u00e0 une pl\u00e9thore d'avantages, notamment:<\/p>\n\n\n\n<ul class=\"wp-block-list\">\n<li>our photocopier and printer<\/li>\n\n\n\n<li>meeting space (QPIRG has two main meeting rooms available to any QPIRG member);&nbsp;<\/li>\n\n\n\n<li>opportunities to be published or receive class credit for meaningful research (student members are welcome to participate in the Community Research Program);<\/li>\n\n\n\n<li>le soutien \u00e0 vos projets (le GRIP finance des projets ponctuels ainsi que des projets plus durables gr\u00e2ce au financement des groupes de travail)&nbsp;<\/li>\n\n\n\n<li>an alternative library (we have over one thousand titles, including books, journals, magazines, zines, DVDs, and videos);<\/li>\n\n\n\n<li>la formation (notre conseil d'administration, notre personnel et les membres du groupe de travail offrent une formation sp\u00e9cifique sur la gestion organisationnelle, des formations sur les m\u00e9dias et divers ateliers)&nbsp;<\/li>\n\n\n\n<li>jobs (QPIRG McGill hires work study students every year to coordinate the library, the CURE project, and help with campus outreach, as well as students in the summer to coordinate Rad Frosh and School Schmool);<\/li>\n\n\n\n<li>educational events (we invite all our members to attend educational events we organize, such as Culture Shock, Spring into Action, and more!)<\/li>\n\n\n\n<li>la possibilit\u00e9 de s'impliquer en faisant du b\u00e9n\u00e9volat au sein de l'un de nos comit\u00e9s, qui apportent des comp\u00e9tences pr\u00e9cieuses dans des domaines tels que l'organisation d'\u00e9v\u00e9nements, la sensibilisation, les structures \u00e0 but non lucratif et l'accessibilit\u00e9<\/li>\n<\/ul>\n\n\n\n<p>Non-students can become members as well! Learn more on our <a data-type=\"page\" data-id=\"3800\" href=\"https:\/\/qpirgmcgill.org\/fr\/membership\/\">membership page.<\/a><\/p>\n<\/div>\n\n\n\n<div class=\"wp-block-group has-global-padding is-layout-constrained wp-block-group-is-layout-constrained\">\n<h2 id=\"our-services\" class=\"wp-block-heading\">Our Services<\/h2>\n\n\n\n<p>McGill students value a diverse and lively campus community. Students recognize that education is more than what you learn in class \u2013 it\u2019s about the people you meet and the experiences you have. <\/p>\n\n\n\n<p>We run an <a href=\"https:\/\/qpirgmcgill.org\/fr\/alternative-library\/\">Biblioth\u00e8que radicale<\/a>, host free events (like <a href=\"https:\/\/qpirgmcgill.org\/fr\/cs\/\">Culture Shock<\/a> and <a href=\"https:\/\/qpirgmcgill.org\/fr\/spring-into-action\/\">Printemps Militant<\/a>), organize <a href=\"https:\/\/qpirgmcgill.org\/fr\/rad-frosh\/\">Rad Frosh<\/a>, and support a variety of <a href=\"https:\/\/qpirgmcgill.org\/fr\/community-research\/\">Recherche communautaire<\/a> projects. We also offer <a href=\"https:\/\/qpirgmcgill.org\/fr\/discretionary-funding\/\">Financement discr\u00e9tionnaire<\/a> to local small-scale projects. <\/p>\n\n\n\n<p>QPIRG is an important part of campus life and an important home and resource to many, many students.<\/p>\n<\/div>\n<\/div>\n\n\n\n<div class=\"wp-block-column is-layout-flow wp-block-column-is-layout-flow\" style=\"flex-basis:33.33%\"><div role=\"navigation\" aria-label=\"Table of Contents\" class=\"simpletoc sticky-sidebar wp-block-simpletoc-toc\"><h2 class=\"simpletoc-title\">Table of Contents<\/h2>\n<style>html { scroll-behavior: smooth; }<\/style><ul class=\"simpletoc-list\">\n\n<li><a href=\"#what-is-qpirg\">What is QPIRG?<\/a>\n\n<\/li>\n<li><a href=\"#who-is-qpirg\">Qui est le GRIP?<\/a>\n\n<\/li>\n<li><a href=\"#qpirg-staff\">QPIRG Staff<\/a>\n\n<\/li>\n<li><a href=\"#how-is-qpirg-funded\">Comment le GRIP est-il financ\u00e9?<\/a>\n\n<\/li>\n<li><a href=\"#what-does-it-mean-to-be-a-member\">What does it mean to be a member?<\/a>\n\n<\/li>\n<li><a href=\"#our-services\">Our Services<\/a>\n<\/li><\/ul><\/div><\/div>\n<\/div>","protected":false},"excerpt":{"rendered":"<p>Who We Are What is QPIRG? QPIRG-McGill is a student-run, student-funded social and environmental justice organization. QPIRG-McGill facilitates research opportunities for students that link them up with the broader Montreal [&hellip;]<\/p>\n","protected":false},"author":1,"featured_media":0,"parent":0,"menu_order":0,"comment_status":"closed","ping_status":"closed","template":"","meta":{"_price":"","_stock":"","_tribe_ticket_header":"","_tribe_default_ticket_provider":"","_tribe_ticket_capacity":"0","_ticket_start_date":"","_ticket_end_date":"","_tribe_ticket_show_description":"","_tribe_ticket_show_not_going":false,"_tribe_ticket_use_global_stock":"","_tribe_ticket_global_stock_level":"","_global_stock_mode":"","_global_stock_cap":"","_tribe_rsvp_for_event":"","_tribe_ticket_going_count":"","_tribe_ticket_not_going_count":"","_tribe_tickets_list":"[]","_tribe_ticket_has_attendee_info_fields":false,"_EventAllDay":false,"_EventTimezone":"","_EventStartDate":"","_EventEndDate":"","_EventStartDateUTC":"","_EventEndDateUTC":"","_EventShowMap":false,"_EventShowMapLink":false,"_EventURL":"","_EventCost":"","_EventCostDescription":"","_EventCurrencySymbol":"","_EventCurrencyCode":"","_EventCurrencyPosition":"","_EventDateTimeSeparator":"","_EventTimeRangeSeparator":"","_EventOrganizerID":[],"_EventVenueID":[],"_OrganizerEmail":"","_OrganizerPhone":"","_OrganizerWebsite":"","_VenueAddress":"","_VenueCity":"","_VenueCountry":"","_VenueProvince":"","_VenueState":"","_VenueZip":"","_VenuePhone":"","_VenueURL":"","_VenueStateProvince":"","_VenueLat":"","_VenueLng":"","_VenueShowMap":false,"_VenueShowMapLink":false,"footnotes":"","_tec_slr_enabled":"","_tec_slr_layout":""},"class_list":["post-403","page","type-page","status-publish","hentry"],"yoast_head":"<!-- This site is optimized with the Yoast SEO plugin v27.5 - https:\/\/yoast.com\/product\/yoast-seo-wordpress\/ -->\n<title>Who we are &#8211; QPIRG McGill<\/title>\n<meta name=\"description\" content=\"QPIRG-McGill is a student-run, student-funded social and environmental justice organization. Read more about the free services we offer!\" \/>\n<meta name=\"robots\" content=\"index, follow, max-snippet:-1, max-image-preview:large, max-video-preview:-1\" \/>\n<link rel=\"canonical\" href=\"https:\/\/qpirgmcgill.org\/fr\/who-we-are\/\" \/>\n<meta property=\"og:locale\" content=\"fr_CA\" \/>\n<meta property=\"og:type\" content=\"article\" \/>\n<meta property=\"og:title\" content=\"Who we are &#8211; QPIRG McGill\" \/>\n<meta property=\"og:description\" content=\"QPIRG-McGill is a student-run, student-funded social and environmental justice organization. Read more about the free services we offer!\" \/>\n<meta property=\"og:url\" content=\"https:\/\/qpirgmcgill.org\/fr\/who-we-are\/\" \/>\n<meta property=\"og:site_name\" content=\"QPIRG McGill\" \/>\n<meta property=\"article:modified_time\" content=\"2025-11-18T19:50:08+00:00\" \/>\n<meta name=\"twitter:card\" content=\"summary_large_image\" \/>\n<meta name=\"twitter:label1\" content=\"Estimation du temps de lecture\" \/>\n\t<meta name=\"twitter:data1\" content=\"5 minutes\" \/>\n<script type=\"application\/ld+json\" class=\"yoast-schema-graph\">{\"@context\":\"https:\\\/\\\/schema.org\",\"@graph\":[{\"@type\":\"WebPage\",\"@id\":\"https:\\\/\\\/qpirgmcgill.org\\\/who-we-are\\\/\",\"url\":\"https:\\\/\\\/qpirgmcgill.org\\\/who-we-are\\\/\",\"name\":\"Who we are &#8211; QPIRG McGill\",\"isPartOf\":{\"@id\":\"https:\\\/\\\/qpirgmcgill.org\\\/#website\"},\"datePublished\":\"2017-07-03T02:57:58+00:00\",\"dateModified\":\"2025-11-18T19:50:08+00:00\",\"description\":\"QPIRG-McGill is a student-run, student-funded social and environmental justice organization. Read more about the free services we offer!\",\"breadcrumb\":{\"@id\":\"https:\\\/\\\/qpirgmcgill.org\\\/who-we-are\\\/#breadcrumb\"},\"inLanguage\":\"fr-CA\",\"potentialAction\":[{\"@type\":\"ReadAction\",\"target\":[\"https:\\\/\\\/qpirgmcgill.org\\\/who-we-are\\\/\"]}]},{\"@type\":\"BreadcrumbList\",\"@id\":\"https:\\\/\\\/qpirgmcgill.org\\\/who-we-are\\\/#breadcrumb\",\"itemListElement\":[{\"@type\":\"ListItem\",\"position\":1,\"name\":\"Home\",\"item\":\"https:\\\/\\\/qpirgmcgill.org\\\/\"},{\"@type\":\"ListItem\",\"position\":2,\"name\":\"Who we are\"}]},{\"@type\":\"WebSite\",\"@id\":\"https:\\\/\\\/qpirgmcgill.org\\\/#website\",\"url\":\"https:\\\/\\\/qpirgmcgill.org\\\/\",\"name\":\"QPIRG McGill\",\"description\":\"Action. Research. Justice.\",\"publisher\":{\"@id\":\"https:\\\/\\\/qpirgmcgill.org\\\/#organization\"},\"potentialAction\":[{\"@type\":\"SearchAction\",\"target\":{\"@type\":\"EntryPoint\",\"urlTemplate\":\"https:\\\/\\\/qpirgmcgill.org\\\/?s={search_term_string}\"},\"query-input\":{\"@type\":\"PropertyValueSpecification\",\"valueRequired\":true,\"valueName\":\"search_term_string\"}}],\"inLanguage\":\"fr-CA\"},{\"@type\":\"Organization\",\"@id\":\"https:\\\/\\\/qpirgmcgill.org\\\/#organization\",\"name\":\"QPIRG\",\"url\":\"https:\\\/\\\/qpirgmcgill.org\\\/\",\"logo\":{\"@type\":\"ImageObject\",\"inLanguage\":\"fr-CA\",\"@id\":\"https:\\\/\\\/qpirgmcgill.org\\\/#\\\/schema\\\/logo\\\/image\\\/\",\"url\":\"https:\\\/\\\/qpirgmcgill.org\\\/wp-content\\\/uploads\\\/2021\\\/11\\\/Logo_colour.png\",\"contentUrl\":\"https:\\\/\\\/qpirgmcgill.org\\\/wp-content\\\/uploads\\\/2021\\\/11\\\/Logo_colour.png\",\"width\":432,\"height\":432,\"caption\":\"QPIRG\"},\"image\":{\"@id\":\"https:\\\/\\\/qpirgmcgill.org\\\/#\\\/schema\\\/logo\\\/image\\\/\"},\"sameAs\":[\"https:\\\/\\\/instagram.com\\\/qpirgmcgill\"]}]}<\/script>\n<!-- \/ Yoast SEO plugin. -->","yoast_head_json":{"title":"Who we are &#8211; QPIRG McGill","description":"QPIRG-McGill is a student-run, student-funded social and environmental justice organization. Read more about the free services we offer!","robots":{"index":"index","follow":"follow","max-snippet":"max-snippet:-1","max-image-preview":"max-image-preview:large","max-video-preview":"max-video-preview:-1"},"canonical":"https:\/\/qpirgmcgill.org\/fr\/who-we-are\/","og_locale":"fr_CA","og_type":"article","og_title":"Who we are &#8211; QPIRG McGill","og_description":"QPIRG-McGill is a student-run, student-funded social and environmental justice organization. Read more about the free services we offer!","og_url":"https:\/\/qpirgmcgill.org\/fr\/who-we-are\/","og_site_name":"QPIRG McGill","article_modified_time":"2025-11-18T19:50:08+00:00","twitter_card":"summary_large_image","twitter_misc":{"Estimation du temps de lecture":"5 minutes"},"schema":{"@context":"https:\/\/schema.org","@graph":[{"@type":"WebPage","@id":"https:\/\/qpirgmcgill.org\/who-we-are\/","url":"https:\/\/qpirgmcgill.org\/who-we-are\/","name":"Who we are &#8211; QPIRG McGill","isPartOf":{"@id":"https:\/\/qpirgmcgill.org\/#website"},"datePublished":"2017-07-03T02:57:58+00:00","dateModified":"2025-11-18T19:50:08+00:00","description":"QPIRG-McGill is a student-run, student-funded social and environmental justice organization. Read more about the free services we offer!","breadcrumb":{"@id":"https:\/\/qpirgmcgill.org\/who-we-are\/#breadcrumb"},"inLanguage":"fr-CA","potentialAction":[{"@type":"ReadAction","target":["https:\/\/qpirgmcgill.org\/who-we-are\/"]}]},{"@type":"BreadcrumbList","@id":"https:\/\/qpirgmcgill.org\/who-we-are\/#breadcrumb","itemListElement":[{"@type":"ListItem","position":1,"name":"Home","item":"https:\/\/qpirgmcgill.org\/"},{"@type":"ListItem","position":2,"name":"Who we are"}]},{"@type":"WebSite","@id":"https:\/\/qpirgmcgill.org\/#website","url":"https:\/\/qpirgmcgill.org\/","name":"GRIP McGill","description":"Action. Research. Justice.","publisher":{"@id":"https:\/\/qpirgmcgill.org\/#organization"},"potentialAction":[{"@type":"SearchAction","target":{"@type":"EntryPoint","urlTemplate":"https:\/\/qpirgmcgill.org\/?s={search_term_string}"},"query-input":{"@type":"PropertyValueSpecification","valueRequired":true,"valueName":"search_term_string"}}],"inLanguage":"fr-CA"},{"@type":"Organization","@id":"https:\/\/qpirgmcgill.org\/#organization","name":"QPIRG","url":"https:\/\/qpirgmcgill.org\/","logo":{"@type":"ImageObject","inLanguage":"fr-CA","@id":"https:\/\/qpirgmcgill.org\/#\/schema\/logo\/image\/","url":"https:\/\/qpirgmcgill.org\/wp-content\/uploads\/2021\/11\/Logo_colour.png","contentUrl":"https:\/\/qpirgmcgill.org\/wp-content\/uploads\/2021\/11\/Logo_colour.png","width":432,"height":432,"caption":"QPIRG"},"image":{"@id":"https:\/\/qpirgmcgill.org\/#\/schema\/logo\/image\/"},"sameAs":["https:\/\/instagram.com\/qpirgmcgill"]}]}},"ticketed":false,"_links":{"self":[{"href":"https:\/\/qpirgmcgill.org\/fr\/wp-json\/wp\/v2\/pages\/403","targetHints":{"allow":["GET"]}}],"collection":[{"href":"https:\/\/qpirgmcgill.org\/fr\/wp-json\/wp\/v2\/pages"}],"about":[{"href":"https:\/\/qpirgmcgill.org\/fr\/wp-json\/wp\/v2\/types\/page"}],"author":[{"embeddable":true,"href":"https:\/\/qpirgmcgill.org\/fr\/wp-json\/wp\/v2\/users\/1"}],"replies":[{"embeddable":true,"href":"https:\/\/qpirgmcgill.org\/fr\/wp-json\/wp\/v2\/comments?post=403"}],"version-history":[{"count":38,"href":"https:\/\/qpirgmcgill.org\/fr\/wp-json\/wp\/v2\/pages\/403\/revisions"}],"predecessor-version":[{"id":5124,"href":"https:\/\/qpirgmcgill.org\/fr\/wp-json\/wp\/v2\/pages\/403\/revisions\/5124"}],"wp:attachment":[{"href":"https:\/\/qpirgmcgill.org\/fr\/wp-json\/wp\/v2\/media?parent=403"}],"curies":[{"name":"wp","href":"https:\/\/api.w.org\/{rel}","templated":true}]}}