{"id":4831,"date":"2025-08-18T15:47:10","date_gmt":"2025-08-18T19:47:10","guid":{"rendered":"https:\/\/qpirgmcgill.org\/?page_id=4831"},"modified":"2025-08-19T13:17:16","modified_gmt":"2025-08-19T17:17:16","slug":"graspe-archive","status":"publish","type":"page","link":"https:\/\/qpirgmcgill.org\/fr\/graspe-archive\/","title":{"rendered":"GRASP\u00e9 Archive"},"content":{"rendered":"<figure class=\"wp-block-image aligncenter size-full is-resized\"><img loading=\"lazy\" decoding=\"async\" width=\"479\" height=\"331\" src=\"https:\/\/qpirgmcgill.org\/wp-content\/uploads\/2025\/08\/logo-and-info-2.webp\" alt=\"\" class=\"wp-image-4833\" style=\"width:355px;height:auto\" srcset=\"https:\/\/qpirgmcgill.org\/wp-content\/uploads\/2025\/08\/logo-and-info-2.webp 479w, https:\/\/qpirgmcgill.org\/wp-content\/uploads\/2025\/08\/logo-and-info-2-300x207.webp 300w, https:\/\/qpirgmcgill.org\/wp-content\/uploads\/2025\/08\/logo-and-info-2-18x12.webp 18w\" sizes=\"auto, (max-width: 479px) 100vw, 479px\" \/><\/figure>\n\n\n<h1 class=\"has-text-align-center alignwide wp-block-post-title\">GRASP\u00e9 Archive<\/h1>\n\n\n<hr class=\"wp-block-separator alignwide has-alpha-channel-opacity\"\/>\n\n\n<nav class=\"has-medium-font-size is-responsive items-justified-space-between alignwide wp-block-navigation is-horizontal is-content-justification-space-between is-layout-flex wp-container-core-navigation-is-layout-f200d7a0 wp-block-navigation-is-layout-flex\" aria-label=\"Navigation\" \n\t\t data-wp-interactive=\"core\/navigation\" data-wp-context='{\"overlayOpenedBy\":{\"click\":false,\"hover\":false,\"focus\":false},\"type\":\"overlay\",\"roleAttribute\":\"\",\"ariaLabel\":\"Menu\"}'><button aria-haspopup=\"dialog\" aria-label=\"Ouvrir le menu\" class=\"wp-block-navigation__responsive-container-open\" \n\t\t\t\tdata-wp-on--click=\"actions.openMenuOnClick\"\n\t\t\t\tdata-wp-on--keydown=\"actions.handleMenuKeydown\"\n\t\t\t><svg width=\"24\" height=\"24\" xmlns=\"http:\/\/www.w3.org\/2000\/svg\" viewbox=\"0 0 24 24\" aria-hidden=\"true\" focusable=\"false\"><path d=\"M4 7.5h16v1.5H4z\"><\/path><path d=\"M4 15h16v1.5H4z\"><\/path><\/svg><\/button>\n\t\t\t\t<div class=\"wp-block-navigation__responsive-container\"  id=\"modal-1\" \n\t\t\t\tdata-wp-class--has-modal-open=\"state.isMenuOpen\"\n\t\t\t\tdata-wp-class--is-menu-open=\"state.isMenuOpen\"\n\t\t\t\tdata-wp-watch=\"callbacks.initMenu\"\n\t\t\t\tdata-wp-on--keydown=\"actions.handleMenuKeydown\"\n\t\t\t\tdata-wp-on--focusout=\"actions.handleMenuFocusout\"\n\t\t\t\ttabindex=\"-1\"\n\t\t\t>\n\t\t\t\t\t<div class=\"wp-block-navigation__responsive-close\" tabindex=\"-1\">\n\t\t\t\t\t\t<div class=\"wp-block-navigation__responsive-dialog\" \n\t\t\t\tdata-wp-bind--aria-modal=\"state.ariaModal\"\n\t\t\t\tdata-wp-bind--aria-label=\"state.ariaLabel\"\n\t\t\t\tdata-wp-bind--role=\"state.roleAttribute\"\n\t\t\t>\n\t\t\t\t\t\t\t<button aria-label=\"Fermer le menu\" class=\"wp-block-navigation__responsive-container-close\" \n\t\t\t\tdata-wp-on--click=\"actions.closeMenuOnClick\"\n\t\t\t><svg xmlns=\"http:\/\/www.w3.org\/2000\/svg\" viewbox=\"0 0 24 24\" width=\"24\" height=\"24\" aria-hidden=\"true\" focusable=\"false\"><path d=\"m13.06 12 6.47-6.47-1.06-1.06L12 10.94 5.53 4.47 4.47 5.53 10.94 12l-6.47 6.47 1.06 1.06L12 13.06l6.47 6.47 1.06-1.06L13.06 12Z\"><\/path><\/svg><\/button>\n\t\t\t\t\t\t\t<div class=\"wp-block-navigation__responsive-container-content\" \n\t\t\t\tdata-wp-watch=\"callbacks.focusFirstElement\"\n\t\t\t id=\"modal-1-content\">\n\t\t\t\t\t\t\t\t<ul class=\"wp-block-navigation__container has-medium-font-size is-responsive items-justified-space-between alignwide wp-block-navigation has-medium-font-size\"><li class=\"has-medium-font-size wp-block-navigation-item wp-block-navigation-link has-medium-font-size\"><a class=\"wp-block-navigation-item__content\"  href=\"https:\/\/qpirgmcgill.org\/fr\/graspe-archive\/\"><span class=\"wp-block-navigation-item__label\">About GRASP\u00e9<\/span><\/a><\/li><li class=\"has-medium-font-size wp-block-navigation-item wp-block-navigation-link has-medium-font-size\"><a class=\"wp-block-navigation-item__content\"  href=\"https:\/\/qpirgmcgill.org\/fr\/graspe-archive-goals\/\"><span class=\"wp-block-navigation-item__label\">Goals<\/span><\/a><\/li><li class=\"has-medium-font-size wp-block-navigation-item wp-block-navigation-link has-medium-font-size\"><a class=\"wp-block-navigation-item__content\"  href=\"https:\/\/qpirgmcgill.org\/fr\/graspe-archive-history\/\"><span class=\"wp-block-navigation-item__label\">History<\/span><\/a><\/li><li class=\"has-medium-font-size wp-block-navigation-item wp-block-navigation-link has-medium-font-size\"><a class=\"wp-block-navigation-item__content\"  href=\"https:\/\/qpirgmcgill.org\/fr\/graspe-archive\/graspe-archive-links\/\"><span class=\"wp-block-navigation-item__label\">Links<\/span><\/a><\/li><li class=\"has-medium-font-size wp-block-navigation-item wp-block-navigation-link has-medium-font-size\"><a class=\"wp-block-navigation-item__content\"  href=\"https:\/\/qpirgmcgill.org\/fr\/graspe-archive\/graspe-archive-blog\/\"><span class=\"wp-block-navigation-item__label\">Blog<\/span><\/a><\/li><\/ul>\n\t\t\t\t\t\t\t<\/div>\n\t\t\t\t\t\t<\/div>\n\t\t\t\t\t<\/div>\n\t\t\t\t<\/div><\/nav>\n\n\n<div style=\"height:45px\" aria-hidden=\"true\" class=\"wp-block-spacer\"><\/div>\n\n\n\n<div class=\"wp-block-group alignwide has-global-padding is-layout-constrained wp-container-core-group-is-layout-0c9c989a wp-block-group-is-layout-constrained\" style=\"min-height:0vh;margin-top:0;margin-bottom:0;padding-top:var(--wp--preset--spacing--70);padding-right:var(--wp--preset--spacing--40);padding-bottom:var(--wp--preset--spacing--70);padding-left:var(--wp--preset--spacing--40)\">\n<figure class=\"wp-block-image aligncenter size-full is-resized\"><img loading=\"lazy\" decoding=\"async\" width=\"195\" height=\"42\" src=\"https:\/\/qpirgmcgill.org\/wp-content\/uploads\/2025\/08\/demonstration.gif\" alt=\"\" class=\"wp-image-4836\" style=\"width:645px;height:auto\"\/><\/figure>\n\n\n\n<div class=\"wp-block-group has-global-padding is-layout-constrained wp-container-core-group-is-layout-346627ba wp-block-group-is-layout-constrained\">\n<p class=\"has-text-align-center\"><em>All information has been extracted from the GRASP\u00e9-McGill website. This work is not our own*<\/em><\/p>\n\n\n\n<p class=\"has-text-align-center\">Here is the webarchive page: <\/p>\n\n\n\n<div class=\"wp-block-buttons is-content-justification-center is-layout-flex wp-container-core-buttons-is-layout-a89b3969 wp-block-buttons-is-layout-flex\">\n<div class=\"wp-block-button\"><a class=\"wp-block-button__link wp-element-button\" href=\"https:\/\/grasp.wordpress.com\/\">Grasp\u00e9 Webarchive<\/a><\/div>\n<\/div>\n<\/div>\n\n\n\n<div style=\"height:45px\" aria-hidden=\"true\" class=\"wp-block-spacer\"><\/div>\n\n\n\n<div class=\"wp-block-group alignwide has-global-padding is-layout-constrained wp-block-group-is-layout-constrained\"><h1 class=\"wp-block-heading\" id=\"about-graspe\">About GRASP\u00e9<\/h1>\n\n\n<p class=\"is-style-default has-medium-font-size\"><br><strong>Le Groupe d\u2019action et de sensibilisation au pouvoir \u00e9tudiant \/ GrassRoots Association for Student Power (GRASP\u00e9)<\/strong> est un groupe autonome d\u2019\u00e9tudiant-e-s de McGill s\u2019organisant sur des bases <em>non-hi\u00e9rarchique<\/em> et de prise de d\u00e9cision par <em>consensus<\/em>. Il vise \u00e0 passer \u00e0 l\u2019action afin de provoquer un changement politique et social radical. Le GRASP\u00e9 soutient les \u00e9tudiant-e-s dans la r\u00e9appropriation de leur universit\u00e9 des mains des bureaucrates qui s\u2019attaquent aux services \u00e9tudiants, augmentent ill\u00e9galement les frais de scolarit\u00e9 internationaux et compromettent le gel des frais de scolarit\u00e9. Le GRASP\u00e9 travaille aussi avec les mouvements sociaux dans leurs efforts de construction d\u2019une societ\u00e9 plus juste, libre et \u00e9galitaire.<\/p>\n\n\n\n<p class=\"is-style-default has-medium-font-size\"><strong>The GrassRoots Association for Student Power \/ Groupe d\u2019action et de sensibilisation au pouvoir \u00e9tudiant (GRASP\u00e9)<\/strong> is an <em>autonomous, non-hierarchical <\/em>group of McGill students committed to direct action who organize on a <em>consensus-based model <\/em>to further radical political and social change both on and off campus. On campus GRASP\u00e9 seeks to empower students to take back their university from the sort of callous administrators and bureacrats who have expelled essential student services, illegally raised international tuition, and repeatedly undermined the tuition freeze. Off campus GRASP\u00e9 works with wider social movements in an effort to build a more just, free and equal society.<\/p>\n<\/div>\n<\/div>","protected":false},"excerpt":{"rendered":"<p>All information has been extracted from the GRASP\u00e9-McGill website. This work is not our own* Here is the webarchive page: About GRASP\u00e9 Le Groupe d\u2019action et de sensibilisation au pouvoir [&hellip;]<\/p>\n","protected":false},"author":1,"featured_media":0,"parent":0,"menu_order":0,"comment_status":"closed","ping_status":"closed","template":"","meta":{"_price":"","_stock":"","_tribe_ticket_header":"","_tribe_default_ticket_provider":"","_tribe_ticket_capacity":"0","_ticket_start_date":"","_ticket_end_date":"","_tribe_ticket_show_description":"","_tribe_ticket_show_not_going":false,"_tribe_ticket_use_global_stock":"","_tribe_ticket_global_stock_level":"","_global_stock_mode":"","_global_stock_cap":"","_tribe_rsvp_for_event":"","_tribe_ticket_going_count":"","_tribe_ticket_not_going_count":"","_tribe_tickets_list":"[]","_tribe_ticket_has_attendee_info_fields":false,"_EventAllDay":false,"_EventTimezone":"","_EventStartDate":"","_EventEndDate":"","_EventStartDateUTC":"","_EventEndDateUTC":"","_EventShowMap":false,"_EventShowMapLink":false,"_EventURL":"","_EventCost":"","_EventCostDescription":"","_EventCurrencySymbol":"","_EventCurrencyCode":"","_EventCurrencyPosition":"","_EventDateTimeSeparator":"","_EventTimeRangeSeparator":"","_EventOrganizerID":[],"_EventVenueID":[],"_OrganizerEmail":"","_OrganizerPhone":"","_OrganizerWebsite":"","_VenueAddress":"","_VenueCity":"","_VenueCountry":"","_VenueProvince":"","_VenueState":"","_VenueZip":"","_VenuePhone":"","_VenueURL":"","_VenueStateProvince":"","_VenueLat":"","_VenueLng":"","_VenueShowMap":false,"_VenueShowMapLink":false,"footnotes":"","_tec_slr_enabled":"","_tec_slr_layout":""},"class_list":["post-4831","page","type-page","status-publish","hentry"],"yoast_head":"<!-- This site is optimized with the Yoast SEO plugin v27.4 - https:\/\/yoast.com\/product\/yoast-seo-wordpress\/ -->\n<title>GRASP\u00e9 Archive &#8211; QPIRG McGill<\/title>\n<meta name=\"description\" content=\"Archive of the GrassRoots Association for Student Power \/ Groupe d\u2019action et de sensibilisation au pouvoir \u00e9tudiant (GRASP\u00e9).\" \/>\n<meta name=\"robots\" content=\"index, follow, max-snippet:-1, max-image-preview:large, max-video-preview:-1\" \/>\n<link rel=\"canonical\" href=\"https:\/\/qpirgmcgill.org\/fr\/graspe-archive\/\" \/>\n<meta property=\"og:locale\" content=\"fr_CA\" \/>\n<meta property=\"og:type\" content=\"article\" \/>\n<meta property=\"og:title\" content=\"GRASP\u00e9 Archive &#8211; QPIRG McGill\" \/>\n<meta property=\"og:description\" content=\"Archive of the GrassRoots Association for Student Power \/ Groupe d\u2019action et de sensibilisation au pouvoir \u00e9tudiant (GRASP\u00e9).\" \/>\n<meta property=\"og:url\" content=\"https:\/\/qpirgmcgill.org\/fr\/graspe-archive\/\" \/>\n<meta property=\"og:site_name\" content=\"QPIRG McGill\" \/>\n<meta property=\"article:modified_time\" content=\"2025-08-19T17:17:16+00:00\" \/>\n<meta property=\"og:image\" content=\"https:\/\/qpirgmcgill.org\/wp-content\/uploads\/2025\/08\/logo-and-info-2.webp\" \/>\n\t<meta property=\"og:image:width\" content=\"479\" \/>\n\t<meta property=\"og:image:height\" content=\"331\" \/>\n\t<meta property=\"og:image:type\" content=\"image\/webp\" \/>\n<meta name=\"twitter:card\" content=\"summary_large_image\" \/>\n<meta name=\"twitter:label1\" content=\"Estimation du temps de lecture\" \/>\n\t<meta name=\"twitter:data1\" content=\"2 minutes\" \/>\n<script type=\"application\/ld+json\" class=\"yoast-schema-graph\">{\"@context\":\"https:\\\/\\\/schema.org\",\"@graph\":[{\"@type\":\"WebPage\",\"@id\":\"https:\\\/\\\/qpirgmcgill.org\\\/graspe-archive\\\/\",\"url\":\"https:\\\/\\\/qpirgmcgill.org\\\/graspe-archive\\\/\",\"name\":\"GRASP\u00e9 Archive &#8211; QPIRG McGill\",\"isPartOf\":{\"@id\":\"https:\\\/\\\/qpirgmcgill.org\\\/#website\"},\"primaryImageOfPage\":{\"@id\":\"https:\\\/\\\/qpirgmcgill.org\\\/graspe-archive\\\/#primaryimage\"},\"image\":{\"@id\":\"https:\\\/\\\/qpirgmcgill.org\\\/graspe-archive\\\/#primaryimage\"},\"thumbnailUrl\":\"https:\\\/\\\/qpirgmcgill.org\\\/wp-content\\\/uploads\\\/2025\\\/08\\\/logo-and-info-2.webp\",\"datePublished\":\"2025-08-18T19:47:10+00:00\",\"dateModified\":\"2025-08-19T17:17:16+00:00\",\"description\":\"Archive of the GrassRoots Association for Student Power \\\/ Groupe d\u2019action et de sensibilisation au pouvoir \u00e9tudiant (GRASP\u00e9).\",\"breadcrumb\":{\"@id\":\"https:\\\/\\\/qpirgmcgill.org\\\/graspe-archive\\\/#breadcrumb\"},\"inLanguage\":\"fr-CA\",\"potentialAction\":[{\"@type\":\"ReadAction\",\"target\":[\"https:\\\/\\\/qpirgmcgill.org\\\/graspe-archive\\\/\"]}]},{\"@type\":\"ImageObject\",\"inLanguage\":\"fr-CA\",\"@id\":\"https:\\\/\\\/qpirgmcgill.org\\\/graspe-archive\\\/#primaryimage\",\"url\":\"https:\\\/\\\/qpirgmcgill.org\\\/wp-content\\\/uploads\\\/2025\\\/08\\\/logo-and-info-2.webp\",\"contentUrl\":\"https:\\\/\\\/qpirgmcgill.org\\\/wp-content\\\/uploads\\\/2025\\\/08\\\/logo-and-info-2.webp\"},{\"@type\":\"BreadcrumbList\",\"@id\":\"https:\\\/\\\/qpirgmcgill.org\\\/graspe-archive\\\/#breadcrumb\",\"itemListElement\":[{\"@type\":\"ListItem\",\"position\":1,\"name\":\"Home\",\"item\":\"https:\\\/\\\/qpirgmcgill.org\\\/\"},{\"@type\":\"ListItem\",\"position\":2,\"name\":\"GRASP\u00e9 Archive\"}]},{\"@type\":\"WebSite\",\"@id\":\"https:\\\/\\\/qpirgmcgill.org\\\/#website\",\"url\":\"https:\\\/\\\/qpirgmcgill.org\\\/\",\"name\":\"QPIRG McGill\",\"description\":\"Action. Research. Justice.\",\"publisher\":{\"@id\":\"https:\\\/\\\/qpirgmcgill.org\\\/#organization\"},\"potentialAction\":[{\"@type\":\"SearchAction\",\"target\":{\"@type\":\"EntryPoint\",\"urlTemplate\":\"https:\\\/\\\/qpirgmcgill.org\\\/?s={search_term_string}\"},\"query-input\":{\"@type\":\"PropertyValueSpecification\",\"valueRequired\":true,\"valueName\":\"search_term_string\"}}],\"inLanguage\":\"fr-CA\"},{\"@type\":\"Organization\",\"@id\":\"https:\\\/\\\/qpirgmcgill.org\\\/#organization\",\"name\":\"QPIRG\",\"url\":\"https:\\\/\\\/qpirgmcgill.org\\\/\",\"logo\":{\"@type\":\"ImageObject\",\"inLanguage\":\"fr-CA\",\"@id\":\"https:\\\/\\\/qpirgmcgill.org\\\/#\\\/schema\\\/logo\\\/image\\\/\",\"url\":\"https:\\\/\\\/qpirgmcgill.org\\\/wp-content\\\/uploads\\\/2021\\\/11\\\/Logo_colour.png\",\"contentUrl\":\"https:\\\/\\\/qpirgmcgill.org\\\/wp-content\\\/uploads\\\/2021\\\/11\\\/Logo_colour.png\",\"width\":432,\"height\":432,\"caption\":\"QPIRG\"},\"image\":{\"@id\":\"https:\\\/\\\/qpirgmcgill.org\\\/#\\\/schema\\\/logo\\\/image\\\/\"},\"sameAs\":[\"https:\\\/\\\/instagram.com\\\/qpirgmcgill\"]}]}<\/script>\n<!-- \/ Yoast SEO plugin. -->","yoast_head_json":{"title":"GRASP\u00e9 Archive &#8211; QPIRG McGill","description":"Archive of the GrassRoots Association for Student Power \/ Groupe d\u2019action et de sensibilisation au pouvoir \u00e9tudiant (GRASP\u00e9).","robots":{"index":"index","follow":"follow","max-snippet":"max-snippet:-1","max-image-preview":"max-image-preview:large","max-video-preview":"max-video-preview:-1"},"canonical":"https:\/\/qpirgmcgill.org\/fr\/graspe-archive\/","og_locale":"fr_CA","og_type":"article","og_title":"GRASP\u00e9 Archive &#8211; QPIRG McGill","og_description":"Archive of the GrassRoots Association for Student Power \/ Groupe d\u2019action et de sensibilisation au pouvoir \u00e9tudiant (GRASP\u00e9).","og_url":"https:\/\/qpirgmcgill.org\/fr\/graspe-archive\/","og_site_name":"QPIRG McGill","article_modified_time":"2025-08-19T17:17:16+00:00","og_image":[{"width":479,"height":331,"url":"https:\/\/qpirgmcgill.org\/wp-content\/uploads\/2025\/08\/logo-and-info-2.webp","type":"image\/webp"}],"twitter_card":"summary_large_image","twitter_misc":{"Estimation du temps de lecture":"2 minutes"},"schema":{"@context":"https:\/\/schema.org","@graph":[{"@type":"WebPage","@id":"https:\/\/qpirgmcgill.org\/graspe-archive\/","url":"https:\/\/qpirgmcgill.org\/graspe-archive\/","name":"GRASP\u00e9 Archive &#8211; QPIRG McGill","isPartOf":{"@id":"https:\/\/qpirgmcgill.org\/#website"},"primaryImageOfPage":{"@id":"https:\/\/qpirgmcgill.org\/graspe-archive\/#primaryimage"},"image":{"@id":"https:\/\/qpirgmcgill.org\/graspe-archive\/#primaryimage"},"thumbnailUrl":"https:\/\/qpirgmcgill.org\/wp-content\/uploads\/2025\/08\/logo-and-info-2.webp","datePublished":"2025-08-18T19:47:10+00:00","dateModified":"2025-08-19T17:17:16+00:00","description":"Archive of the GrassRoots Association for Student Power \/ Groupe d\u2019action et de sensibilisation au pouvoir \u00e9tudiant (GRASP\u00e9).","breadcrumb":{"@id":"https:\/\/qpirgmcgill.org\/graspe-archive\/#breadcrumb"},"inLanguage":"fr-CA","potentialAction":[{"@type":"ReadAction","target":["https:\/\/qpirgmcgill.org\/graspe-archive\/"]}]},{"@type":"ImageObject","inLanguage":"fr-CA","@id":"https:\/\/qpirgmcgill.org\/graspe-archive\/#primaryimage","url":"https:\/\/qpirgmcgill.org\/wp-content\/uploads\/2025\/08\/logo-and-info-2.webp","contentUrl":"https:\/\/qpirgmcgill.org\/wp-content\/uploads\/2025\/08\/logo-and-info-2.webp"},{"@type":"BreadcrumbList","@id":"https:\/\/qpirgmcgill.org\/graspe-archive\/#breadcrumb","itemListElement":[{"@type":"ListItem","position":1,"name":"Home","item":"https:\/\/qpirgmcgill.org\/"},{"@type":"ListItem","position":2,"name":"GRASP\u00e9 Archive"}]},{"@type":"WebSite","@id":"https:\/\/qpirgmcgill.org\/#website","url":"https:\/\/qpirgmcgill.org\/","name":"GRIP McGill","description":"Action. Research. Justice.","publisher":{"@id":"https:\/\/qpirgmcgill.org\/#organization"},"potentialAction":[{"@type":"SearchAction","target":{"@type":"EntryPoint","urlTemplate":"https:\/\/qpirgmcgill.org\/?s={search_term_string}"},"query-input":{"@type":"PropertyValueSpecification","valueRequired":true,"valueName":"search_term_string"}}],"inLanguage":"fr-CA"},{"@type":"Organization","@id":"https:\/\/qpirgmcgill.org\/#organization","name":"QPIRG","url":"https:\/\/qpirgmcgill.org\/","logo":{"@type":"ImageObject","inLanguage":"fr-CA","@id":"https:\/\/qpirgmcgill.org\/#\/schema\/logo\/image\/","url":"https:\/\/qpirgmcgill.org\/wp-content\/uploads\/2021\/11\/Logo_colour.png","contentUrl":"https:\/\/qpirgmcgill.org\/wp-content\/uploads\/2021\/11\/Logo_colour.png","width":432,"height":432,"caption":"QPIRG"},"image":{"@id":"https:\/\/qpirgmcgill.org\/#\/schema\/logo\/image\/"},"sameAs":["https:\/\/instagram.com\/qpirgmcgill"]}]}},"ticketed":false,"_links":{"self":[{"href":"https:\/\/qpirgmcgill.org\/fr\/wp-json\/wp\/v2\/pages\/4831","targetHints":{"allow":["GET"]}}],"collection":[{"href":"https:\/\/qpirgmcgill.org\/fr\/wp-json\/wp\/v2\/pages"}],"about":[{"href":"https:\/\/qpirgmcgill.org\/fr\/wp-json\/wp\/v2\/types\/page"}],"author":[{"embeddable":true,"href":"https:\/\/qpirgmcgill.org\/fr\/wp-json\/wp\/v2\/users\/1"}],"replies":[{"embeddable":true,"href":"https:\/\/qpirgmcgill.org\/fr\/wp-json\/wp\/v2\/comments?post=4831"}],"version-history":[{"count":5,"href":"https:\/\/qpirgmcgill.org\/fr\/wp-json\/wp\/v2\/pages\/4831\/revisions"}],"predecessor-version":[{"id":4878,"href":"https:\/\/qpirgmcgill.org\/fr\/wp-json\/wp\/v2\/pages\/4831\/revisions\/4878"}],"wp:attachment":[{"href":"https:\/\/qpirgmcgill.org\/fr\/wp-json\/wp\/v2\/media?parent=4831"}],"curies":[{"name":"wp","href":"https:\/\/api.w.org\/{rel}","templated":true}]}}